{"id":13466,"date":"2018-04-19T17:40:05","date_gmt":"2018-04-19T15:40:05","guid":{"rendered":"http:\/\/www.nuovabristot.com\/prodotto\/alberelli\/"},"modified":"2018-11-16T11:54:31","modified_gmt":"2018-11-16T10:54:31","slug":"alberelli","status":"publish","type":"product","link":"https:\/\/www.nuovabristot.com\/fr\/prodotto\/alberelli\/","title":{"rendered":"Alberelli"},"content":{"rendered":"<h4><strong>Plateau pour gr.200<\/strong><\/h4>\n<p><strong>Ingr\u00e9dients:<\/strong> p\u00e2te d&rsquo;amandes (sucre, l\u00e9gumineuses &#8211; soja, amandes 10%, amidon de pomme de terre modifi\u00e9e, huile v\u00e9g\u00e9tale &#8211; colza -, noyaux d&rsquo;abricot, sel, conservateur: E202, ar\u00f4me), sucre, noyaux d&rsquo;abricot, eau, zeste d&rsquo;orange (peau d&rsquo;orange cubes, sirop de glucose-fructose, sucre, acide citrique), flocons de pommes de terre, blanc d&rsquo;oeuf, \u00e9mulsifiant: l\u00e9cithine de soja, miel, ar\u00f4mes, vanilline, conservateur: E200.<\/p>\n<p><em>Contient du lait et des produits laitiers, les c\u00e9r\u00e9ales contenant du gluten<\/em><\/p>\n<p>Caract\u00e9ristiques nutritionnelles (g\/100 g)<\/p>\n<p><strong>\u00e9nergie<\/strong> 1.652 kJ \/ 393 kcal<br \/>\n<strong>Graisse<\/strong> 12,1 g<br \/>\ndont acides gras satur\u00e9s 0,9 g<br \/>\n<strong>Glucides<\/strong> 60,4 g<br \/>\ndont le sucre 52,3 g<br \/>\n<strong>Prot\u00e9ines<\/strong>\u00a08,6 g<br \/>\n<strong>Sel<\/strong> 0,2 g<\/p>\n","protected":false},"excerpt":{"rendered":"<p>Plateau pour gr.200 Ingr\u00e9dients: p\u00e2te d&rsquo;amandes (sucre, l\u00e9gumineuses &#8211; soja, amandes 10%, amidon de pomme de terre modifi\u00e9e, huile v\u00e9g\u00e9tale &#8211; colza -, noyaux d&rsquo;abricot, sel, conservateur: E202, ar\u00f4me), sucre, noyaux d&rsquo;abricot, eau, zeste d&rsquo;orange (peau d&rsquo;orange cubes, sirop de [&hellip;]<\/p>\n","protected":false},"featured_media":13180,"template":"","meta":[],"product_brand":[],"product_cat":[306],"product_tag":[],"class_list":{"0":"post-13466","1":"product","2":"type-product","3":"status-publish","4":"has-post-thumbnail","6":"product_cat-fetes-noel","8":"first","9":"instock","10":"shipping-taxable","11":"product-type-simple"},"yoast_head":"<!-- This site is optimized with the Yoast SEO plugin v27.3 - https:\/\/yoast.com\/product\/yoast-seo-wordpress\/ -->\n<title>Alberelli | Pasticceria artigianale Bristot<\/title>\n<meta name=\"robots\" content=\"index, follow, max-snippet:-1, max-image-preview:large, max-video-preview:-1\" \/>\n<link rel=\"canonical\" href=\"https:\/\/www.nuovabristot.com\/prodotto\/alberelli\/\" \/>\n<meta property=\"og:locale\" content=\"fr_FR\" \/>\n<meta property=\"og:type\" content=\"article\" \/>\n<meta property=\"og:title\" content=\"Alberelli | Pasticceria artigianale Bristot\" \/>\n<meta property=\"og:description\" content=\"Plateau pour gr.200 Ingr\u00e9dients: p\u00e2te d&rsquo;amandes (sucre, l\u00e9gumineuses &#8211; soja, amandes 10%, amidon de pomme de terre modifi\u00e9e, huile v\u00e9g\u00e9tale &#8211; colza -, noyaux d&rsquo;abricot, sel, conservateur: E202, ar\u00f4me), sucre, noyaux d&rsquo;abricot, eau, zeste d&rsquo;orange (peau d&rsquo;orange cubes, sirop de [&hellip;]\" \/>\n<meta property=\"og:url\" content=\"https:\/\/www.nuovabristot.com\/prodotto\/alberelli\/\" \/>\n<meta property=\"og:site_name\" content=\"Pasticceria artigianale Bristot\" \/>\n<meta property=\"article:publisher\" content=\"https:\/\/www.facebook.com\/Bristot-Pasticceria-1593771654184740\/\" \/>\n<meta property=\"article:modified_time\" content=\"2018-11-16T10:54:31+00:00\" \/>\n<meta property=\"og:image\" content=\"https:\/\/www.nuovabristot.com\/wp-content\/uploads\/2018\/04\/alberelli-01.jpg\" \/>\n\t<meta property=\"og:image:width\" content=\"800\" \/>\n\t<meta property=\"og:image:height\" content=\"600\" \/>\n\t<meta property=\"og:image:type\" content=\"image\/jpeg\" \/>\n<meta name=\"twitter:card\" content=\"summary_large_image\" \/>\n<meta name=\"twitter:label1\" content=\"Dur\u00e9e de lecture estim\u00e9e\" \/>\n\t<meta name=\"twitter:data1\" content=\"1 minute\" \/>\n<script type=\"application\/ld+json\" class=\"yoast-schema-graph\">{\"@context\":\"https:\\\/\\\/schema.org\",\"@graph\":[{\"@type\":\"WebPage\",\"@id\":\"https:\\\/\\\/www.nuovabristot.com\\\/prodotto\\\/alberelli\\\/\",\"url\":\"https:\\\/\\\/www.nuovabristot.com\\\/prodotto\\\/alberelli\\\/\",\"name\":\"Alberelli | Pasticceria artigianale Bristot\",\"isPartOf\":{\"@id\":\"https:\\\/\\\/www.nuovabristot.com\\\/#website\"},\"primaryImageOfPage\":{\"@id\":\"https:\\\/\\\/www.nuovabristot.com\\\/prodotto\\\/alberelli\\\/#primaryimage\"},\"image\":{\"@id\":\"https:\\\/\\\/www.nuovabristot.com\\\/prodotto\\\/alberelli\\\/#primaryimage\"},\"thumbnailUrl\":\"https:\\\/\\\/www.nuovabristot.com\\\/wp-content\\\/uploads\\\/2018\\\/04\\\/alberelli-01.jpg\",\"datePublished\":\"2018-04-19T15:40:05+00:00\",\"dateModified\":\"2018-11-16T10:54:31+00:00\",\"breadcrumb\":{\"@id\":\"https:\\\/\\\/www.nuovabristot.com\\\/prodotto\\\/alberelli\\\/#breadcrumb\"},\"inLanguage\":\"fr-FR\",\"potentialAction\":[{\"@type\":\"ReadAction\",\"target\":[\"https:\\\/\\\/www.nuovabristot.com\\\/prodotto\\\/alberelli\\\/\"]}]},{\"@type\":\"ImageObject\",\"inLanguage\":\"fr-FR\",\"@id\":\"https:\\\/\\\/www.nuovabristot.com\\\/prodotto\\\/alberelli\\\/#primaryimage\",\"url\":\"https:\\\/\\\/www.nuovabristot.com\\\/wp-content\\\/uploads\\\/2018\\\/04\\\/alberelli-01.jpg\",\"contentUrl\":\"https:\\\/\\\/www.nuovabristot.com\\\/wp-content\\\/uploads\\\/2018\\\/04\\\/alberelli-01.jpg\",\"width\":800,\"height\":600},{\"@type\":\"BreadcrumbList\",\"@id\":\"https:\\\/\\\/www.nuovabristot.com\\\/prodotto\\\/alberelli\\\/#breadcrumb\",\"itemListElement\":[{\"@type\":\"ListItem\",\"position\":1,\"name\":\"Home\",\"item\":\"https:\\\/\\\/www.nuovabristot.com\\\/fr\\\/\"},{\"@type\":\"ListItem\",\"position\":2,\"name\":\"Negozio\",\"item\":\"https:\\\/\\\/www.nuovabristot.com\\\/negozio\\\/\"},{\"@type\":\"ListItem\",\"position\":3,\"name\":\"Alberelli\"}]},{\"@type\":\"WebSite\",\"@id\":\"https:\\\/\\\/www.nuovabristot.com\\\/#website\",\"url\":\"https:\\\/\\\/www.nuovabristot.com\\\/\",\"name\":\"Pasticceria artigianale Bristot\",\"description\":\"Bont&agrave; dolci e salate della tradizione Toscana\",\"publisher\":{\"@id\":\"https:\\\/\\\/www.nuovabristot.com\\\/#organization\"},\"potentialAction\":[{\"@type\":\"SearchAction\",\"target\":{\"@type\":\"EntryPoint\",\"urlTemplate\":\"https:\\\/\\\/www.nuovabristot.com\\\/?s={search_term_string}\"},\"query-input\":{\"@type\":\"PropertyValueSpecification\",\"valueRequired\":true,\"valueName\":\"search_term_string\"}}],\"inLanguage\":\"fr-FR\"},{\"@type\":\"Organization\",\"@id\":\"https:\\\/\\\/www.nuovabristot.com\\\/#organization\",\"name\":\"Pasticceria artigianale Bristot - vendita biscotti online\",\"url\":\"https:\\\/\\\/www.nuovabristot.com\\\/\",\"logo\":{\"@type\":\"ImageObject\",\"inLanguage\":\"fr-FR\",\"@id\":\"https:\\\/\\\/www.nuovabristot.com\\\/#\\\/schema\\\/logo\\\/image\\\/\",\"url\":\"https:\\\/\\\/www.nuovabristot.com\\\/wp-content\\\/uploads\\\/2018\\\/02\\\/logo.png\",\"contentUrl\":\"https:\\\/\\\/www.nuovabristot.com\\\/wp-content\\\/uploads\\\/2018\\\/02\\\/logo.png\",\"width\":560,\"height\":310,\"caption\":\"Pasticceria artigianale Bristot - vendita biscotti online\"},\"image\":{\"@id\":\"https:\\\/\\\/www.nuovabristot.com\\\/#\\\/schema\\\/logo\\\/image\\\/\"},\"sameAs\":[\"https:\\\/\\\/www.facebook.com\\\/Bristot-Pasticceria-1593771654184740\\\/\"]}]}<\/script>\n<!-- \/ Yoast SEO plugin. -->","yoast_head_json":{"title":"Alberelli | Pasticceria artigianale Bristot","robots":{"index":"index","follow":"follow","max-snippet":"max-snippet:-1","max-image-preview":"max-image-preview:large","max-video-preview":"max-video-preview:-1"},"canonical":"https:\/\/www.nuovabristot.com\/prodotto\/alberelli\/","og_locale":"fr_FR","og_type":"article","og_title":"Alberelli | Pasticceria artigianale Bristot","og_description":"Plateau pour gr.200 Ingr\u00e9dients: p\u00e2te d&rsquo;amandes (sucre, l\u00e9gumineuses &#8211; soja, amandes 10%, amidon de pomme de terre modifi\u00e9e, huile v\u00e9g\u00e9tale &#8211; colza -, noyaux d&rsquo;abricot, sel, conservateur: E202, ar\u00f4me), sucre, noyaux d&rsquo;abricot, eau, zeste d&rsquo;orange (peau d&rsquo;orange cubes, sirop de [&hellip;]","og_url":"https:\/\/www.nuovabristot.com\/prodotto\/alberelli\/","og_site_name":"Pasticceria artigianale Bristot","article_publisher":"https:\/\/www.facebook.com\/Bristot-Pasticceria-1593771654184740\/","article_modified_time":"2018-11-16T10:54:31+00:00","og_image":[{"width":800,"height":600,"url":"https:\/\/www.nuovabristot.com\/wp-content\/uploads\/2018\/04\/alberelli-01.jpg","type":"image\/jpeg"}],"twitter_card":"summary_large_image","twitter_misc":{"Dur\u00e9e de lecture estim\u00e9e":"1 minute"},"schema":{"@context":"https:\/\/schema.org","@graph":[{"@type":"WebPage","@id":"https:\/\/www.nuovabristot.com\/prodotto\/alberelli\/","url":"https:\/\/www.nuovabristot.com\/prodotto\/alberelli\/","name":"Alberelli | Pasticceria artigianale Bristot","isPartOf":{"@id":"https:\/\/www.nuovabristot.com\/#website"},"primaryImageOfPage":{"@id":"https:\/\/www.nuovabristot.com\/prodotto\/alberelli\/#primaryimage"},"image":{"@id":"https:\/\/www.nuovabristot.com\/prodotto\/alberelli\/#primaryimage"},"thumbnailUrl":"https:\/\/www.nuovabristot.com\/wp-content\/uploads\/2018\/04\/alberelli-01.jpg","datePublished":"2018-04-19T15:40:05+00:00","dateModified":"2018-11-16T10:54:31+00:00","breadcrumb":{"@id":"https:\/\/www.nuovabristot.com\/prodotto\/alberelli\/#breadcrumb"},"inLanguage":"fr-FR","potentialAction":[{"@type":"ReadAction","target":["https:\/\/www.nuovabristot.com\/prodotto\/alberelli\/"]}]},{"@type":"ImageObject","inLanguage":"fr-FR","@id":"https:\/\/www.nuovabristot.com\/prodotto\/alberelli\/#primaryimage","url":"https:\/\/www.nuovabristot.com\/wp-content\/uploads\/2018\/04\/alberelli-01.jpg","contentUrl":"https:\/\/www.nuovabristot.com\/wp-content\/uploads\/2018\/04\/alberelli-01.jpg","width":800,"height":600},{"@type":"BreadcrumbList","@id":"https:\/\/www.nuovabristot.com\/prodotto\/alberelli\/#breadcrumb","itemListElement":[{"@type":"ListItem","position":1,"name":"Home","item":"https:\/\/www.nuovabristot.com\/fr\/"},{"@type":"ListItem","position":2,"name":"Negozio","item":"https:\/\/www.nuovabristot.com\/negozio\/"},{"@type":"ListItem","position":3,"name":"Alberelli"}]},{"@type":"WebSite","@id":"https:\/\/www.nuovabristot.com\/#website","url":"https:\/\/www.nuovabristot.com\/","name":"Pasticceria artigianale Bristot","description":"Bont&agrave; dolci e salate della tradizione Toscana","publisher":{"@id":"https:\/\/www.nuovabristot.com\/#organization"},"potentialAction":[{"@type":"SearchAction","target":{"@type":"EntryPoint","urlTemplate":"https:\/\/www.nuovabristot.com\/?s={search_term_string}"},"query-input":{"@type":"PropertyValueSpecification","valueRequired":true,"valueName":"search_term_string"}}],"inLanguage":"fr-FR"},{"@type":"Organization","@id":"https:\/\/www.nuovabristot.com\/#organization","name":"Pasticceria artigianale Bristot - vendita biscotti online","url":"https:\/\/www.nuovabristot.com\/","logo":{"@type":"ImageObject","inLanguage":"fr-FR","@id":"https:\/\/www.nuovabristot.com\/#\/schema\/logo\/image\/","url":"https:\/\/www.nuovabristot.com\/wp-content\/uploads\/2018\/02\/logo.png","contentUrl":"https:\/\/www.nuovabristot.com\/wp-content\/uploads\/2018\/02\/logo.png","width":560,"height":310,"caption":"Pasticceria artigianale Bristot - vendita biscotti online"},"image":{"@id":"https:\/\/www.nuovabristot.com\/#\/schema\/logo\/image\/"},"sameAs":["https:\/\/www.facebook.com\/Bristot-Pasticceria-1593771654184740\/"]}]}},"_links":{"self":[{"href":"https:\/\/www.nuovabristot.com\/fr\/wp-json\/wp\/v2\/product\/13466","targetHints":{"allow":["GET"]}}],"collection":[{"href":"https:\/\/www.nuovabristot.com\/fr\/wp-json\/wp\/v2\/product"}],"about":[{"href":"https:\/\/www.nuovabristot.com\/fr\/wp-json\/wp\/v2\/types\/product"}],"wp:featuredmedia":[{"embeddable":true,"href":"https:\/\/www.nuovabristot.com\/fr\/wp-json\/wp\/v2\/media\/13180"}],"wp:attachment":[{"href":"https:\/\/www.nuovabristot.com\/fr\/wp-json\/wp\/v2\/media?parent=13466"}],"wp:term":[{"taxonomy":"product_brand","embeddable":true,"href":"https:\/\/www.nuovabristot.com\/fr\/wp-json\/wp\/v2\/product_brand?post=13466"},{"taxonomy":"product_cat","embeddable":true,"href":"https:\/\/www.nuovabristot.com\/fr\/wp-json\/wp\/v2\/product_cat?post=13466"},{"taxonomy":"product_tag","embeddable":true,"href":"https:\/\/www.nuovabristot.com\/fr\/wp-json\/wp\/v2\/product_tag?post=13466"}],"curies":[{"name":"wp","href":"https:\/\/api.w.org\/{rel}","templated":true}]}}