{"id":13434,"date":"2018-02-09T16:18:51","date_gmt":"2018-02-09T15:18:51","guid":{"rendered":"http:\/\/www.nuovabristot.com\/prodotto\/farfalle-con-uvetta\/"},"modified":"2018-08-31T11:27:58","modified_gmt":"2018-08-31T09:27:58","slug":"farfalle-con-uvetta","status":"publish","type":"product","link":"https:\/\/www.nuovabristot.com\/fr\/prodotto\/farfalle-con-uvetta\/","title":{"rendered":"Farfalle con Uvetta"},"content":{"rendered":"<h4>Plateau pour gr.180<\/h4>\n<p><strong><u>Ingr\u00e9dients<\/u><\/strong>: Farine de bl\u00e9, margarine sans graisses hydrog\u00e9n\u00e9es (graisses v\u00e9g\u00e9tales &#8211; palme, noix de coco, eau, huiles v\u00e9g\u00e9tales &#8211; colza &#8211; \u00e9mulsifiants: l\u00e9cithine de soja, mono \u00e9mulsifiant et diglyc\u00e9rides d&rsquo;acides gras, sel, r\u00e9gulateur d&rsquo;acidit\u00e9: acide lactique , conservateur: sorbate de potassium, antioxydants: extrait riche en tocoph\u00e9rol, esters d&rsquo;acide ascorbique, colorant: b\u00eata-carot\u00e8ne, ar\u00f4mes), margarine v\u00e9g\u00e9tale (huiles et graisses raffin\u00e9es partiellement hydrog\u00e9n\u00e9es -palma, soja et tournesol -), eau, sel, \u00e9mulsifiant: mono et diglyc\u00e9rides d&rsquo;acides gras, r\u00e9gulateur d&rsquo;acidit\u00e9: acide citrique, conservateurs: sorbate de potassium, ar\u00f4mes, colorants E160b), oeufs, raisins secs (raisins secs, huiles v\u00e9g\u00e9tales de coton), pignons, agents levants (diphosphate sodium, hydrog\u00e9nocarbonate de sodium, amidon de bl\u00e9, carbonate de calcium, sel, ar\u00f4mes.<\/p>\n<p><em>\u00a0<\/em><em>Peut contenir des traces de fruits \u00e0 coque, d&rsquo;arachides, de lait et de produits laitiers<\/em><\/p>\n<p>Caract\u00e9ristiques nutritionnelles (g\/100 g)<\/p>\n<p><strong>\u00c9nergie<\/strong> 2.997 kJ \/ 491 kcal<br \/>\n<strong>Graisse<\/strong> 22,9 g<br \/>\ndont acides gras satur\u00e9s 10,3 g<br \/>\n<strong>Glucides<\/strong> 67,7 g<br \/>\ndont le sucre 29,2 g<br \/>\n<strong>Prot\u00e9ines<\/strong>\u00a06 g<br \/>\n<strong>Sel<\/strong> 0,1 g<\/p>\n","protected":false},"excerpt":{"rendered":"<p>Tendre \u00e9treinte de p\u00e2te bris\u00e9e et feuillet\u00e9e aux raisins secs et pignons.<\/p>\n","protected":false},"featured_media":12895,"template":"","meta":[],"product_brand":[],"product_cat":[295],"product_tag":[],"class_list":{"0":"post-13434","1":"product","2":"type-product","3":"status-publish","4":"has-post-thumbnail","6":"product_cat-pate-feuilletee","8":"first","9":"instock","10":"shipping-taxable","11":"purchasable","12":"product-type-simple"},"yoast_head":"<!-- This site is optimized with the Yoast SEO plugin v27.3 - https:\/\/yoast.com\/product\/yoast-seo-wordpress\/ -->\n<title>Farfalle con Uvetta | Pasticceria artigianale Bristot<\/title>\n<meta name=\"robots\" content=\"index, follow, max-snippet:-1, max-image-preview:large, max-video-preview:-1\" \/>\n<link rel=\"canonical\" href=\"https:\/\/www.nuovabristot.com\/prodotto\/farfalle-con-uvetta\/\" \/>\n<meta property=\"og:locale\" content=\"fr_FR\" \/>\n<meta property=\"og:type\" content=\"article\" \/>\n<meta property=\"og:title\" content=\"Farfalle con Uvetta | Pasticceria artigianale Bristot\" \/>\n<meta property=\"og:description\" content=\"Tendre \u00e9treinte de p\u00e2te bris\u00e9e et feuillet\u00e9e aux raisins secs et pignons.\" \/>\n<meta property=\"og:url\" content=\"https:\/\/www.nuovabristot.com\/prodotto\/farfalle-con-uvetta\/\" \/>\n<meta property=\"og:site_name\" content=\"Pasticceria artigianale Bristot\" \/>\n<meta property=\"article:publisher\" content=\"https:\/\/www.facebook.com\/Bristot-Pasticceria-1593771654184740\/\" \/>\n<meta property=\"article:modified_time\" content=\"2018-08-31T09:27:58+00:00\" \/>\n<meta property=\"og:image\" content=\"https:\/\/www.nuovabristot.com\/wp-content\/uploads\/2018\/02\/farfalle-con-uvetta-01-1.jpg\" \/>\n\t<meta property=\"og:image:width\" content=\"800\" \/>\n\t<meta property=\"og:image:height\" content=\"800\" \/>\n\t<meta property=\"og:image:type\" content=\"image\/jpeg\" \/>\n<meta name=\"twitter:card\" content=\"summary_large_image\" \/>\n<meta name=\"twitter:label1\" content=\"Dur\u00e9e de lecture estim\u00e9e\" \/>\n\t<meta name=\"twitter:data1\" content=\"1 minute\" \/>\n<script type=\"application\/ld+json\" class=\"yoast-schema-graph\">{\"@context\":\"https:\\\/\\\/schema.org\",\"@graph\":[{\"@type\":\"WebPage\",\"@id\":\"https:\\\/\\\/www.nuovabristot.com\\\/prodotto\\\/farfalle-con-uvetta\\\/\",\"url\":\"https:\\\/\\\/www.nuovabristot.com\\\/prodotto\\\/farfalle-con-uvetta\\\/\",\"name\":\"Farfalle con Uvetta | Pasticceria artigianale Bristot\",\"isPartOf\":{\"@id\":\"https:\\\/\\\/www.nuovabristot.com\\\/#website\"},\"primaryImageOfPage\":{\"@id\":\"https:\\\/\\\/www.nuovabristot.com\\\/prodotto\\\/farfalle-con-uvetta\\\/#primaryimage\"},\"image\":{\"@id\":\"https:\\\/\\\/www.nuovabristot.com\\\/prodotto\\\/farfalle-con-uvetta\\\/#primaryimage\"},\"thumbnailUrl\":\"https:\\\/\\\/www.nuovabristot.com\\\/wp-content\\\/uploads\\\/2018\\\/02\\\/farfalle-con-uvetta-01-1.jpg\",\"datePublished\":\"2018-02-09T15:18:51+00:00\",\"dateModified\":\"2018-08-31T09:27:58+00:00\",\"breadcrumb\":{\"@id\":\"https:\\\/\\\/www.nuovabristot.com\\\/prodotto\\\/farfalle-con-uvetta\\\/#breadcrumb\"},\"inLanguage\":\"fr-FR\",\"potentialAction\":[{\"@type\":\"ReadAction\",\"target\":[\"https:\\\/\\\/www.nuovabristot.com\\\/prodotto\\\/farfalle-con-uvetta\\\/\"]}]},{\"@type\":\"ImageObject\",\"inLanguage\":\"fr-FR\",\"@id\":\"https:\\\/\\\/www.nuovabristot.com\\\/prodotto\\\/farfalle-con-uvetta\\\/#primaryimage\",\"url\":\"https:\\\/\\\/www.nuovabristot.com\\\/wp-content\\\/uploads\\\/2018\\\/02\\\/farfalle-con-uvetta-01-1.jpg\",\"contentUrl\":\"https:\\\/\\\/www.nuovabristot.com\\\/wp-content\\\/uploads\\\/2018\\\/02\\\/farfalle-con-uvetta-01-1.jpg\",\"width\":800,\"height\":800},{\"@type\":\"BreadcrumbList\",\"@id\":\"https:\\\/\\\/www.nuovabristot.com\\\/prodotto\\\/farfalle-con-uvetta\\\/#breadcrumb\",\"itemListElement\":[{\"@type\":\"ListItem\",\"position\":1,\"name\":\"Home\",\"item\":\"https:\\\/\\\/www.nuovabristot.com\\\/fr\\\/\"},{\"@type\":\"ListItem\",\"position\":2,\"name\":\"Negozio\",\"item\":\"https:\\\/\\\/www.nuovabristot.com\\\/negozio\\\/\"},{\"@type\":\"ListItem\",\"position\":3,\"name\":\"Farfalle con Uvetta\"}]},{\"@type\":\"WebSite\",\"@id\":\"https:\\\/\\\/www.nuovabristot.com\\\/#website\",\"url\":\"https:\\\/\\\/www.nuovabristot.com\\\/\",\"name\":\"Pasticceria artigianale Bristot\",\"description\":\"Bont&agrave; dolci e salate della tradizione Toscana\",\"publisher\":{\"@id\":\"https:\\\/\\\/www.nuovabristot.com\\\/#organization\"},\"potentialAction\":[{\"@type\":\"SearchAction\",\"target\":{\"@type\":\"EntryPoint\",\"urlTemplate\":\"https:\\\/\\\/www.nuovabristot.com\\\/?s={search_term_string}\"},\"query-input\":{\"@type\":\"PropertyValueSpecification\",\"valueRequired\":true,\"valueName\":\"search_term_string\"}}],\"inLanguage\":\"fr-FR\"},{\"@type\":\"Organization\",\"@id\":\"https:\\\/\\\/www.nuovabristot.com\\\/#organization\",\"name\":\"Pasticceria artigianale Bristot - vendita biscotti online\",\"url\":\"https:\\\/\\\/www.nuovabristot.com\\\/\",\"logo\":{\"@type\":\"ImageObject\",\"inLanguage\":\"fr-FR\",\"@id\":\"https:\\\/\\\/www.nuovabristot.com\\\/#\\\/schema\\\/logo\\\/image\\\/\",\"url\":\"https:\\\/\\\/www.nuovabristot.com\\\/wp-content\\\/uploads\\\/2018\\\/02\\\/logo.png\",\"contentUrl\":\"https:\\\/\\\/www.nuovabristot.com\\\/wp-content\\\/uploads\\\/2018\\\/02\\\/logo.png\",\"width\":560,\"height\":310,\"caption\":\"Pasticceria artigianale Bristot - vendita biscotti online\"},\"image\":{\"@id\":\"https:\\\/\\\/www.nuovabristot.com\\\/#\\\/schema\\\/logo\\\/image\\\/\"},\"sameAs\":[\"https:\\\/\\\/www.facebook.com\\\/Bristot-Pasticceria-1593771654184740\\\/\"]}]}<\/script>\n<!-- \/ Yoast SEO plugin. -->","yoast_head_json":{"title":"Farfalle con Uvetta | Pasticceria artigianale Bristot","robots":{"index":"index","follow":"follow","max-snippet":"max-snippet:-1","max-image-preview":"max-image-preview:large","max-video-preview":"max-video-preview:-1"},"canonical":"https:\/\/www.nuovabristot.com\/prodotto\/farfalle-con-uvetta\/","og_locale":"fr_FR","og_type":"article","og_title":"Farfalle con Uvetta | Pasticceria artigianale Bristot","og_description":"Tendre \u00e9treinte de p\u00e2te bris\u00e9e et feuillet\u00e9e aux raisins secs et pignons.","og_url":"https:\/\/www.nuovabristot.com\/prodotto\/farfalle-con-uvetta\/","og_site_name":"Pasticceria artigianale Bristot","article_publisher":"https:\/\/www.facebook.com\/Bristot-Pasticceria-1593771654184740\/","article_modified_time":"2018-08-31T09:27:58+00:00","og_image":[{"width":800,"height":800,"url":"https:\/\/www.nuovabristot.com\/wp-content\/uploads\/2018\/02\/farfalle-con-uvetta-01-1.jpg","type":"image\/jpeg"}],"twitter_card":"summary_large_image","twitter_misc":{"Dur\u00e9e de lecture estim\u00e9e":"1 minute"},"schema":{"@context":"https:\/\/schema.org","@graph":[{"@type":"WebPage","@id":"https:\/\/www.nuovabristot.com\/prodotto\/farfalle-con-uvetta\/","url":"https:\/\/www.nuovabristot.com\/prodotto\/farfalle-con-uvetta\/","name":"Farfalle con Uvetta | Pasticceria artigianale Bristot","isPartOf":{"@id":"https:\/\/www.nuovabristot.com\/#website"},"primaryImageOfPage":{"@id":"https:\/\/www.nuovabristot.com\/prodotto\/farfalle-con-uvetta\/#primaryimage"},"image":{"@id":"https:\/\/www.nuovabristot.com\/prodotto\/farfalle-con-uvetta\/#primaryimage"},"thumbnailUrl":"https:\/\/www.nuovabristot.com\/wp-content\/uploads\/2018\/02\/farfalle-con-uvetta-01-1.jpg","datePublished":"2018-02-09T15:18:51+00:00","dateModified":"2018-08-31T09:27:58+00:00","breadcrumb":{"@id":"https:\/\/www.nuovabristot.com\/prodotto\/farfalle-con-uvetta\/#breadcrumb"},"inLanguage":"fr-FR","potentialAction":[{"@type":"ReadAction","target":["https:\/\/www.nuovabristot.com\/prodotto\/farfalle-con-uvetta\/"]}]},{"@type":"ImageObject","inLanguage":"fr-FR","@id":"https:\/\/www.nuovabristot.com\/prodotto\/farfalle-con-uvetta\/#primaryimage","url":"https:\/\/www.nuovabristot.com\/wp-content\/uploads\/2018\/02\/farfalle-con-uvetta-01-1.jpg","contentUrl":"https:\/\/www.nuovabristot.com\/wp-content\/uploads\/2018\/02\/farfalle-con-uvetta-01-1.jpg","width":800,"height":800},{"@type":"BreadcrumbList","@id":"https:\/\/www.nuovabristot.com\/prodotto\/farfalle-con-uvetta\/#breadcrumb","itemListElement":[{"@type":"ListItem","position":1,"name":"Home","item":"https:\/\/www.nuovabristot.com\/fr\/"},{"@type":"ListItem","position":2,"name":"Negozio","item":"https:\/\/www.nuovabristot.com\/negozio\/"},{"@type":"ListItem","position":3,"name":"Farfalle con Uvetta"}]},{"@type":"WebSite","@id":"https:\/\/www.nuovabristot.com\/#website","url":"https:\/\/www.nuovabristot.com\/","name":"Pasticceria artigianale Bristot","description":"Bont&agrave; dolci e salate della tradizione Toscana","publisher":{"@id":"https:\/\/www.nuovabristot.com\/#organization"},"potentialAction":[{"@type":"SearchAction","target":{"@type":"EntryPoint","urlTemplate":"https:\/\/www.nuovabristot.com\/?s={search_term_string}"},"query-input":{"@type":"PropertyValueSpecification","valueRequired":true,"valueName":"search_term_string"}}],"inLanguage":"fr-FR"},{"@type":"Organization","@id":"https:\/\/www.nuovabristot.com\/#organization","name":"Pasticceria artigianale Bristot - vendita biscotti online","url":"https:\/\/www.nuovabristot.com\/","logo":{"@type":"ImageObject","inLanguage":"fr-FR","@id":"https:\/\/www.nuovabristot.com\/#\/schema\/logo\/image\/","url":"https:\/\/www.nuovabristot.com\/wp-content\/uploads\/2018\/02\/logo.png","contentUrl":"https:\/\/www.nuovabristot.com\/wp-content\/uploads\/2018\/02\/logo.png","width":560,"height":310,"caption":"Pasticceria artigianale Bristot - vendita biscotti online"},"image":{"@id":"https:\/\/www.nuovabristot.com\/#\/schema\/logo\/image\/"},"sameAs":["https:\/\/www.facebook.com\/Bristot-Pasticceria-1593771654184740\/"]}]}},"_links":{"self":[{"href":"https:\/\/www.nuovabristot.com\/fr\/wp-json\/wp\/v2\/product\/13434","targetHints":{"allow":["GET"]}}],"collection":[{"href":"https:\/\/www.nuovabristot.com\/fr\/wp-json\/wp\/v2\/product"}],"about":[{"href":"https:\/\/www.nuovabristot.com\/fr\/wp-json\/wp\/v2\/types\/product"}],"wp:featuredmedia":[{"embeddable":true,"href":"https:\/\/www.nuovabristot.com\/fr\/wp-json\/wp\/v2\/media\/12895"}],"wp:attachment":[{"href":"https:\/\/www.nuovabristot.com\/fr\/wp-json\/wp\/v2\/media?parent=13434"}],"wp:term":[{"taxonomy":"product_brand","embeddable":true,"href":"https:\/\/www.nuovabristot.com\/fr\/wp-json\/wp\/v2\/product_brand?post=13434"},{"taxonomy":"product_cat","embeddable":true,"href":"https:\/\/www.nuovabristot.com\/fr\/wp-json\/wp\/v2\/product_cat?post=13434"},{"taxonomy":"product_tag","embeddable":true,"href":"https:\/\/www.nuovabristot.com\/fr\/wp-json\/wp\/v2\/product_tag?post=13434"}],"curies":[{"name":"wp","href":"https:\/\/api.w.org\/{rel}","templated":true}]}}