{"id":13417,"date":"2018-02-09T15:30:54","date_gmt":"2018-02-09T14:30:54","guid":{"rendered":"http:\/\/www.nuovabristot.com\/prodotto\/occhi-di-bue\/"},"modified":"2018-08-31T11:04:32","modified_gmt":"2018-08-31T09:04:32","slug":"occhi-di-bue","status":"publish","type":"product","link":"https:\/\/www.nuovabristot.com\/fr\/prodotto\/occhi-di-bue\/","title":{"rendered":"Occhi di Bue"},"content":{"rendered":"<h4>Plateau pour gr.200<\/h4>\n<p><strong><u>Ingr\u00e9dients p\u00e2tisserie<\/u><\/strong><strong>:<\/strong> Farine de BL\u00c9, margarine (huiles et graisses v\u00e9g\u00e9tales &#8211; palme, colza et tournesol -, eau, BEURRE concentr\u00e9 2,4%, Lactos\u00e9rum en poudre, \u00e9mulsifiants: E471, l\u00e9cithine de tournesol, sel, miel, ar\u00f4mes, conservateur: sorbate potassium, acidifiant: acide citrique, antioxydants: E306 &#8211; E304, colorants: carot\u00e8nes), sucre, OEUFS, farine de riz, agents levants (diphosphate de sodium, carbonate de sodium, amidon de BL\u00c9, anti-agglom\u00e9rant: carbonate de calcium ), S\u00e9rum LAIT, miel, sel, \u00e9mulsifiant: l\u00e9cithine de SOJA, ar\u00f4mes.<\/p>\n<p><strong>Ingr\u00e9dients garniture<\/strong>:<\/p>\n<ul>\n<li><strong>cerise (25%)<\/strong>: sirop de glucose-fructose, pur\u00e9e de cerises de 40%, sucre, pur\u00e9e de fruits rouges (4% &#8211; sureau), pectine, r\u00e9gulateur d&rsquo;acidit\u00e9: acide citrique, conservateur: sorbate de potassium, ar\u00f4mes.<\/li>\n<li><strong>abricot(25%)<\/strong>: sirop de glucose-fructose, pur\u00e9e d&rsquo;abricot 45%, sucre, pectine, correcteur d&rsquo;acidit\u00e9: acide citrique, conservateur: sorbate de potassium, ar\u00f4mes.<\/li>\n<\/ul>\n<p><em>Peut contenir des traces de noix (amandes).<\/em><\/p>\n<p>Caract\u00e9ristiques nutritionnelles<br \/>\n(g\/100 g)<\/p>\n<p><strong>\u00c8nergie<\/strong> 1.791 kJ \/ 427 kcal<br \/>\n<strong>Lipides<\/strong> 15,4 g<br \/>\ndont les acides gras satur\u00e9s 7,2 g<br \/>\n<strong>Glucides<\/strong> 65,2 g<br \/>\ndont sucres 32,5 g<br \/>\n<strong>Prot\u00e9ine<\/strong>\u00a05,9 g<br \/>\n<strong>Sel<\/strong> 1,1 g<\/p>\n","protected":false},"excerpt":{"rendered":"<p>P\u00e2te bris\u00e9e \u00e0 la confiture de cerises et d\u2019abricots.<\/p>\n","protected":false},"featured_media":12838,"template":"","meta":[],"product_brand":[],"product_cat":[292],"product_tag":[],"class_list":{"0":"post-13417","1":"product","2":"type-product","3":"status-publish","4":"has-post-thumbnail","6":"product_cat-pate-brisee","8":"first","9":"instock","10":"shipping-taxable","11":"purchasable","12":"product-type-simple"},"yoast_head":"<!-- This site is optimized with the Yoast SEO plugin v27.3 - https:\/\/yoast.com\/product\/yoast-seo-wordpress\/ -->\n<title>Occhi di Bue | Pasticceria artigianale Bristot<\/title>\n<meta name=\"robots\" content=\"index, follow, max-snippet:-1, max-image-preview:large, max-video-preview:-1\" \/>\n<link rel=\"canonical\" href=\"https:\/\/www.nuovabristot.com\/prodotto\/occhi-di-bue\/\" \/>\n<meta property=\"og:locale\" content=\"fr_FR\" \/>\n<meta property=\"og:type\" content=\"article\" \/>\n<meta property=\"og:title\" content=\"Occhi di Bue | Pasticceria artigianale Bristot\" \/>\n<meta property=\"og:description\" content=\"P\u00e2te bris\u00e9e \u00e0 la confiture de cerises et d\u2019abricots.\" \/>\n<meta property=\"og:url\" content=\"https:\/\/www.nuovabristot.com\/prodotto\/occhi-di-bue\/\" \/>\n<meta property=\"og:site_name\" content=\"Pasticceria artigianale Bristot\" \/>\n<meta property=\"article:publisher\" content=\"https:\/\/www.facebook.com\/Bristot-Pasticceria-1593771654184740\/\" \/>\n<meta property=\"article:modified_time\" content=\"2018-08-31T09:04:32+00:00\" \/>\n<meta property=\"og:image\" content=\"https:\/\/www.nuovabristot.com\/wp-content\/uploads\/2018\/02\/occhi-di-bue-01.jpg\" \/>\n\t<meta property=\"og:image:width\" content=\"800\" \/>\n\t<meta property=\"og:image:height\" content=\"800\" \/>\n\t<meta property=\"og:image:type\" content=\"image\/jpeg\" \/>\n<meta name=\"twitter:card\" content=\"summary_large_image\" \/>\n<meta name=\"twitter:label1\" content=\"Dur\u00e9e de lecture estim\u00e9e\" \/>\n\t<meta name=\"twitter:data1\" content=\"1 minute\" \/>\n<script type=\"application\/ld+json\" class=\"yoast-schema-graph\">{\"@context\":\"https:\\\/\\\/schema.org\",\"@graph\":[{\"@type\":\"WebPage\",\"@id\":\"https:\\\/\\\/www.nuovabristot.com\\\/prodotto\\\/occhi-di-bue\\\/\",\"url\":\"https:\\\/\\\/www.nuovabristot.com\\\/prodotto\\\/occhi-di-bue\\\/\",\"name\":\"Occhi di Bue | Pasticceria artigianale Bristot\",\"isPartOf\":{\"@id\":\"https:\\\/\\\/www.nuovabristot.com\\\/#website\"},\"primaryImageOfPage\":{\"@id\":\"https:\\\/\\\/www.nuovabristot.com\\\/prodotto\\\/occhi-di-bue\\\/#primaryimage\"},\"image\":{\"@id\":\"https:\\\/\\\/www.nuovabristot.com\\\/prodotto\\\/occhi-di-bue\\\/#primaryimage\"},\"thumbnailUrl\":\"https:\\\/\\\/www.nuovabristot.com\\\/wp-content\\\/uploads\\\/2018\\\/02\\\/occhi-di-bue-01.jpg\",\"datePublished\":\"2018-02-09T14:30:54+00:00\",\"dateModified\":\"2018-08-31T09:04:32+00:00\",\"breadcrumb\":{\"@id\":\"https:\\\/\\\/www.nuovabristot.com\\\/prodotto\\\/occhi-di-bue\\\/#breadcrumb\"},\"inLanguage\":\"fr-FR\",\"potentialAction\":[{\"@type\":\"ReadAction\",\"target\":[\"https:\\\/\\\/www.nuovabristot.com\\\/prodotto\\\/occhi-di-bue\\\/\"]}]},{\"@type\":\"ImageObject\",\"inLanguage\":\"fr-FR\",\"@id\":\"https:\\\/\\\/www.nuovabristot.com\\\/prodotto\\\/occhi-di-bue\\\/#primaryimage\",\"url\":\"https:\\\/\\\/www.nuovabristot.com\\\/wp-content\\\/uploads\\\/2018\\\/02\\\/occhi-di-bue-01.jpg\",\"contentUrl\":\"https:\\\/\\\/www.nuovabristot.com\\\/wp-content\\\/uploads\\\/2018\\\/02\\\/occhi-di-bue-01.jpg\",\"width\":800,\"height\":800},{\"@type\":\"BreadcrumbList\",\"@id\":\"https:\\\/\\\/www.nuovabristot.com\\\/prodotto\\\/occhi-di-bue\\\/#breadcrumb\",\"itemListElement\":[{\"@type\":\"ListItem\",\"position\":1,\"name\":\"Home\",\"item\":\"https:\\\/\\\/www.nuovabristot.com\\\/fr\\\/\"},{\"@type\":\"ListItem\",\"position\":2,\"name\":\"Negozio\",\"item\":\"https:\\\/\\\/www.nuovabristot.com\\\/negozio\\\/\"},{\"@type\":\"ListItem\",\"position\":3,\"name\":\"Occhi di Bue\"}]},{\"@type\":\"WebSite\",\"@id\":\"https:\\\/\\\/www.nuovabristot.com\\\/#website\",\"url\":\"https:\\\/\\\/www.nuovabristot.com\\\/\",\"name\":\"Pasticceria artigianale Bristot\",\"description\":\"Bont&agrave; dolci e salate della tradizione Toscana\",\"publisher\":{\"@id\":\"https:\\\/\\\/www.nuovabristot.com\\\/#organization\"},\"potentialAction\":[{\"@type\":\"SearchAction\",\"target\":{\"@type\":\"EntryPoint\",\"urlTemplate\":\"https:\\\/\\\/www.nuovabristot.com\\\/?s={search_term_string}\"},\"query-input\":{\"@type\":\"PropertyValueSpecification\",\"valueRequired\":true,\"valueName\":\"search_term_string\"}}],\"inLanguage\":\"fr-FR\"},{\"@type\":\"Organization\",\"@id\":\"https:\\\/\\\/www.nuovabristot.com\\\/#organization\",\"name\":\"Pasticceria artigianale Bristot - vendita biscotti online\",\"url\":\"https:\\\/\\\/www.nuovabristot.com\\\/\",\"logo\":{\"@type\":\"ImageObject\",\"inLanguage\":\"fr-FR\",\"@id\":\"https:\\\/\\\/www.nuovabristot.com\\\/#\\\/schema\\\/logo\\\/image\\\/\",\"url\":\"https:\\\/\\\/www.nuovabristot.com\\\/wp-content\\\/uploads\\\/2018\\\/02\\\/logo.png\",\"contentUrl\":\"https:\\\/\\\/www.nuovabristot.com\\\/wp-content\\\/uploads\\\/2018\\\/02\\\/logo.png\",\"width\":560,\"height\":310,\"caption\":\"Pasticceria artigianale Bristot - vendita biscotti online\"},\"image\":{\"@id\":\"https:\\\/\\\/www.nuovabristot.com\\\/#\\\/schema\\\/logo\\\/image\\\/\"},\"sameAs\":[\"https:\\\/\\\/www.facebook.com\\\/Bristot-Pasticceria-1593771654184740\\\/\"]}]}<\/script>\n<!-- \/ Yoast SEO plugin. -->","yoast_head_json":{"title":"Occhi di Bue | Pasticceria artigianale Bristot","robots":{"index":"index","follow":"follow","max-snippet":"max-snippet:-1","max-image-preview":"max-image-preview:large","max-video-preview":"max-video-preview:-1"},"canonical":"https:\/\/www.nuovabristot.com\/prodotto\/occhi-di-bue\/","og_locale":"fr_FR","og_type":"article","og_title":"Occhi di Bue | Pasticceria artigianale Bristot","og_description":"P\u00e2te bris\u00e9e \u00e0 la confiture de cerises et d\u2019abricots.","og_url":"https:\/\/www.nuovabristot.com\/prodotto\/occhi-di-bue\/","og_site_name":"Pasticceria artigianale Bristot","article_publisher":"https:\/\/www.facebook.com\/Bristot-Pasticceria-1593771654184740\/","article_modified_time":"2018-08-31T09:04:32+00:00","og_image":[{"width":800,"height":800,"url":"https:\/\/www.nuovabristot.com\/wp-content\/uploads\/2018\/02\/occhi-di-bue-01.jpg","type":"image\/jpeg"}],"twitter_card":"summary_large_image","twitter_misc":{"Dur\u00e9e de lecture estim\u00e9e":"1 minute"},"schema":{"@context":"https:\/\/schema.org","@graph":[{"@type":"WebPage","@id":"https:\/\/www.nuovabristot.com\/prodotto\/occhi-di-bue\/","url":"https:\/\/www.nuovabristot.com\/prodotto\/occhi-di-bue\/","name":"Occhi di Bue | Pasticceria artigianale Bristot","isPartOf":{"@id":"https:\/\/www.nuovabristot.com\/#website"},"primaryImageOfPage":{"@id":"https:\/\/www.nuovabristot.com\/prodotto\/occhi-di-bue\/#primaryimage"},"image":{"@id":"https:\/\/www.nuovabristot.com\/prodotto\/occhi-di-bue\/#primaryimage"},"thumbnailUrl":"https:\/\/www.nuovabristot.com\/wp-content\/uploads\/2018\/02\/occhi-di-bue-01.jpg","datePublished":"2018-02-09T14:30:54+00:00","dateModified":"2018-08-31T09:04:32+00:00","breadcrumb":{"@id":"https:\/\/www.nuovabristot.com\/prodotto\/occhi-di-bue\/#breadcrumb"},"inLanguage":"fr-FR","potentialAction":[{"@type":"ReadAction","target":["https:\/\/www.nuovabristot.com\/prodotto\/occhi-di-bue\/"]}]},{"@type":"ImageObject","inLanguage":"fr-FR","@id":"https:\/\/www.nuovabristot.com\/prodotto\/occhi-di-bue\/#primaryimage","url":"https:\/\/www.nuovabristot.com\/wp-content\/uploads\/2018\/02\/occhi-di-bue-01.jpg","contentUrl":"https:\/\/www.nuovabristot.com\/wp-content\/uploads\/2018\/02\/occhi-di-bue-01.jpg","width":800,"height":800},{"@type":"BreadcrumbList","@id":"https:\/\/www.nuovabristot.com\/prodotto\/occhi-di-bue\/#breadcrumb","itemListElement":[{"@type":"ListItem","position":1,"name":"Home","item":"https:\/\/www.nuovabristot.com\/fr\/"},{"@type":"ListItem","position":2,"name":"Negozio","item":"https:\/\/www.nuovabristot.com\/negozio\/"},{"@type":"ListItem","position":3,"name":"Occhi di Bue"}]},{"@type":"WebSite","@id":"https:\/\/www.nuovabristot.com\/#website","url":"https:\/\/www.nuovabristot.com\/","name":"Pasticceria artigianale Bristot","description":"Bont&agrave; dolci e salate della tradizione Toscana","publisher":{"@id":"https:\/\/www.nuovabristot.com\/#organization"},"potentialAction":[{"@type":"SearchAction","target":{"@type":"EntryPoint","urlTemplate":"https:\/\/www.nuovabristot.com\/?s={search_term_string}"},"query-input":{"@type":"PropertyValueSpecification","valueRequired":true,"valueName":"search_term_string"}}],"inLanguage":"fr-FR"},{"@type":"Organization","@id":"https:\/\/www.nuovabristot.com\/#organization","name":"Pasticceria artigianale Bristot - vendita biscotti online","url":"https:\/\/www.nuovabristot.com\/","logo":{"@type":"ImageObject","inLanguage":"fr-FR","@id":"https:\/\/www.nuovabristot.com\/#\/schema\/logo\/image\/","url":"https:\/\/www.nuovabristot.com\/wp-content\/uploads\/2018\/02\/logo.png","contentUrl":"https:\/\/www.nuovabristot.com\/wp-content\/uploads\/2018\/02\/logo.png","width":560,"height":310,"caption":"Pasticceria artigianale Bristot - vendita biscotti online"},"image":{"@id":"https:\/\/www.nuovabristot.com\/#\/schema\/logo\/image\/"},"sameAs":["https:\/\/www.facebook.com\/Bristot-Pasticceria-1593771654184740\/"]}]}},"_links":{"self":[{"href":"https:\/\/www.nuovabristot.com\/fr\/wp-json\/wp\/v2\/product\/13417","targetHints":{"allow":["GET"]}}],"collection":[{"href":"https:\/\/www.nuovabristot.com\/fr\/wp-json\/wp\/v2\/product"}],"about":[{"href":"https:\/\/www.nuovabristot.com\/fr\/wp-json\/wp\/v2\/types\/product"}],"wp:featuredmedia":[{"embeddable":true,"href":"https:\/\/www.nuovabristot.com\/fr\/wp-json\/wp\/v2\/media\/12838"}],"wp:attachment":[{"href":"https:\/\/www.nuovabristot.com\/fr\/wp-json\/wp\/v2\/media?parent=13417"}],"wp:term":[{"taxonomy":"product_brand","embeddable":true,"href":"https:\/\/www.nuovabristot.com\/fr\/wp-json\/wp\/v2\/product_brand?post=13417"},{"taxonomy":"product_cat","embeddable":true,"href":"https:\/\/www.nuovabristot.com\/fr\/wp-json\/wp\/v2\/product_cat?post=13417"},{"taxonomy":"product_tag","embeddable":true,"href":"https:\/\/www.nuovabristot.com\/fr\/wp-json\/wp\/v2\/product_tag?post=13417"}],"curies":[{"name":"wp","href":"https:\/\/api.w.org\/{rel}","templated":true}]}}