{"id":13370,"date":"2017-11-15T15:32:57","date_gmt":"2017-11-15T14:32:57","guid":{"rendered":"http:\/\/www.nuovabristot.com\/prodotto\/maraschini-ciliegia\/"},"modified":"2021-04-14T11:39:23","modified_gmt":"2021-04-14T09:39:23","slug":"maraschini-ciliegia","status":"publish","type":"product","link":"https:\/\/www.nuovabristot.com\/fr\/prodotto\/maraschini-ciliegia\/","title":{"rendered":"Maraschini Ciliegia"},"content":{"rendered":"<h4>Plateau pour gr.200<\/h4>\n<p><strong><u>Ingr\u00e9dients de la p\u00e2te<\/u><\/strong><strong>:<\/strong> p\u00e2te d&rsquo;amandes (sucre, l\u00e9gumineuses &#8211; soja, amandes 10%, amidon de pomme de terre modifi\u00e9e, huile v\u00e9g\u00e9tale &#8211; colza -, noyaux d&rsquo;abricot, sel, conservateur: E202, ar\u00f4me, colorant: E150a), noyaux d&rsquo;abricot, sucre, zeste d&rsquo;orange (peau d&rsquo;orange cubes, sirop de glucose-fructose, sucre, acide citrique, conservateur:E220), flocons de pommes de terre, blanc d&rsquo;oeuf, \u00e9mulsifiant: l\u00e9cithine de soja, miel, bicarbonate d&rsquo;ammonium, poudre \u00e0 lever (diphosphate sodium, carbonate acide de sodium, amidon de bl\u00e9, agent anti-agglom\u00e9rant: carbonate de calcium), ar\u00f4mes, conservateurs (E200).<\/p>\n<p><strong><u>Ingr\u00e9dients de la garniture cerise (25%)<\/u><\/strong>: glucose-fructose de sirop, pur\u00e9e de cerises 40%, sucre, pur\u00e9e de fruits rouges (4% &#8211; sureau), pectine, correcteur d&rsquo;acidit\u00e9: acide citrique, conservateur: sorbate de potassium, ar\u00f4mes.<\/p>\n<p>Caract\u00e9ristiques nutritionnelles (g\/100 g)<\/p>\n<p><strong>\u00c9nergie<\/strong> 1.527 kJ \/ 362 kcal<br \/>\n<strong>Lipides<\/strong> 9,1 g<br \/>\ndont les acides gras satur\u00e9s 0,7 g<br \/>\n<strong>Glucides<\/strong> 62,1 g<br \/>\ndont sucres 55,0 g<br \/>\n<strong>Prot\u00e9ine<\/strong> 6,5 g<br \/>\n<strong>Sel<\/strong> 0,5 g<\/p>\n","protected":false},"excerpt":{"rendered":"<p>Ce g\u00e2teau est librement inspir\u00e9 du Maraschino,\u00a0 typique de l\u2019Est produite depuis des si\u00e8cles dans la ville de Zara, en Croatie, \u00e0 partir de griottes. Fabriqu\u00e9 avec de la p\u00e2te d\u2019amandes, il abrite en son c\u0153ur une d\u00e9licate confiture \u00e0 la cerise.<\/p>\n","protected":false},"featured_media":12721,"template":"","meta":[],"product_brand":[],"product_cat":[289],"product_tag":[],"class_list":{"0":"post-13370","1":"product","2":"type-product","3":"status-publish","4":"has-post-thumbnail","6":"product_cat-amandes","8":"first","9":"instock","10":"shipping-taxable","11":"purchasable","12":"product-type-simple"},"yoast_head":"<!-- This site is optimized with the Yoast SEO plugin v27.3 - https:\/\/yoast.com\/product\/yoast-seo-wordpress\/ -->\n<title>Maraschini Ciliegia | Pasticceria artigianale Bristot<\/title>\n<meta name=\"robots\" content=\"index, follow, max-snippet:-1, max-image-preview:large, max-video-preview:-1\" \/>\n<link rel=\"canonical\" href=\"https:\/\/www.nuovabristot.com\/prodotto\/maraschini-ciliegia\/\" \/>\n<meta property=\"og:locale\" content=\"fr_FR\" \/>\n<meta property=\"og:type\" content=\"article\" \/>\n<meta property=\"og:title\" content=\"Maraschini Ciliegia | Pasticceria artigianale Bristot\" \/>\n<meta property=\"og:description\" content=\"Ce g\u00e2teau est librement inspir\u00e9 du Maraschino,\u00a0 typique de l\u2019Est produite depuis des si\u00e8cles dans la ville de Zara, en Croatie, \u00e0 partir de griottes. Fabriqu\u00e9 avec de la p\u00e2te d\u2019amandes, il abrite en son c\u0153ur une d\u00e9licate confiture \u00e0 la cerise.\" \/>\n<meta property=\"og:url\" content=\"https:\/\/www.nuovabristot.com\/prodotto\/maraschini-ciliegia\/\" \/>\n<meta property=\"og:site_name\" content=\"Pasticceria artigianale Bristot\" \/>\n<meta property=\"article:publisher\" content=\"https:\/\/www.facebook.com\/Bristot-Pasticceria-1593771654184740\/\" \/>\n<meta property=\"article:modified_time\" content=\"2021-04-14T09:39:23+00:00\" \/>\n<meta property=\"og:image\" content=\"https:\/\/www.nuovabristot.com\/wp-content\/uploads\/2017\/11\/maraschino-alla-ciliegia-01.jpg\" \/>\n\t<meta property=\"og:image:width\" content=\"800\" \/>\n\t<meta property=\"og:image:height\" content=\"800\" \/>\n\t<meta property=\"og:image:type\" content=\"image\/jpeg\" \/>\n<meta name=\"twitter:card\" content=\"summary_large_image\" \/>\n<meta name=\"twitter:label1\" content=\"Dur\u00e9e de lecture estim\u00e9e\" \/>\n\t<meta name=\"twitter:data1\" content=\"1 minute\" \/>\n<script type=\"application\/ld+json\" class=\"yoast-schema-graph\">{\"@context\":\"https:\\\/\\\/schema.org\",\"@graph\":[{\"@type\":\"WebPage\",\"@id\":\"https:\\\/\\\/www.nuovabristot.com\\\/prodotto\\\/maraschini-ciliegia\\\/\",\"url\":\"https:\\\/\\\/www.nuovabristot.com\\\/prodotto\\\/maraschini-ciliegia\\\/\",\"name\":\"Maraschini Ciliegia | Pasticceria artigianale Bristot\",\"isPartOf\":{\"@id\":\"https:\\\/\\\/www.nuovabristot.com\\\/#website\"},\"primaryImageOfPage\":{\"@id\":\"https:\\\/\\\/www.nuovabristot.com\\\/prodotto\\\/maraschini-ciliegia\\\/#primaryimage\"},\"image\":{\"@id\":\"https:\\\/\\\/www.nuovabristot.com\\\/prodotto\\\/maraschini-ciliegia\\\/#primaryimage\"},\"thumbnailUrl\":\"https:\\\/\\\/www.nuovabristot.com\\\/wp-content\\\/uploads\\\/2017\\\/11\\\/maraschino-alla-ciliegia-01.jpg\",\"datePublished\":\"2017-11-15T14:32:57+00:00\",\"dateModified\":\"2021-04-14T09:39:23+00:00\",\"breadcrumb\":{\"@id\":\"https:\\\/\\\/www.nuovabristot.com\\\/prodotto\\\/maraschini-ciliegia\\\/#breadcrumb\"},\"inLanguage\":\"fr-FR\",\"potentialAction\":[{\"@type\":\"ReadAction\",\"target\":[\"https:\\\/\\\/www.nuovabristot.com\\\/prodotto\\\/maraschini-ciliegia\\\/\"]}]},{\"@type\":\"ImageObject\",\"inLanguage\":\"fr-FR\",\"@id\":\"https:\\\/\\\/www.nuovabristot.com\\\/prodotto\\\/maraschini-ciliegia\\\/#primaryimage\",\"url\":\"https:\\\/\\\/www.nuovabristot.com\\\/wp-content\\\/uploads\\\/2017\\\/11\\\/maraschino-alla-ciliegia-01.jpg\",\"contentUrl\":\"https:\\\/\\\/www.nuovabristot.com\\\/wp-content\\\/uploads\\\/2017\\\/11\\\/maraschino-alla-ciliegia-01.jpg\",\"width\":800,\"height\":800},{\"@type\":\"BreadcrumbList\",\"@id\":\"https:\\\/\\\/www.nuovabristot.com\\\/prodotto\\\/maraschini-ciliegia\\\/#breadcrumb\",\"itemListElement\":[{\"@type\":\"ListItem\",\"position\":1,\"name\":\"Home\",\"item\":\"https:\\\/\\\/www.nuovabristot.com\\\/fr\\\/\"},{\"@type\":\"ListItem\",\"position\":2,\"name\":\"Negozio\",\"item\":\"https:\\\/\\\/www.nuovabristot.com\\\/negozio\\\/\"},{\"@type\":\"ListItem\",\"position\":3,\"name\":\"Maraschini Ciliegia\"}]},{\"@type\":\"WebSite\",\"@id\":\"https:\\\/\\\/www.nuovabristot.com\\\/#website\",\"url\":\"https:\\\/\\\/www.nuovabristot.com\\\/\",\"name\":\"Pasticceria artigianale Bristot\",\"description\":\"Bont&agrave; dolci e salate della tradizione Toscana\",\"publisher\":{\"@id\":\"https:\\\/\\\/www.nuovabristot.com\\\/#organization\"},\"potentialAction\":[{\"@type\":\"SearchAction\",\"target\":{\"@type\":\"EntryPoint\",\"urlTemplate\":\"https:\\\/\\\/www.nuovabristot.com\\\/?s={search_term_string}\"},\"query-input\":{\"@type\":\"PropertyValueSpecification\",\"valueRequired\":true,\"valueName\":\"search_term_string\"}}],\"inLanguage\":\"fr-FR\"},{\"@type\":\"Organization\",\"@id\":\"https:\\\/\\\/www.nuovabristot.com\\\/#organization\",\"name\":\"Pasticceria artigianale Bristot - vendita biscotti online\",\"url\":\"https:\\\/\\\/www.nuovabristot.com\\\/\",\"logo\":{\"@type\":\"ImageObject\",\"inLanguage\":\"fr-FR\",\"@id\":\"https:\\\/\\\/www.nuovabristot.com\\\/#\\\/schema\\\/logo\\\/image\\\/\",\"url\":\"https:\\\/\\\/www.nuovabristot.com\\\/wp-content\\\/uploads\\\/2018\\\/02\\\/logo.png\",\"contentUrl\":\"https:\\\/\\\/www.nuovabristot.com\\\/wp-content\\\/uploads\\\/2018\\\/02\\\/logo.png\",\"width\":560,\"height\":310,\"caption\":\"Pasticceria artigianale Bristot - vendita biscotti online\"},\"image\":{\"@id\":\"https:\\\/\\\/www.nuovabristot.com\\\/#\\\/schema\\\/logo\\\/image\\\/\"},\"sameAs\":[\"https:\\\/\\\/www.facebook.com\\\/Bristot-Pasticceria-1593771654184740\\\/\"]}]}<\/script>\n<!-- \/ Yoast SEO plugin. -->","yoast_head_json":{"title":"Maraschini Ciliegia | Pasticceria artigianale Bristot","robots":{"index":"index","follow":"follow","max-snippet":"max-snippet:-1","max-image-preview":"max-image-preview:large","max-video-preview":"max-video-preview:-1"},"canonical":"https:\/\/www.nuovabristot.com\/prodotto\/maraschini-ciliegia\/","og_locale":"fr_FR","og_type":"article","og_title":"Maraschini Ciliegia | Pasticceria artigianale Bristot","og_description":"Ce g\u00e2teau est librement inspir\u00e9 du Maraschino,\u00a0 typique de l\u2019Est produite depuis des si\u00e8cles dans la ville de Zara, en Croatie, \u00e0 partir de griottes. Fabriqu\u00e9 avec de la p\u00e2te d\u2019amandes, il abrite en son c\u0153ur une d\u00e9licate confiture \u00e0 la cerise.","og_url":"https:\/\/www.nuovabristot.com\/prodotto\/maraschini-ciliegia\/","og_site_name":"Pasticceria artigianale Bristot","article_publisher":"https:\/\/www.facebook.com\/Bristot-Pasticceria-1593771654184740\/","article_modified_time":"2021-04-14T09:39:23+00:00","og_image":[{"width":800,"height":800,"url":"https:\/\/www.nuovabristot.com\/wp-content\/uploads\/2017\/11\/maraschino-alla-ciliegia-01.jpg","type":"image\/jpeg"}],"twitter_card":"summary_large_image","twitter_misc":{"Dur\u00e9e de lecture estim\u00e9e":"1 minute"},"schema":{"@context":"https:\/\/schema.org","@graph":[{"@type":"WebPage","@id":"https:\/\/www.nuovabristot.com\/prodotto\/maraschini-ciliegia\/","url":"https:\/\/www.nuovabristot.com\/prodotto\/maraschini-ciliegia\/","name":"Maraschini Ciliegia | Pasticceria artigianale Bristot","isPartOf":{"@id":"https:\/\/www.nuovabristot.com\/#website"},"primaryImageOfPage":{"@id":"https:\/\/www.nuovabristot.com\/prodotto\/maraschini-ciliegia\/#primaryimage"},"image":{"@id":"https:\/\/www.nuovabristot.com\/prodotto\/maraschini-ciliegia\/#primaryimage"},"thumbnailUrl":"https:\/\/www.nuovabristot.com\/wp-content\/uploads\/2017\/11\/maraschino-alla-ciliegia-01.jpg","datePublished":"2017-11-15T14:32:57+00:00","dateModified":"2021-04-14T09:39:23+00:00","breadcrumb":{"@id":"https:\/\/www.nuovabristot.com\/prodotto\/maraschini-ciliegia\/#breadcrumb"},"inLanguage":"fr-FR","potentialAction":[{"@type":"ReadAction","target":["https:\/\/www.nuovabristot.com\/prodotto\/maraschini-ciliegia\/"]}]},{"@type":"ImageObject","inLanguage":"fr-FR","@id":"https:\/\/www.nuovabristot.com\/prodotto\/maraschini-ciliegia\/#primaryimage","url":"https:\/\/www.nuovabristot.com\/wp-content\/uploads\/2017\/11\/maraschino-alla-ciliegia-01.jpg","contentUrl":"https:\/\/www.nuovabristot.com\/wp-content\/uploads\/2017\/11\/maraschino-alla-ciliegia-01.jpg","width":800,"height":800},{"@type":"BreadcrumbList","@id":"https:\/\/www.nuovabristot.com\/prodotto\/maraschini-ciliegia\/#breadcrumb","itemListElement":[{"@type":"ListItem","position":1,"name":"Home","item":"https:\/\/www.nuovabristot.com\/fr\/"},{"@type":"ListItem","position":2,"name":"Negozio","item":"https:\/\/www.nuovabristot.com\/negozio\/"},{"@type":"ListItem","position":3,"name":"Maraschini Ciliegia"}]},{"@type":"WebSite","@id":"https:\/\/www.nuovabristot.com\/#website","url":"https:\/\/www.nuovabristot.com\/","name":"Pasticceria artigianale Bristot","description":"Bont&agrave; dolci e salate della tradizione Toscana","publisher":{"@id":"https:\/\/www.nuovabristot.com\/#organization"},"potentialAction":[{"@type":"SearchAction","target":{"@type":"EntryPoint","urlTemplate":"https:\/\/www.nuovabristot.com\/?s={search_term_string}"},"query-input":{"@type":"PropertyValueSpecification","valueRequired":true,"valueName":"search_term_string"}}],"inLanguage":"fr-FR"},{"@type":"Organization","@id":"https:\/\/www.nuovabristot.com\/#organization","name":"Pasticceria artigianale Bristot - vendita biscotti online","url":"https:\/\/www.nuovabristot.com\/","logo":{"@type":"ImageObject","inLanguage":"fr-FR","@id":"https:\/\/www.nuovabristot.com\/#\/schema\/logo\/image\/","url":"https:\/\/www.nuovabristot.com\/wp-content\/uploads\/2018\/02\/logo.png","contentUrl":"https:\/\/www.nuovabristot.com\/wp-content\/uploads\/2018\/02\/logo.png","width":560,"height":310,"caption":"Pasticceria artigianale Bristot - vendita biscotti online"},"image":{"@id":"https:\/\/www.nuovabristot.com\/#\/schema\/logo\/image\/"},"sameAs":["https:\/\/www.facebook.com\/Bristot-Pasticceria-1593771654184740\/"]}]}},"_links":{"self":[{"href":"https:\/\/www.nuovabristot.com\/fr\/wp-json\/wp\/v2\/product\/13370","targetHints":{"allow":["GET"]}}],"collection":[{"href":"https:\/\/www.nuovabristot.com\/fr\/wp-json\/wp\/v2\/product"}],"about":[{"href":"https:\/\/www.nuovabristot.com\/fr\/wp-json\/wp\/v2\/types\/product"}],"wp:featuredmedia":[{"embeddable":true,"href":"https:\/\/www.nuovabristot.com\/fr\/wp-json\/wp\/v2\/media\/12721"}],"wp:attachment":[{"href":"https:\/\/www.nuovabristot.com\/fr\/wp-json\/wp\/v2\/media?parent=13370"}],"wp:term":[{"taxonomy":"product_brand","embeddable":true,"href":"https:\/\/www.nuovabristot.com\/fr\/wp-json\/wp\/v2\/product_brand?post=13370"},{"taxonomy":"product_cat","embeddable":true,"href":"https:\/\/www.nuovabristot.com\/fr\/wp-json\/wp\/v2\/product_cat?post=13370"},{"taxonomy":"product_tag","embeddable":true,"href":"https:\/\/www.nuovabristot.com\/fr\/wp-json\/wp\/v2\/product_tag?post=13370"}],"curies":[{"name":"wp","href":"https:\/\/api.w.org\/{rel}","templated":true}]}}