{"id":13518,"date":"2018-04-30T14:31:57","date_gmt":"2018-04-30T12:31:57","guid":{"rendered":"http:\/\/www.nuovabristot.com\/?page_id=13518"},"modified":"2018-04-30T14:31:57","modified_gmt":"2018-04-30T12:31:57","slug":"snacks-sales","status":"publish","type":"page","link":"https:\/\/www.nuovabristot.com\/fr\/snacks-sales\/","title":{"rendered":"Snacks sal\u00e9s"},"content":{"rendered":"<section class=\"wpb-content-wrapper\"><p>[vc_row][vc_column]<div class=\"edgtf-section-title-holder\" >\n\t\t\t\t\t\t<h2 class=\"edgtf-section-before-title\" style=\"font-size: 70px\">Salati<\/h2>\n\t\t\t\t<h2 class=\"edgtf-st-title\" >\n\t\t\t<span><\/span>\n\t\t<\/h2>\n\t\t<\/div>[vc_column_text css=\u00a0\u00bb.vc_custom_1525091511348{margin-top: 30px !important;}\u00a0\u00bb]Bristot vous propose \u00e9galement des produits sal\u00e9s tels que nos petits pains plats artisanaux. Croustillants et l\u00e9g\u00e8rement sal\u00e9s, ils constituent un en-cas l\u00e9ger et savoureux, adapt\u00e9 \u00e0 chaque moment de la journ\u00e9e.[\/vc_column_text]<div class=\"woocommerce columns-3 \"><ul class=\"products columns-3\">\n<li class=\"product type-product post-13452 status-publish first instock product_cat-snacks-sales has-post-thumbnail shipping-taxable purchasable product-type-simple\">\n\t<div class=\"edgtf-pl-inner\"><div class=\"edgtf-pl-image\"><img loading=\"lazy\" decoding=\"async\" width=\"400\" height=\"400\" src=\"https:\/\/www.nuovabristot.com\/wp-content\/uploads\/2018\/02\/focaccia-01-400x400.jpg\" class=\"attachment-woocommerce_thumbnail size-woocommerce_thumbnail\" alt=\"Schiacciatina Toscana\" srcset=\"https:\/\/www.nuovabristot.com\/wp-content\/uploads\/2018\/02\/focaccia-01-400x400.jpg 400w, https:\/\/www.nuovabristot.com\/wp-content\/uploads\/2018\/02\/focaccia-01-200x200.jpg 200w, https:\/\/www.nuovabristot.com\/wp-content\/uploads\/2018\/02\/focaccia-01.jpg 800w, https:\/\/www.nuovabristot.com\/wp-content\/uploads\/2018\/02\/focaccia-01-150x150.jpg 150w, https:\/\/www.nuovabristot.com\/wp-content\/uploads\/2018\/02\/focaccia-01-300x300.jpg 300w, https:\/\/www.nuovabristot.com\/wp-content\/uploads\/2018\/02\/focaccia-01-768x768.jpg 768w, https:\/\/www.nuovabristot.com\/wp-content\/uploads\/2018\/02\/focaccia-01-550x550.jpg 550w\" sizes=\"auto, (max-width: 400px) 100vw, 400px\" \/><div class=\"edgtf-pl-text\"><div class=\"edgtf-pl-text-outer\"><div class=\"edgtf-pl-text-inner\"><a href=\"\/fr\/wp-json\/wp\/v2\/pages\/13518?add-to-cart=13452\" aria-describedby=\"woocommerce_loop_add_to_cart_link_describedby_13452\" data-quantity=\"1\" class=\"button product_type_simple add_to_cart_button ajax_add_to_cart\" data-product_id=\"13452\" data-product_sku=\"SA1\" aria-label=\"Ajouter au panier\u00a0: &ldquo;Schiacciatina Toscana&rdquo;\" rel=\"nofollow\" data-success_message=\"\u00ab\u00a0Schiacciatina Toscana\u00a0\u00bb a \u00e9t\u00e9 ajout\u00e9 \u00e0 votre panier\" role=\"button\">Ajouter au panier<\/a>\t<span id=\"woocommerce_loop_add_to_cart_link_describedby_13452\" class=\"screen-reader-text\">\n\t\t\t<\/span>\n<\/div><\/div><\/div><\/div><a href=\"https:\/\/www.nuovabristot.com\/fr\/prodotto\/schiacciatina-toscana\/\" class=\"woocommerce-LoopProduct-link woocommerce-loop-product__link\"><\/a><\/div><div class=\"edgtf-pl-text-wrapper\">\t\t\t<p class=\"edgtf-pl-category\"><a href=\"https:\/\/www.nuovabristot.com\/fr\/categoria-prodotto\/snacks-sales\/\" rel=\"tag\">Snacks sal\u00e9s<\/a><\/p>\n\t\t<h6 class=\"edgtf-product-list-title\"><a href=\"https:\/\/www.nuovabristot.com\/fr\/prodotto\/schiacciatina-toscana\/\">Schiacciatina Toscana<\/a><\/h6>\n\t<span class=\"price\"><span class=\"woocommerce-Price-amount amount\"><bdi>4,90<span class=\"woocommerce-Price-currencySymbol\">&euro;<\/span><\/bdi><\/span><\/span>\n<\/div>\t\t\t<input type=\"hidden\" class=\"pmwProductId\" data-id=\"13452\">\n\t\t\t\t\t<script>\n\t\t\t(window.pmwDataLayer = window.pmwDataLayer || {}).products                = window.pmwDataLayer.products || {};\n\t\t\twindow.pmwDataLayer.products[13452] = {\"id\":\"13452\",\"sku\":\"SA1\",\"price\":4.9000000000000003552713678800500929355621337890625,\"brand\":\"\",\"quantity\":1,\"dyn_r_ids\":{\"post_id\":\"13452\",\"sku\":\"SA1\",\"gpf\":\"woocommerce_gpf_13452\",\"gla\":\"gla_13452\"},\"is_variable\":false,\"type\":\"simple\",\"name\":\"Schiacciatina Toscana\",\"category\":[\"Snacks sal\u00e9s\"],\"is_variation\":false};\n\t\t\t\t\twindow.pmw_product_position = window.pmw_product_position || 1;\n\t\twindow.pmwDataLayer.products[13452]['position'] = window.pmw_product_position++;\n\t\t\t\t<\/script>\n\t\t<\/li><\/ul>\n<\/div>[\/vc_column][\/vc_row]<\/p>\n<\/section>","protected":false},"excerpt":{"rendered":"<p>[vc_row][vc_column][vc_column_text css=\u00a0\u00bb.vc_custom_1525091511348{margin-top: 30px !important;}\u00a0\u00bb]Bristot vous propose \u00e9galement des produits sal\u00e9s tels que nos petits pains plats artisanaux. Croustillants et l\u00e9g\u00e8rement sal\u00e9s, ils constituent un en-cas l\u00e9ger et savoureux, adapt\u00e9 \u00e0 chaque moment de la journ\u00e9e.[\/vc_column_text][\/vc_column][\/vc_row]<\/p>\n","protected":false},"author":1,"featured_media":0,"parent":0,"menu_order":0,"comment_status":"closed","ping_status":"closed","template":"","meta":{"footnotes":""},"class_list":["post-13518","page","type-page","status-publish","hentry"],"yoast_head":"<!-- This site is optimized with the Yoast SEO plugin v27.3 - https:\/\/yoast.com\/product\/yoast-seo-wordpress\/ -->\n<title>Snacks sal\u00e9s | Pasticceria artigianale Bristot<\/title>\n<meta name=\"robots\" content=\"index, follow, max-snippet:-1, max-image-preview:large, max-video-preview:-1\" \/>\n<link rel=\"canonical\" href=\"https:\/\/www.nuovabristot.com\/salati\/\" \/>\n<meta property=\"og:locale\" content=\"fr_FR\" \/>\n<meta property=\"og:type\" content=\"article\" \/>\n<meta property=\"og:title\" content=\"Snacks sal\u00e9s | Pasticceria artigianale Bristot\" \/>\n<meta property=\"og:description\" content=\"[vc_row][vc_column][vc_column_text css=\u00a0\u00bb.vc_custom_1525091511348{margin-top: 30px !important;}\u00a0\u00bb]Bristot vous propose \u00e9galement des produits sal\u00e9s tels que nos petits pains plats artisanaux. Croustillants et l\u00e9g\u00e8rement sal\u00e9s, ils constituent un en-cas l\u00e9ger et savoureux, adapt\u00e9 \u00e0 chaque moment de la journ\u00e9e.[\/vc_column_text][\/vc_column][\/vc_row]\" \/>\n<meta property=\"og:url\" content=\"https:\/\/www.nuovabristot.com\/salati\/\" \/>\n<meta property=\"og:site_name\" content=\"Pasticceria artigianale Bristot\" \/>\n<meta property=\"article:publisher\" content=\"https:\/\/www.facebook.com\/Bristot-Pasticceria-1593771654184740\/\" \/>\n<meta name=\"twitter:card\" content=\"summary_large_image\" \/>\n<script type=\"application\/ld+json\" class=\"yoast-schema-graph\">{\"@context\":\"https:\\\/\\\/schema.org\",\"@graph\":[{\"@type\":\"WebPage\",\"@id\":\"https:\\\/\\\/www.nuovabristot.com\\\/salati\\\/\",\"url\":\"https:\\\/\\\/www.nuovabristot.com\\\/salati\\\/\",\"name\":\"Snacks sal\u00e9s | Pasticceria artigianale Bristot\",\"isPartOf\":{\"@id\":\"https:\\\/\\\/www.nuovabristot.com\\\/#website\"},\"datePublished\":\"2018-04-30T12:31:57+00:00\",\"breadcrumb\":{\"@id\":\"https:\\\/\\\/www.nuovabristot.com\\\/salati\\\/#breadcrumb\"},\"inLanguage\":\"fr-FR\",\"potentialAction\":[{\"@type\":\"ReadAction\",\"target\":[\"https:\\\/\\\/www.nuovabristot.com\\\/salati\\\/\"]}]},{\"@type\":\"BreadcrumbList\",\"@id\":\"https:\\\/\\\/www.nuovabristot.com\\\/salati\\\/#breadcrumb\",\"itemListElement\":[{\"@type\":\"ListItem\",\"position\":1,\"name\":\"Home\",\"item\":\"https:\\\/\\\/www.nuovabristot.com\\\/fr\\\/\"},{\"@type\":\"ListItem\",\"position\":2,\"name\":\"Snacks sal\u00e9s\"}]},{\"@type\":\"WebSite\",\"@id\":\"https:\\\/\\\/www.nuovabristot.com\\\/#website\",\"url\":\"https:\\\/\\\/www.nuovabristot.com\\\/\",\"name\":\"Pasticceria artigianale Bristot\",\"description\":\"Bont&agrave; dolci e salate della tradizione Toscana\",\"publisher\":{\"@id\":\"https:\\\/\\\/www.nuovabristot.com\\\/#organization\"},\"potentialAction\":[{\"@type\":\"SearchAction\",\"target\":{\"@type\":\"EntryPoint\",\"urlTemplate\":\"https:\\\/\\\/www.nuovabristot.com\\\/?s={search_term_string}\"},\"query-input\":{\"@type\":\"PropertyValueSpecification\",\"valueRequired\":true,\"valueName\":\"search_term_string\"}}],\"inLanguage\":\"fr-FR\"},{\"@type\":\"Organization\",\"@id\":\"https:\\\/\\\/www.nuovabristot.com\\\/#organization\",\"name\":\"Pasticceria artigianale Bristot - vendita biscotti online\",\"url\":\"https:\\\/\\\/www.nuovabristot.com\\\/\",\"logo\":{\"@type\":\"ImageObject\",\"inLanguage\":\"fr-FR\",\"@id\":\"https:\\\/\\\/www.nuovabristot.com\\\/#\\\/schema\\\/logo\\\/image\\\/\",\"url\":\"https:\\\/\\\/www.nuovabristot.com\\\/wp-content\\\/uploads\\\/2018\\\/02\\\/logo.png\",\"contentUrl\":\"https:\\\/\\\/www.nuovabristot.com\\\/wp-content\\\/uploads\\\/2018\\\/02\\\/logo.png\",\"width\":560,\"height\":310,\"caption\":\"Pasticceria artigianale Bristot - vendita biscotti online\"},\"image\":{\"@id\":\"https:\\\/\\\/www.nuovabristot.com\\\/#\\\/schema\\\/logo\\\/image\\\/\"},\"sameAs\":[\"https:\\\/\\\/www.facebook.com\\\/Bristot-Pasticceria-1593771654184740\\\/\"]}]}<\/script>\n<!-- \/ Yoast SEO plugin. -->","yoast_head_json":{"title":"Snacks sal\u00e9s | Pasticceria artigianale Bristot","robots":{"index":"index","follow":"follow","max-snippet":"max-snippet:-1","max-image-preview":"max-image-preview:large","max-video-preview":"max-video-preview:-1"},"canonical":"https:\/\/www.nuovabristot.com\/salati\/","og_locale":"fr_FR","og_type":"article","og_title":"Snacks sal\u00e9s | Pasticceria artigianale Bristot","og_description":"[vc_row][vc_column][vc_column_text css=\u00a0\u00bb.vc_custom_1525091511348{margin-top: 30px !important;}\u00a0\u00bb]Bristot vous propose \u00e9galement des produits sal\u00e9s tels que nos petits pains plats artisanaux. Croustillants et l\u00e9g\u00e8rement sal\u00e9s, ils constituent un en-cas l\u00e9ger et savoureux, adapt\u00e9 \u00e0 chaque moment de la journ\u00e9e.[\/vc_column_text][\/vc_column][\/vc_row]","og_url":"https:\/\/www.nuovabristot.com\/salati\/","og_site_name":"Pasticceria artigianale Bristot","article_publisher":"https:\/\/www.facebook.com\/Bristot-Pasticceria-1593771654184740\/","twitter_card":"summary_large_image","schema":{"@context":"https:\/\/schema.org","@graph":[{"@type":"WebPage","@id":"https:\/\/www.nuovabristot.com\/salati\/","url":"https:\/\/www.nuovabristot.com\/salati\/","name":"Snacks sal\u00e9s | Pasticceria artigianale Bristot","isPartOf":{"@id":"https:\/\/www.nuovabristot.com\/#website"},"datePublished":"2018-04-30T12:31:57+00:00","breadcrumb":{"@id":"https:\/\/www.nuovabristot.com\/salati\/#breadcrumb"},"inLanguage":"fr-FR","potentialAction":[{"@type":"ReadAction","target":["https:\/\/www.nuovabristot.com\/salati\/"]}]},{"@type":"BreadcrumbList","@id":"https:\/\/www.nuovabristot.com\/salati\/#breadcrumb","itemListElement":[{"@type":"ListItem","position":1,"name":"Home","item":"https:\/\/www.nuovabristot.com\/fr\/"},{"@type":"ListItem","position":2,"name":"Snacks sal\u00e9s"}]},{"@type":"WebSite","@id":"https:\/\/www.nuovabristot.com\/#website","url":"https:\/\/www.nuovabristot.com\/","name":"Pasticceria artigianale Bristot","description":"Bont&agrave; dolci e salate della tradizione Toscana","publisher":{"@id":"https:\/\/www.nuovabristot.com\/#organization"},"potentialAction":[{"@type":"SearchAction","target":{"@type":"EntryPoint","urlTemplate":"https:\/\/www.nuovabristot.com\/?s={search_term_string}"},"query-input":{"@type":"PropertyValueSpecification","valueRequired":true,"valueName":"search_term_string"}}],"inLanguage":"fr-FR"},{"@type":"Organization","@id":"https:\/\/www.nuovabristot.com\/#organization","name":"Pasticceria artigianale Bristot - vendita biscotti online","url":"https:\/\/www.nuovabristot.com\/","logo":{"@type":"ImageObject","inLanguage":"fr-FR","@id":"https:\/\/www.nuovabristot.com\/#\/schema\/logo\/image\/","url":"https:\/\/www.nuovabristot.com\/wp-content\/uploads\/2018\/02\/logo.png","contentUrl":"https:\/\/www.nuovabristot.com\/wp-content\/uploads\/2018\/02\/logo.png","width":560,"height":310,"caption":"Pasticceria artigianale Bristot - vendita biscotti online"},"image":{"@id":"https:\/\/www.nuovabristot.com\/#\/schema\/logo\/image\/"},"sameAs":["https:\/\/www.facebook.com\/Bristot-Pasticceria-1593771654184740\/"]}]}},"_links":{"self":[{"href":"https:\/\/www.nuovabristot.com\/fr\/wp-json\/wp\/v2\/pages\/13518","targetHints":{"allow":["GET"]}}],"collection":[{"href":"https:\/\/www.nuovabristot.com\/fr\/wp-json\/wp\/v2\/pages"}],"about":[{"href":"https:\/\/www.nuovabristot.com\/fr\/wp-json\/wp\/v2\/types\/page"}],"author":[{"embeddable":true,"href":"https:\/\/www.nuovabristot.com\/fr\/wp-json\/wp\/v2\/users\/1"}],"replies":[{"embeddable":true,"href":"https:\/\/www.nuovabristot.com\/fr\/wp-json\/wp\/v2\/comments?post=13518"}],"version-history":[{"count":1,"href":"https:\/\/www.nuovabristot.com\/fr\/wp-json\/wp\/v2\/pages\/13518\/revisions"}],"predecessor-version":[{"id":13519,"href":"https:\/\/www.nuovabristot.com\/fr\/wp-json\/wp\/v2\/pages\/13518\/revisions\/13519"}],"wp:attachment":[{"href":"https:\/\/www.nuovabristot.com\/fr\/wp-json\/wp\/v2\/media?parent=13518"}],"curies":[{"name":"wp","href":"https:\/\/api.w.org\/{rel}","templated":true}]}}