{"id":13511,"date":"2018-04-30T14:23:57","date_gmt":"2018-04-30T12:23:57","guid":{"rendered":"http:\/\/www.nuovabristot.com\/?page_id=13511"},"modified":"2018-04-30T14:23:57","modified_gmt":"2018-04-30T12:23:57","slug":"pate-feuilletee","status":"publish","type":"page","link":"https:\/\/www.nuovabristot.com\/fr\/pate-feuilletee\/","title":{"rendered":"P\u00e2te feuillet\u00e9e"},"content":{"rendered":"<section class=\"wpb-content-wrapper\"><p>[vc_row][vc_column]<div class=\"edgtf-section-title-holder\" >\n\t\t\t\t\t\t<h2 class=\"edgtf-section-before-title\" style=\"font-size: 70px\">La p\u00e2te feuillet\u00e9e<\/h2>\n\t\t\t\t<h2 class=\"edgtf-st-title\" >\n\t\t\t<span><\/span>\n\t\t<\/h2>\n\t\t<\/div>[vc_column_text css=\u00a0\u00bb.vc_custom_1525091015901{margin-top: 30px !important;}\u00a0\u00bb]Incontournables \u00e0 tout moment de la journ\u00e9e, nos produits en p\u00e2te d\u2019amandes Bristot se marient parfaitement \u00e0 la douceur de nos confitures, mais aussi \u00e0 l\u2019amertume de l\u2019amaretto pour un contraste doux-amer tout en subtilit\u00e9. Les amandes, savoureuses et nourrissantes, sont un moyen gourmand d\u2019\u00e9quilibrer notre organisme. Riches en magn\u00e9sium, en prot\u00e9ines et en glucides, elles sont une excellente source d\u2019\u00e9nergie pour renforcer notre m\u00e9tabolisme. D\u00e9j\u00e0 d\u00e9licieuses par nature, elles se sont encore davantage lorsque nous les utilisons pour cr\u00e9er nos g\u00e2teaux.[\/vc_column_text]<div class=\"woocommerce columns-3 \"><ul class=\"products columns-3\">\n<li class=\"product type-product post-13437 status-publish first instock product_cat-pate-feuilletee has-post-thumbnail shipping-taxable purchasable product-type-simple\">\n\t<div class=\"edgtf-pl-inner\"><div class=\"edgtf-pl-image\"><img loading=\"lazy\" decoding=\"async\" width=\"400\" height=\"400\" src=\"https:\/\/www.nuovabristot.com\/wp-content\/uploads\/2018\/02\/fiorentine-albicocca-01-400x400.jpg\" class=\"attachment-woocommerce_thumbnail size-woocommerce_thumbnail\" alt=\"Fiorentine Albicocca\" srcset=\"https:\/\/www.nuovabristot.com\/wp-content\/uploads\/2018\/02\/fiorentine-albicocca-01-400x400.jpg 400w, https:\/\/www.nuovabristot.com\/wp-content\/uploads\/2018\/02\/fiorentine-albicocca-01-200x200.jpg 200w, https:\/\/www.nuovabristot.com\/wp-content\/uploads\/2018\/02\/fiorentine-albicocca-01.jpg 800w, https:\/\/www.nuovabristot.com\/wp-content\/uploads\/2018\/02\/fiorentine-albicocca-01-150x150.jpg 150w, https:\/\/www.nuovabristot.com\/wp-content\/uploads\/2018\/02\/fiorentine-albicocca-01-300x300.jpg 300w, https:\/\/www.nuovabristot.com\/wp-content\/uploads\/2018\/02\/fiorentine-albicocca-01-768x768.jpg 768w, https:\/\/www.nuovabristot.com\/wp-content\/uploads\/2018\/02\/fiorentine-albicocca-01-550x550.jpg 550w\" sizes=\"auto, (max-width: 400px) 100vw, 400px\" \/><div class=\"edgtf-pl-text\"><div class=\"edgtf-pl-text-outer\"><div class=\"edgtf-pl-text-inner\"><a href=\"\/fr\/wp-json\/wp\/v2\/pages\/13511?add-to-cart=13437\" aria-describedby=\"woocommerce_loop_add_to_cart_link_describedby_13437\" data-quantity=\"1\" class=\"button product_type_simple add_to_cart_button ajax_add_to_cart\" data-product_id=\"13437\" data-product_sku=\"PS4\" aria-label=\"Ajouter au panier\u00a0: &ldquo;Fiorentine Albicocca&rdquo;\" rel=\"nofollow\" data-success_message=\"\u00ab\u00a0Fiorentine Albicocca\u00a0\u00bb a \u00e9t\u00e9 ajout\u00e9 \u00e0 votre panier\" role=\"button\">Ajouter au panier<\/a>\t<span id=\"woocommerce_loop_add_to_cart_link_describedby_13437\" class=\"screen-reader-text\">\n\t\t\t<\/span>\n<\/div><\/div><\/div><\/div><a href=\"https:\/\/www.nuovabristot.com\/fr\/prodotto\/fiorentine-albicocca\/\" class=\"woocommerce-LoopProduct-link woocommerce-loop-product__link\"><\/a><\/div><div class=\"edgtf-pl-text-wrapper\">\t\t\t<p class=\"edgtf-pl-category\"><a href=\"https:\/\/www.nuovabristot.com\/fr\/categoria-prodotto\/pate-feuilletee\/\" rel=\"tag\">P\u00e2te feuillet\u00e9e<\/a><\/p>\n\t\t<h6 class=\"edgtf-product-list-title\"><a href=\"https:\/\/www.nuovabristot.com\/fr\/prodotto\/fiorentine-albicocca\/\">Fiorentine Albicocca<\/a><\/h6>\n\t<span class=\"price\"><span class=\"woocommerce-Price-amount amount\"><bdi>4,90<span class=\"woocommerce-Price-currencySymbol\">&euro;<\/span><\/bdi><\/span><\/span>\n<\/div>\t\t\t<input type=\"hidden\" class=\"pmwProductId\" data-id=\"13437\">\n\t\t\t\t\t<script>\n\t\t\t(window.pmwDataLayer = window.pmwDataLayer || {}).products                = window.pmwDataLayer.products || {};\n\t\t\twindow.pmwDataLayer.products[13437] = {\"id\":\"13437\",\"sku\":\"PS4\",\"price\":4.9000000000000003552713678800500929355621337890625,\"brand\":\"\",\"quantity\":1,\"dyn_r_ids\":{\"post_id\":\"13437\",\"sku\":\"PS4\",\"gpf\":\"woocommerce_gpf_13437\",\"gla\":\"gla_13437\"},\"is_variable\":false,\"type\":\"simple\",\"name\":\"Fiorentine Albicocca\",\"category\":[\"P\u00e2te feuillet\u00e9e\"],\"is_variation\":false};\n\t\t\t\t\twindow.pmw_product_position = window.pmw_product_position || 1;\n\t\twindow.pmwDataLayer.products[13437]['position'] = window.pmw_product_position++;\n\t\t\t\t<\/script>\n\t\t<\/li><li class=\"product type-product post-13436 status-publish instock product_cat-pate-feuilletee has-post-thumbnail shipping-taxable purchasable product-type-simple\">\n\t<div class=\"edgtf-pl-inner\"><div class=\"edgtf-pl-image\"><img loading=\"lazy\" decoding=\"async\" width=\"400\" height=\"400\" src=\"https:\/\/www.nuovabristot.com\/wp-content\/uploads\/2018\/02\/cannoli-gianduia-01-400x400.jpg\" class=\"attachment-woocommerce_thumbnail size-woocommerce_thumbnail\" alt=\"Cannoli Gianduia\" srcset=\"https:\/\/www.nuovabristot.com\/wp-content\/uploads\/2018\/02\/cannoli-gianduia-01-400x400.jpg 400w, https:\/\/www.nuovabristot.com\/wp-content\/uploads\/2018\/02\/cannoli-gianduia-01-200x200.jpg 200w, https:\/\/www.nuovabristot.com\/wp-content\/uploads\/2018\/02\/cannoli-gianduia-01.jpg 800w, https:\/\/www.nuovabristot.com\/wp-content\/uploads\/2018\/02\/cannoli-gianduia-01-150x150.jpg 150w, https:\/\/www.nuovabristot.com\/wp-content\/uploads\/2018\/02\/cannoli-gianduia-01-300x300.jpg 300w, https:\/\/www.nuovabristot.com\/wp-content\/uploads\/2018\/02\/cannoli-gianduia-01-768x768.jpg 768w, https:\/\/www.nuovabristot.com\/wp-content\/uploads\/2018\/02\/cannoli-gianduia-01-550x550.jpg 550w\" sizes=\"auto, (max-width: 400px) 100vw, 400px\" \/><div class=\"edgtf-pl-text\"><div class=\"edgtf-pl-text-outer\"><div class=\"edgtf-pl-text-inner\"><a href=\"\/fr\/wp-json\/wp\/v2\/pages\/13511?add-to-cart=13436\" aria-describedby=\"woocommerce_loop_add_to_cart_link_describedby_13436\" data-quantity=\"1\" class=\"button product_type_simple add_to_cart_button ajax_add_to_cart\" data-product_id=\"13436\" data-product_sku=\"PS3\" aria-label=\"Ajouter au panier\u00a0: &ldquo;Cannoli Gianduia&rdquo;\" rel=\"nofollow\" data-success_message=\"\u00ab\u00a0Cannoli Gianduia\u00a0\u00bb a \u00e9t\u00e9 ajout\u00e9 \u00e0 votre panier\" role=\"button\">Ajouter au panier<\/a>\t<span id=\"woocommerce_loop_add_to_cart_link_describedby_13436\" class=\"screen-reader-text\">\n\t\t\t<\/span>\n<\/div><\/div><\/div><\/div><a href=\"https:\/\/www.nuovabristot.com\/fr\/prodotto\/cannoli-gianduia\/\" class=\"woocommerce-LoopProduct-link woocommerce-loop-product__link\"><\/a><\/div><div class=\"edgtf-pl-text-wrapper\">\t\t\t<p class=\"edgtf-pl-category\"><a href=\"https:\/\/www.nuovabristot.com\/fr\/categoria-prodotto\/pate-feuilletee\/\" rel=\"tag\">P\u00e2te feuillet\u00e9e<\/a><\/p>\n\t\t<h6 class=\"edgtf-product-list-title\"><a href=\"https:\/\/www.nuovabristot.com\/fr\/prodotto\/cannoli-gianduia\/\">Cannoli Gianduia<\/a><\/h6>\n\t<span class=\"price\"><span class=\"woocommerce-Price-amount amount\"><bdi>4,90<span class=\"woocommerce-Price-currencySymbol\">&euro;<\/span><\/bdi><\/span><\/span>\n<\/div>\t\t\t<input type=\"hidden\" class=\"pmwProductId\" data-id=\"13436\">\n\t\t\t\t\t<script>\n\t\t\t(window.pmwDataLayer = window.pmwDataLayer || {}).products                = window.pmwDataLayer.products || {};\n\t\t\twindow.pmwDataLayer.products[13436] = {\"id\":\"13436\",\"sku\":\"PS3\",\"price\":4.9000000000000003552713678800500929355621337890625,\"brand\":\"\",\"quantity\":1,\"dyn_r_ids\":{\"post_id\":\"13436\",\"sku\":\"PS3\",\"gpf\":\"woocommerce_gpf_13436\",\"gla\":\"gla_13436\"},\"is_variable\":false,\"type\":\"simple\",\"name\":\"Cannoli Gianduia\",\"category\":[\"P\u00e2te feuillet\u00e9e\"],\"is_variation\":false};\n\t\t\t\t\twindow.pmw_product_position = window.pmw_product_position || 1;\n\t\twindow.pmwDataLayer.products[13436]['position'] = window.pmw_product_position++;\n\t\t\t\t<\/script>\n\t\t<\/li><li class=\"product type-product post-13435 status-publish last instock product_cat-pate-feuilletee has-post-thumbnail shipping-taxable purchasable product-type-simple\">\n\t<div class=\"edgtf-pl-inner\"><div class=\"edgtf-pl-image\"><img loading=\"lazy\" decoding=\"async\" width=\"400\" height=\"400\" src=\"https:\/\/www.nuovabristot.com\/wp-content\/uploads\/2018\/02\/cannoli-alla-crema-01-400x400.jpg\" class=\"attachment-woocommerce_thumbnail size-woocommerce_thumbnail\" alt=\"Cannoli Crema Pasticcera\" srcset=\"https:\/\/www.nuovabristot.com\/wp-content\/uploads\/2018\/02\/cannoli-alla-crema-01-400x400.jpg 400w, https:\/\/www.nuovabristot.com\/wp-content\/uploads\/2018\/02\/cannoli-alla-crema-01-200x200.jpg 200w, https:\/\/www.nuovabristot.com\/wp-content\/uploads\/2018\/02\/cannoli-alla-crema-01.jpg 800w, https:\/\/www.nuovabristot.com\/wp-content\/uploads\/2018\/02\/cannoli-alla-crema-01-150x150.jpg 150w, https:\/\/www.nuovabristot.com\/wp-content\/uploads\/2018\/02\/cannoli-alla-crema-01-300x300.jpg 300w, https:\/\/www.nuovabristot.com\/wp-content\/uploads\/2018\/02\/cannoli-alla-crema-01-768x768.jpg 768w, https:\/\/www.nuovabristot.com\/wp-content\/uploads\/2018\/02\/cannoli-alla-crema-01-550x550.jpg 550w\" sizes=\"auto, (max-width: 400px) 100vw, 400px\" \/><div class=\"edgtf-pl-text\"><div class=\"edgtf-pl-text-outer\"><div class=\"edgtf-pl-text-inner\"><a href=\"\/fr\/wp-json\/wp\/v2\/pages\/13511?add-to-cart=13435\" aria-describedby=\"woocommerce_loop_add_to_cart_link_describedby_13435\" data-quantity=\"1\" class=\"button product_type_simple add_to_cart_button ajax_add_to_cart\" data-product_id=\"13435\" data-product_sku=\"PS2\" aria-label=\"Ajouter au panier\u00a0: &ldquo;Cannoli Crema Pasticcera&rdquo;\" rel=\"nofollow\" data-success_message=\"\u00ab\u00a0Cannoli Crema Pasticcera\u00a0\u00bb a \u00e9t\u00e9 ajout\u00e9 \u00e0 votre panier\" role=\"button\">Ajouter au panier<\/a>\t<span id=\"woocommerce_loop_add_to_cart_link_describedby_13435\" class=\"screen-reader-text\">\n\t\t\t<\/span>\n<\/div><\/div><\/div><\/div><a href=\"https:\/\/www.nuovabristot.com\/fr\/prodotto\/cannoli-crema-pasticcera\/\" class=\"woocommerce-LoopProduct-link woocommerce-loop-product__link\"><\/a><\/div><div class=\"edgtf-pl-text-wrapper\">\t\t\t<p class=\"edgtf-pl-category\"><a href=\"https:\/\/www.nuovabristot.com\/fr\/categoria-prodotto\/pate-feuilletee\/\" rel=\"tag\">P\u00e2te feuillet\u00e9e<\/a><\/p>\n\t\t<h6 class=\"edgtf-product-list-title\"><a href=\"https:\/\/www.nuovabristot.com\/fr\/prodotto\/cannoli-crema-pasticcera\/\">Cannoli Crema Pasticcera<\/a><\/h6>\n\t<span class=\"price\"><span class=\"woocommerce-Price-amount amount\"><bdi>4,90<span class=\"woocommerce-Price-currencySymbol\">&euro;<\/span><\/bdi><\/span><\/span>\n<\/div>\t\t\t<input type=\"hidden\" class=\"pmwProductId\" data-id=\"13435\">\n\t\t\t\t\t<script>\n\t\t\t(window.pmwDataLayer = window.pmwDataLayer || {}).products                = window.pmwDataLayer.products || {};\n\t\t\twindow.pmwDataLayer.products[13435] = {\"id\":\"13435\",\"sku\":\"PS2\",\"price\":4.9000000000000003552713678800500929355621337890625,\"brand\":\"\",\"quantity\":1,\"dyn_r_ids\":{\"post_id\":\"13435\",\"sku\":\"PS2\",\"gpf\":\"woocommerce_gpf_13435\",\"gla\":\"gla_13435\"},\"is_variable\":false,\"type\":\"simple\",\"name\":\"Cannoli Crema Pasticcera\",\"category\":[\"P\u00e2te feuillet\u00e9e\"],\"is_variation\":false};\n\t\t\t\t\twindow.pmw_product_position = window.pmw_product_position || 1;\n\t\twindow.pmwDataLayer.products[13435]['position'] = window.pmw_product_position++;\n\t\t\t\t<\/script>\n\t\t<\/li><li class=\"product type-product post-13434 status-publish first instock product_cat-pate-feuilletee has-post-thumbnail shipping-taxable purchasable product-type-simple\">\n\t<div class=\"edgtf-pl-inner\"><div class=\"edgtf-pl-image\"><img loading=\"lazy\" decoding=\"async\" width=\"400\" height=\"400\" src=\"https:\/\/www.nuovabristot.com\/wp-content\/uploads\/2018\/02\/farfalle-con-uvetta-01-1-400x400.jpg\" class=\"attachment-woocommerce_thumbnail size-woocommerce_thumbnail\" alt=\"Farfalle con Uvetta\" srcset=\"https:\/\/www.nuovabristot.com\/wp-content\/uploads\/2018\/02\/farfalle-con-uvetta-01-1-400x400.jpg 400w, https:\/\/www.nuovabristot.com\/wp-content\/uploads\/2018\/02\/farfalle-con-uvetta-01-1-200x200.jpg 200w, https:\/\/www.nuovabristot.com\/wp-content\/uploads\/2018\/02\/farfalle-con-uvetta-01-1.jpg 800w, https:\/\/www.nuovabristot.com\/wp-content\/uploads\/2018\/02\/farfalle-con-uvetta-01-1-150x150.jpg 150w, https:\/\/www.nuovabristot.com\/wp-content\/uploads\/2018\/02\/farfalle-con-uvetta-01-1-300x300.jpg 300w, https:\/\/www.nuovabristot.com\/wp-content\/uploads\/2018\/02\/farfalle-con-uvetta-01-1-768x768.jpg 768w, https:\/\/www.nuovabristot.com\/wp-content\/uploads\/2018\/02\/farfalle-con-uvetta-01-1-550x550.jpg 550w\" sizes=\"auto, (max-width: 400px) 100vw, 400px\" \/><div class=\"edgtf-pl-text\"><div class=\"edgtf-pl-text-outer\"><div class=\"edgtf-pl-text-inner\"><a href=\"\/fr\/wp-json\/wp\/v2\/pages\/13511?add-to-cart=13434\" aria-describedby=\"woocommerce_loop_add_to_cart_link_describedby_13434\" data-quantity=\"1\" class=\"button product_type_simple add_to_cart_button ajax_add_to_cart\" data-product_id=\"13434\" data-product_sku=\"PS1\" aria-label=\"Ajouter au panier\u00a0: &ldquo;Farfalle con Uvetta&rdquo;\" rel=\"nofollow\" data-success_message=\"\u00ab\u00a0Farfalle con Uvetta\u00a0\u00bb a \u00e9t\u00e9 ajout\u00e9 \u00e0 votre panier\" role=\"button\">Ajouter au panier<\/a>\t<span id=\"woocommerce_loop_add_to_cart_link_describedby_13434\" class=\"screen-reader-text\">\n\t\t\t<\/span>\n<\/div><\/div><\/div><\/div><a href=\"https:\/\/www.nuovabristot.com\/fr\/prodotto\/farfalle-con-uvetta\/\" class=\"woocommerce-LoopProduct-link woocommerce-loop-product__link\"><\/a><\/div><div class=\"edgtf-pl-text-wrapper\">\t\t\t<p class=\"edgtf-pl-category\"><a href=\"https:\/\/www.nuovabristot.com\/fr\/categoria-prodotto\/pate-feuilletee\/\" rel=\"tag\">P\u00e2te feuillet\u00e9e<\/a><\/p>\n\t\t<h6 class=\"edgtf-product-list-title\"><a href=\"https:\/\/www.nuovabristot.com\/fr\/prodotto\/farfalle-con-uvetta\/\">Farfalle con Uvetta<\/a><\/h6>\n\t<span class=\"price\"><span class=\"woocommerce-Price-amount amount\"><bdi>4,90<span class=\"woocommerce-Price-currencySymbol\">&euro;<\/span><\/bdi><\/span><\/span>\n<\/div>\t\t\t<input type=\"hidden\" class=\"pmwProductId\" data-id=\"13434\">\n\t\t\t\t\t<script>\n\t\t\t(window.pmwDataLayer = window.pmwDataLayer || {}).products                = window.pmwDataLayer.products || {};\n\t\t\twindow.pmwDataLayer.products[13434] = {\"id\":\"13434\",\"sku\":\"PS1\",\"price\":4.9000000000000003552713678800500929355621337890625,\"brand\":\"\",\"quantity\":1,\"dyn_r_ids\":{\"post_id\":\"13434\",\"sku\":\"PS1\",\"gpf\":\"woocommerce_gpf_13434\",\"gla\":\"gla_13434\"},\"is_variable\":false,\"type\":\"simple\",\"name\":\"Farfalle con Uvetta\",\"category\":[\"P\u00e2te feuillet\u00e9e\"],\"is_variation\":false};\n\t\t\t\t\twindow.pmw_product_position = window.pmw_product_position || 1;\n\t\twindow.pmwDataLayer.products[13434]['position'] = window.pmw_product_position++;\n\t\t\t\t<\/script>\n\t\t<\/li><\/ul>\n<\/div>[\/vc_column][\/vc_row]<\/p>\n<\/section>","protected":false},"excerpt":{"rendered":"<p>[vc_row][vc_column][vc_column_text css=\u00a0\u00bb.vc_custom_1525091015901{margin-top: 30px !important;}\u00a0\u00bb]Incontournables \u00e0 tout moment de la journ\u00e9e, nos produits en p\u00e2te d\u2019amandes Bristot se marient parfaitement \u00e0 la douceur de nos confitures, mais aussi \u00e0 l\u2019amertume de l\u2019amaretto pour un contraste doux-amer tout en subtilit\u00e9. Les amandes, [&hellip;]<\/p>\n","protected":false},"author":1,"featured_media":0,"parent":0,"menu_order":0,"comment_status":"closed","ping_status":"closed","template":"","meta":{"footnotes":""},"class_list":["post-13511","page","type-page","status-publish","hentry"],"yoast_head":"<!-- This site is optimized with the Yoast SEO plugin v27.3 - https:\/\/yoast.com\/product\/yoast-seo-wordpress\/ -->\n<title>Vendita dolci di pasta sfoglia | Pasticceria artigianale Bristot<\/title>\n<meta name=\"description\" content=\"Provate i dolci della pasticceria Bristot. Vendita dolci di pasta sfoglia. Prodotti tipici artigianali. Specialit\u00e0 regionali Toscane.\" \/>\n<meta name=\"robots\" content=\"index, follow, max-snippet:-1, max-image-preview:large, max-video-preview:-1\" \/>\n<link rel=\"canonical\" href=\"https:\/\/www.nuovabristot.com\/pasta-sfoglia\/\" \/>\n<meta property=\"og:locale\" content=\"fr_FR\" \/>\n<meta property=\"og:type\" content=\"article\" \/>\n<meta property=\"og:title\" content=\"Vendita dolci di pasta sfoglia | Pasticceria artigianale Bristot\" \/>\n<meta property=\"og:description\" content=\"Provate i dolci della pasticceria Bristot. Vendita dolci di pasta sfoglia. Prodotti tipici artigianali. Specialit\u00e0 regionali Toscane.\" \/>\n<meta property=\"og:url\" content=\"https:\/\/www.nuovabristot.com\/pasta-sfoglia\/\" \/>\n<meta property=\"og:site_name\" content=\"Pasticceria artigianale Bristot\" \/>\n<meta property=\"article:publisher\" content=\"https:\/\/www.facebook.com\/Bristot-Pasticceria-1593771654184740\/\" \/>\n<meta name=\"twitter:card\" content=\"summary_large_image\" \/>\n<meta name=\"twitter:label1\" content=\"Dur\u00e9e de lecture estim\u00e9e\" \/>\n\t<meta name=\"twitter:data1\" content=\"1 minute\" \/>\n<script type=\"application\/ld+json\" class=\"yoast-schema-graph\">{\"@context\":\"https:\\\/\\\/schema.org\",\"@graph\":[{\"@type\":\"WebPage\",\"@id\":\"https:\\\/\\\/www.nuovabristot.com\\\/pasta-sfoglia\\\/\",\"url\":\"https:\\\/\\\/www.nuovabristot.com\\\/pasta-sfoglia\\\/\",\"name\":\"Vendita dolci di pasta sfoglia | Pasticceria artigianale Bristot\",\"isPartOf\":{\"@id\":\"https:\\\/\\\/www.nuovabristot.com\\\/#website\"},\"datePublished\":\"2018-04-30T12:23:57+00:00\",\"description\":\"Provate i dolci della pasticceria Bristot. Vendita dolci di pasta sfoglia. Prodotti tipici artigianali. Specialit\u00e0 regionali Toscane.\",\"breadcrumb\":{\"@id\":\"https:\\\/\\\/www.nuovabristot.com\\\/pasta-sfoglia\\\/#breadcrumb\"},\"inLanguage\":\"fr-FR\",\"potentialAction\":[{\"@type\":\"ReadAction\",\"target\":[\"https:\\\/\\\/www.nuovabristot.com\\\/pasta-sfoglia\\\/\"]}]},{\"@type\":\"BreadcrumbList\",\"@id\":\"https:\\\/\\\/www.nuovabristot.com\\\/pasta-sfoglia\\\/#breadcrumb\",\"itemListElement\":[{\"@type\":\"ListItem\",\"position\":1,\"name\":\"Home\",\"item\":\"https:\\\/\\\/www.nuovabristot.com\\\/fr\\\/\"},{\"@type\":\"ListItem\",\"position\":2,\"name\":\"P\u00e2te feuillet\u00e9e\"}]},{\"@type\":\"WebSite\",\"@id\":\"https:\\\/\\\/www.nuovabristot.com\\\/#website\",\"url\":\"https:\\\/\\\/www.nuovabristot.com\\\/\",\"name\":\"Pasticceria artigianale Bristot\",\"description\":\"Bont&agrave; dolci e salate della tradizione Toscana\",\"publisher\":{\"@id\":\"https:\\\/\\\/www.nuovabristot.com\\\/#organization\"},\"potentialAction\":[{\"@type\":\"SearchAction\",\"target\":{\"@type\":\"EntryPoint\",\"urlTemplate\":\"https:\\\/\\\/www.nuovabristot.com\\\/?s={search_term_string}\"},\"query-input\":{\"@type\":\"PropertyValueSpecification\",\"valueRequired\":true,\"valueName\":\"search_term_string\"}}],\"inLanguage\":\"fr-FR\"},{\"@type\":\"Organization\",\"@id\":\"https:\\\/\\\/www.nuovabristot.com\\\/#organization\",\"name\":\"Pasticceria artigianale Bristot - vendita biscotti online\",\"url\":\"https:\\\/\\\/www.nuovabristot.com\\\/\",\"logo\":{\"@type\":\"ImageObject\",\"inLanguage\":\"fr-FR\",\"@id\":\"https:\\\/\\\/www.nuovabristot.com\\\/#\\\/schema\\\/logo\\\/image\\\/\",\"url\":\"https:\\\/\\\/www.nuovabristot.com\\\/wp-content\\\/uploads\\\/2018\\\/02\\\/logo.png\",\"contentUrl\":\"https:\\\/\\\/www.nuovabristot.com\\\/wp-content\\\/uploads\\\/2018\\\/02\\\/logo.png\",\"width\":560,\"height\":310,\"caption\":\"Pasticceria artigianale Bristot - vendita biscotti online\"},\"image\":{\"@id\":\"https:\\\/\\\/www.nuovabristot.com\\\/#\\\/schema\\\/logo\\\/image\\\/\"},\"sameAs\":[\"https:\\\/\\\/www.facebook.com\\\/Bristot-Pasticceria-1593771654184740\\\/\"]}]}<\/script>\n<!-- \/ Yoast SEO plugin. -->","yoast_head_json":{"title":"Vendita dolci di pasta sfoglia | Pasticceria artigianale Bristot","description":"Provate i dolci della pasticceria Bristot. Vendita dolci di pasta sfoglia. Prodotti tipici artigianali. Specialit\u00e0 regionali Toscane.","robots":{"index":"index","follow":"follow","max-snippet":"max-snippet:-1","max-image-preview":"max-image-preview:large","max-video-preview":"max-video-preview:-1"},"canonical":"https:\/\/www.nuovabristot.com\/pasta-sfoglia\/","og_locale":"fr_FR","og_type":"article","og_title":"Vendita dolci di pasta sfoglia | Pasticceria artigianale Bristot","og_description":"Provate i dolci della pasticceria Bristot. Vendita dolci di pasta sfoglia. Prodotti tipici artigianali. Specialit\u00e0 regionali Toscane.","og_url":"https:\/\/www.nuovabristot.com\/pasta-sfoglia\/","og_site_name":"Pasticceria artigianale Bristot","article_publisher":"https:\/\/www.facebook.com\/Bristot-Pasticceria-1593771654184740\/","twitter_card":"summary_large_image","twitter_misc":{"Dur\u00e9e de lecture estim\u00e9e":"1 minute"},"schema":{"@context":"https:\/\/schema.org","@graph":[{"@type":"WebPage","@id":"https:\/\/www.nuovabristot.com\/pasta-sfoglia\/","url":"https:\/\/www.nuovabristot.com\/pasta-sfoglia\/","name":"Vendita dolci di pasta sfoglia | Pasticceria artigianale Bristot","isPartOf":{"@id":"https:\/\/www.nuovabristot.com\/#website"},"datePublished":"2018-04-30T12:23:57+00:00","description":"Provate i dolci della pasticceria Bristot. Vendita dolci di pasta sfoglia. Prodotti tipici artigianali. Specialit\u00e0 regionali Toscane.","breadcrumb":{"@id":"https:\/\/www.nuovabristot.com\/pasta-sfoglia\/#breadcrumb"},"inLanguage":"fr-FR","potentialAction":[{"@type":"ReadAction","target":["https:\/\/www.nuovabristot.com\/pasta-sfoglia\/"]}]},{"@type":"BreadcrumbList","@id":"https:\/\/www.nuovabristot.com\/pasta-sfoglia\/#breadcrumb","itemListElement":[{"@type":"ListItem","position":1,"name":"Home","item":"https:\/\/www.nuovabristot.com\/fr\/"},{"@type":"ListItem","position":2,"name":"P\u00e2te feuillet\u00e9e"}]},{"@type":"WebSite","@id":"https:\/\/www.nuovabristot.com\/#website","url":"https:\/\/www.nuovabristot.com\/","name":"Pasticceria artigianale Bristot","description":"Bont&agrave; dolci e salate della tradizione Toscana","publisher":{"@id":"https:\/\/www.nuovabristot.com\/#organization"},"potentialAction":[{"@type":"SearchAction","target":{"@type":"EntryPoint","urlTemplate":"https:\/\/www.nuovabristot.com\/?s={search_term_string}"},"query-input":{"@type":"PropertyValueSpecification","valueRequired":true,"valueName":"search_term_string"}}],"inLanguage":"fr-FR"},{"@type":"Organization","@id":"https:\/\/www.nuovabristot.com\/#organization","name":"Pasticceria artigianale Bristot - vendita biscotti online","url":"https:\/\/www.nuovabristot.com\/","logo":{"@type":"ImageObject","inLanguage":"fr-FR","@id":"https:\/\/www.nuovabristot.com\/#\/schema\/logo\/image\/","url":"https:\/\/www.nuovabristot.com\/wp-content\/uploads\/2018\/02\/logo.png","contentUrl":"https:\/\/www.nuovabristot.com\/wp-content\/uploads\/2018\/02\/logo.png","width":560,"height":310,"caption":"Pasticceria artigianale Bristot - vendita biscotti online"},"image":{"@id":"https:\/\/www.nuovabristot.com\/#\/schema\/logo\/image\/"},"sameAs":["https:\/\/www.facebook.com\/Bristot-Pasticceria-1593771654184740\/"]}]}},"_links":{"self":[{"href":"https:\/\/www.nuovabristot.com\/fr\/wp-json\/wp\/v2\/pages\/13511","targetHints":{"allow":["GET"]}}],"collection":[{"href":"https:\/\/www.nuovabristot.com\/fr\/wp-json\/wp\/v2\/pages"}],"about":[{"href":"https:\/\/www.nuovabristot.com\/fr\/wp-json\/wp\/v2\/types\/page"}],"author":[{"embeddable":true,"href":"https:\/\/www.nuovabristot.com\/fr\/wp-json\/wp\/v2\/users\/1"}],"replies":[{"embeddable":true,"href":"https:\/\/www.nuovabristot.com\/fr\/wp-json\/wp\/v2\/comments?post=13511"}],"version-history":[{"count":1,"href":"https:\/\/www.nuovabristot.com\/fr\/wp-json\/wp\/v2\/pages\/13511\/revisions"}],"predecessor-version":[{"id":13512,"href":"https:\/\/www.nuovabristot.com\/fr\/wp-json\/wp\/v2\/pages\/13511\/revisions\/13512"}],"wp:attachment":[{"href":"https:\/\/www.nuovabristot.com\/fr\/wp-json\/wp\/v2\/media?parent=13511"}],"curies":[{"name":"wp","href":"https:\/\/api.w.org\/{rel}","templated":true}]}}