{"id":13215,"date":"2018-04-27T12:29:24","date_gmt":"2018-04-27T10:29:24","guid":{"rendered":"http:\/\/www.nuovabristot.com\/?page_id=13215"},"modified":"2018-04-27T12:29:24","modified_gmt":"2018-04-27T10:29:24","slug":"biscuits-glaces-au-chocolat","status":"publish","type":"page","link":"https:\/\/www.nuovabristot.com\/fr\/biscuits-glaces-au-chocolat\/","title":{"rendered":"Biscuits glac\u00e9s au chocolat"},"content":{"rendered":"<section class=\"wpb-content-wrapper\"><p>[vc_row][vc_column]<div class=\"edgtf-section-title-holder\" >\n\t\t\t\t\t\t<h2 class=\"edgtf-section-before-title\" style=\"font-size: 70px\">Biscuits glac\u00e9s au chocolat<\/h2>\n\t\t\t\t<h2 class=\"edgtf-st-title\" >\n\t\t\t<span><\/span>\n\t\t<\/h2>\n\t\t<\/div>[vc_column_text css=\u00a0\u00bb.vc_custom_1518445158451{margin-top: 30px !important;}\u00a0\u00bb]Le chocolat, utilis\u00e9 si souvent dans nos recettes traditionnelles, poss\u00e8de en r\u00e9alit\u00e9 des origines exotiques et lointaines. Le cacao, originaire d\u2019Am\u00e9rique du Sud, \u00e9tait utilis\u00e9 par les Mayas pour l\u2019\u00e9laboration de boissons \u00e9pic\u00e9es r\u00e9serv\u00e9es aux nobles et aux soldats. En d\u00e9couvrant cette f\u00e8ve, les p\u00e2tissiers s\u2019en sont imm\u00e9diatement empar\u00e9s pour l\u2019exploiter de mille et une fa\u00e7ons. Chez Bristot, nous l\u2019utilisons sous toutes ses formes : cr\u00e9meuse pour garnir nos biscuits ou en gla\u00e7age pour les enrober d\u2019un nuage de douceur.[\/vc_column_text]<div class=\"woocommerce columns-3 \"><ul class=\"products columns-3\">\n<li class=\"product type-product post-13448 status-publish first instock product_cat-biscuits-glaces-au-chocolat has-post-thumbnail shipping-taxable purchasable product-type-simple\">\n\t<div class=\"edgtf-pl-inner\"><div class=\"edgtf-pl-image\"><img loading=\"lazy\" decoding=\"async\" width=\"400\" height=\"400\" src=\"https:\/\/www.nuovabristot.com\/wp-content\/uploads\/2018\/02\/dolciotti-ciok-01-400x400.jpg\" class=\"attachment-woocommerce_thumbnail size-woocommerce_thumbnail\" alt=\"Dolciotti Ciok\" srcset=\"https:\/\/www.nuovabristot.com\/wp-content\/uploads\/2018\/02\/dolciotti-ciok-01-400x400.jpg 400w, https:\/\/www.nuovabristot.com\/wp-content\/uploads\/2018\/02\/dolciotti-ciok-01-200x200.jpg 200w, https:\/\/www.nuovabristot.com\/wp-content\/uploads\/2018\/02\/dolciotti-ciok-01.jpg 800w, https:\/\/www.nuovabristot.com\/wp-content\/uploads\/2018\/02\/dolciotti-ciok-01-150x150.jpg 150w, https:\/\/www.nuovabristot.com\/wp-content\/uploads\/2018\/02\/dolciotti-ciok-01-300x300.jpg 300w, https:\/\/www.nuovabristot.com\/wp-content\/uploads\/2018\/02\/dolciotti-ciok-01-768x768.jpg 768w, https:\/\/www.nuovabristot.com\/wp-content\/uploads\/2018\/02\/dolciotti-ciok-01-550x550.jpg 550w\" sizes=\"auto, (max-width: 400px) 100vw, 400px\" \/><div class=\"edgtf-pl-text\"><div class=\"edgtf-pl-text-outer\"><div class=\"edgtf-pl-text-inner\"><a href=\"\/fr\/wp-json\/wp\/v2\/pages\/13215?add-to-cart=13448\" aria-describedby=\"woocommerce_loop_add_to_cart_link_describedby_13448\" data-quantity=\"1\" class=\"button product_type_simple add_to_cart_button ajax_add_to_cart\" data-product_id=\"13448\" data-product_sku=\"GC2\" aria-label=\"Ajouter au panier\u00a0: &ldquo;Dolciotti Ciok&rdquo;\" rel=\"nofollow\" data-success_message=\"\u00ab\u00a0Dolciotti Ciok\u00a0\u00bb a \u00e9t\u00e9 ajout\u00e9 \u00e0 votre panier\" role=\"button\">Ajouter au panier<\/a>\t<span id=\"woocommerce_loop_add_to_cart_link_describedby_13448\" class=\"screen-reader-text\">\n\t\t\t<\/span>\n<\/div><\/div><\/div><\/div><a href=\"https:\/\/www.nuovabristot.com\/fr\/prodotto\/dolciotti-ciock\/\" class=\"woocommerce-LoopProduct-link woocommerce-loop-product__link\"><\/a><\/div><div class=\"edgtf-pl-text-wrapper\">\t\t\t<p class=\"edgtf-pl-category\"><a href=\"https:\/\/www.nuovabristot.com\/fr\/categoria-prodotto\/biscuits-glaces-au-chocolat\/\" rel=\"tag\">Biscuits glac\u00e9s au chocolat<\/a><\/p>\n\t\t<h6 class=\"edgtf-product-list-title\"><a href=\"https:\/\/www.nuovabristot.com\/fr\/prodotto\/dolciotti-ciock\/\">Dolciotti Ciok<\/a><\/h6>\n\t<span class=\"price\"><span class=\"woocommerce-Price-amount amount\"><bdi>4,90<span class=\"woocommerce-Price-currencySymbol\">&euro;<\/span><\/bdi><\/span><\/span>\n<\/div>\t\t\t<input type=\"hidden\" class=\"pmwProductId\" data-id=\"13448\">\n\t\t\t\t\t<script>\n\t\t\t(window.pmwDataLayer = window.pmwDataLayer || {}).products                = window.pmwDataLayer.products || {};\n\t\t\twindow.pmwDataLayer.products[13448] = {\"id\":\"13448\",\"sku\":\"GC2\",\"price\":4.9000000000000003552713678800500929355621337890625,\"brand\":\"\",\"quantity\":1,\"dyn_r_ids\":{\"post_id\":\"13448\",\"sku\":\"GC2\",\"gpf\":\"woocommerce_gpf_13448\",\"gla\":\"gla_13448\"},\"is_variable\":false,\"type\":\"simple\",\"name\":\"Dolciotti Ciok\",\"category\":[\"Biscuits glac\u00e9s au chocolat\"],\"is_variation\":false};\n\t\t\t\t\twindow.pmw_product_position = window.pmw_product_position || 1;\n\t\twindow.pmwDataLayer.products[13448]['position'] = window.pmw_product_position++;\n\t\t\t\t<\/script>\n\t\t<\/li><li class=\"product type-product post-13449 status-publish instock product_cat-biscuits-glaces-au-chocolat has-post-thumbnail shipping-taxable purchasable product-type-simple\">\n\t<div class=\"edgtf-pl-inner\"><div class=\"edgtf-pl-image\"><img loading=\"lazy\" decoding=\"async\" width=\"400\" height=\"400\" src=\"https:\/\/www.nuovabristot.com\/wp-content\/uploads\/2018\/02\/ruba-cuori-01-400x400.jpg\" class=\"attachment-woocommerce_thumbnail size-woocommerce_thumbnail\" alt=\"Ruba Cuori\" srcset=\"https:\/\/www.nuovabristot.com\/wp-content\/uploads\/2018\/02\/ruba-cuori-01-400x400.jpg 400w, https:\/\/www.nuovabristot.com\/wp-content\/uploads\/2018\/02\/ruba-cuori-01-200x200.jpg 200w, https:\/\/www.nuovabristot.com\/wp-content\/uploads\/2018\/02\/ruba-cuori-01-150x150.jpg 150w, https:\/\/www.nuovabristot.com\/wp-content\/uploads\/2018\/02\/ruba-cuori-01-300x300.jpg 300w, https:\/\/www.nuovabristot.com\/wp-content\/uploads\/2018\/02\/ruba-cuori-01-768x768.jpg 768w, https:\/\/www.nuovabristot.com\/wp-content\/uploads\/2018\/02\/ruba-cuori-01-550x550.jpg 550w, https:\/\/www.nuovabristot.com\/wp-content\/uploads\/2018\/02\/ruba-cuori-01.jpg 800w\" sizes=\"auto, (max-width: 400px) 100vw, 400px\" \/><div class=\"edgtf-pl-text\"><div class=\"edgtf-pl-text-outer\"><div class=\"edgtf-pl-text-inner\"><a href=\"\/fr\/wp-json\/wp\/v2\/pages\/13215?add-to-cart=13449\" aria-describedby=\"woocommerce_loop_add_to_cart_link_describedby_13449\" data-quantity=\"1\" class=\"button product_type_simple add_to_cart_button ajax_add_to_cart\" data-product_id=\"13449\" data-product_sku=\"GC6\" aria-label=\"Ajouter au panier\u00a0: &ldquo;Ruba Cuori&rdquo;\" rel=\"nofollow\" data-success_message=\"\u00ab\u00a0Ruba Cuori\u00a0\u00bb a \u00e9t\u00e9 ajout\u00e9 \u00e0 votre panier\" role=\"button\">Ajouter au panier<\/a>\t<span id=\"woocommerce_loop_add_to_cart_link_describedby_13449\" class=\"screen-reader-text\">\n\t\t\t<\/span>\n<\/div><\/div><\/div><\/div><a href=\"https:\/\/www.nuovabristot.com\/fr\/prodotto\/rubacuori\/\" class=\"woocommerce-LoopProduct-link woocommerce-loop-product__link\"><\/a><\/div><div class=\"edgtf-pl-text-wrapper\">\t\t\t<p class=\"edgtf-pl-category\"><a href=\"https:\/\/www.nuovabristot.com\/fr\/categoria-prodotto\/biscuits-glaces-au-chocolat\/\" rel=\"tag\">Biscuits glac\u00e9s au chocolat<\/a><\/p>\n\t\t<h6 class=\"edgtf-product-list-title\"><a href=\"https:\/\/www.nuovabristot.com\/fr\/prodotto\/rubacuori\/\">Ruba Cuori<\/a><\/h6>\n\t<span class=\"price\"><span class=\"woocommerce-Price-amount amount\"><bdi>4,90<span class=\"woocommerce-Price-currencySymbol\">&euro;<\/span><\/bdi><\/span><\/span>\n<\/div>\t\t\t<input type=\"hidden\" class=\"pmwProductId\" data-id=\"13449\">\n\t\t\t\t\t<script>\n\t\t\t(window.pmwDataLayer = window.pmwDataLayer || {}).products                = window.pmwDataLayer.products || {};\n\t\t\twindow.pmwDataLayer.products[13449] = {\"id\":\"13449\",\"sku\":\"GC6\",\"price\":4.9000000000000003552713678800500929355621337890625,\"brand\":\"\",\"quantity\":1,\"dyn_r_ids\":{\"post_id\":\"13449\",\"sku\":\"GC6\",\"gpf\":\"woocommerce_gpf_13449\",\"gla\":\"gla_13449\"},\"is_variable\":false,\"type\":\"simple\",\"name\":\"Ruba Cuori\",\"category\":[\"Biscuits glac\u00e9s au chocolat\"],\"is_variation\":false};\n\t\t\t\t\twindow.pmw_product_position = window.pmw_product_position || 1;\n\t\twindow.pmwDataLayer.products[13449]['position'] = window.pmw_product_position++;\n\t\t\t\t<\/script>\n\t\t<\/li><li class=\"product type-product post-13450 status-publish last instock product_cat-biscuits-glaces-au-chocolat has-post-thumbnail shipping-taxable purchasable product-type-simple\">\n\t<div class=\"edgtf-pl-inner\"><div class=\"edgtf-pl-image\"><img loading=\"lazy\" decoding=\"async\" width=\"400\" height=\"400\" src=\"https:\/\/www.nuovabristot.com\/wp-content\/uploads\/2018\/02\/ferri-di-cavallo-01-400x400.jpg\" class=\"attachment-woocommerce_thumbnail size-woocommerce_thumbnail\" alt=\"Ferri Ciok\" srcset=\"https:\/\/www.nuovabristot.com\/wp-content\/uploads\/2018\/02\/ferri-di-cavallo-01-400x400.jpg 400w, https:\/\/www.nuovabristot.com\/wp-content\/uploads\/2018\/02\/ferri-di-cavallo-01-200x200.jpg 200w, https:\/\/www.nuovabristot.com\/wp-content\/uploads\/2018\/02\/ferri-di-cavallo-01.jpg 800w, https:\/\/www.nuovabristot.com\/wp-content\/uploads\/2018\/02\/ferri-di-cavallo-01-150x150.jpg 150w, https:\/\/www.nuovabristot.com\/wp-content\/uploads\/2018\/02\/ferri-di-cavallo-01-300x300.jpg 300w, https:\/\/www.nuovabristot.com\/wp-content\/uploads\/2018\/02\/ferri-di-cavallo-01-768x768.jpg 768w, https:\/\/www.nuovabristot.com\/wp-content\/uploads\/2018\/02\/ferri-di-cavallo-01-550x550.jpg 550w\" sizes=\"auto, (max-width: 400px) 100vw, 400px\" \/><div class=\"edgtf-pl-text\"><div class=\"edgtf-pl-text-outer\"><div class=\"edgtf-pl-text-inner\"><a href=\"\/fr\/wp-json\/wp\/v2\/pages\/13215?add-to-cart=13450\" aria-describedby=\"woocommerce_loop_add_to_cart_link_describedby_13450\" data-quantity=\"1\" class=\"button product_type_simple add_to_cart_button ajax_add_to_cart\" data-product_id=\"13450\" data-product_sku=\"GC4\" aria-label=\"Ajouter au panier\u00a0: &ldquo;Ferri Ciok&rdquo;\" rel=\"nofollow\" data-success_message=\"\u00ab\u00a0Ferri Ciok\u00a0\u00bb a \u00e9t\u00e9 ajout\u00e9 \u00e0 votre panier\" role=\"button\">Ajouter au panier<\/a>\t<span id=\"woocommerce_loop_add_to_cart_link_describedby_13450\" class=\"screen-reader-text\">\n\t\t\t<\/span>\n<\/div><\/div><\/div><\/div><a href=\"https:\/\/www.nuovabristot.com\/fr\/prodotto\/ferri-ciock\/\" class=\"woocommerce-LoopProduct-link woocommerce-loop-product__link\"><\/a><\/div><div class=\"edgtf-pl-text-wrapper\">\t\t\t<p class=\"edgtf-pl-category\"><a href=\"https:\/\/www.nuovabristot.com\/fr\/categoria-prodotto\/biscuits-glaces-au-chocolat\/\" rel=\"tag\">Biscuits glac\u00e9s au chocolat<\/a><\/p>\n\t\t<h6 class=\"edgtf-product-list-title\"><a href=\"https:\/\/www.nuovabristot.com\/fr\/prodotto\/ferri-ciock\/\">Ferri Ciok<\/a><\/h6>\n\t<span class=\"price\"><span class=\"woocommerce-Price-amount amount\"><bdi>4,90<span class=\"woocommerce-Price-currencySymbol\">&euro;<\/span><\/bdi><\/span><\/span>\n<\/div>\t\t\t<input type=\"hidden\" class=\"pmwProductId\" data-id=\"13450\">\n\t\t\t\t\t<script>\n\t\t\t(window.pmwDataLayer = window.pmwDataLayer || {}).products                = window.pmwDataLayer.products || {};\n\t\t\twindow.pmwDataLayer.products[13450] = {\"id\":\"13450\",\"sku\":\"GC4\",\"price\":4.9000000000000003552713678800500929355621337890625,\"brand\":\"\",\"quantity\":1,\"dyn_r_ids\":{\"post_id\":\"13450\",\"sku\":\"GC4\",\"gpf\":\"woocommerce_gpf_13450\",\"gla\":\"gla_13450\"},\"is_variable\":false,\"type\":\"simple\",\"name\":\"Ferri Ciok\",\"category\":[\"Biscuits glac\u00e9s au chocolat\"],\"is_variation\":false};\n\t\t\t\t\twindow.pmw_product_position = window.pmw_product_position || 1;\n\t\twindow.pmwDataLayer.products[13450]['position'] = window.pmw_product_position++;\n\t\t\t\t<\/script>\n\t\t<\/li><li class=\"product type-product post-14235 status-publish first instock product_cat-biscuits-glaces-au-chocolat product_cat-pate-brisee has-post-thumbnail shipping-taxable purchasable product-type-simple\">\n\t<div class=\"edgtf-pl-inner\"><div class=\"edgtf-pl-image\"><img loading=\"lazy\" decoding=\"async\" width=\"400\" height=\"400\" src=\"https:\/\/www.nuovabristot.com\/wp-content\/uploads\/2019\/04\/cantuccini-mandorla-400x400.jpg\" class=\"attachment-woocommerce_thumbnail size-woocommerce_thumbnail\" alt=\"Cantuccini Tuffati\" srcset=\"https:\/\/www.nuovabristot.com\/wp-content\/uploads\/2019\/04\/cantuccini-mandorla-400x400.jpg 400w, https:\/\/www.nuovabristot.com\/wp-content\/uploads\/2019\/04\/cantuccini-mandorla-200x200.jpg 200w, https:\/\/www.nuovabristot.com\/wp-content\/uploads\/2019\/04\/cantuccini-mandorla-150x150.jpg 150w, https:\/\/www.nuovabristot.com\/wp-content\/uploads\/2019\/04\/cantuccini-mandorla-300x300.jpg 300w, https:\/\/www.nuovabristot.com\/wp-content\/uploads\/2019\/04\/cantuccini-mandorla-768x768.jpg 768w, https:\/\/www.nuovabristot.com\/wp-content\/uploads\/2019\/04\/cantuccini-mandorla-550x550.jpg 550w, https:\/\/www.nuovabristot.com\/wp-content\/uploads\/2019\/04\/cantuccini-mandorla.jpg 800w\" sizes=\"auto, (max-width: 400px) 100vw, 400px\" \/><div class=\"edgtf-pl-text\"><div class=\"edgtf-pl-text-outer\"><div class=\"edgtf-pl-text-inner\"><a href=\"\/fr\/wp-json\/wp\/v2\/pages\/13215?add-to-cart=14235\" aria-describedby=\"woocommerce_loop_add_to_cart_link_describedby_14235\" data-quantity=\"1\" class=\"button product_type_simple add_to_cart_button ajax_add_to_cart\" data-product_id=\"14235\" data-product_sku=\"GC1\" aria-label=\"Ajouter au panier\u00a0: &ldquo;Cantuccini Tuffati&rdquo;\" rel=\"nofollow\" data-success_message=\"\u00ab\u00a0Cantuccini Tuffati\u00a0\u00bb a \u00e9t\u00e9 ajout\u00e9 \u00e0 votre panier\" role=\"button\">Ajouter au panier<\/a>\t<span id=\"woocommerce_loop_add_to_cart_link_describedby_14235\" class=\"screen-reader-text\">\n\t\t\t<\/span>\n<\/div><\/div><\/div><\/div><a href=\"https:\/\/www.nuovabristot.com\/fr\/prodotto\/cantuccini-mandorla-tuffati\/\" class=\"woocommerce-LoopProduct-link woocommerce-loop-product__link\"><\/a><\/div><div class=\"edgtf-pl-text-wrapper\">\t\t\t<p class=\"edgtf-pl-category\"><a href=\"https:\/\/www.nuovabristot.com\/fr\/categoria-prodotto\/biscuits-glaces-au-chocolat\/\" rel=\"tag\">Biscuits glac\u00e9s au chocolat<\/a>, <a href=\"https:\/\/www.nuovabristot.com\/fr\/categoria-prodotto\/pate-brisee\/\" rel=\"tag\">P\u00e2te bris\u00e9e<\/a><\/p>\n\t\t<h6 class=\"edgtf-product-list-title\"><a href=\"https:\/\/www.nuovabristot.com\/fr\/prodotto\/cantuccini-mandorla-tuffati\/\">Cantuccini Tuffati<\/a><\/h6>\n\t<span class=\"price\"><span class=\"woocommerce-Price-amount amount\"><bdi>4,90<span class=\"woocommerce-Price-currencySymbol\">&euro;<\/span><\/bdi><\/span><\/span>\n<\/div>\t\t\t<input type=\"hidden\" class=\"pmwProductId\" data-id=\"14235\">\n\t\t\t\t\t<script>\n\t\t\t(window.pmwDataLayer = window.pmwDataLayer || {}).products                = window.pmwDataLayer.products || {};\n\t\t\twindow.pmwDataLayer.products[14235] = {\"id\":\"14235\",\"sku\":\"GC1\",\"price\":4.9000000000000003552713678800500929355621337890625,\"brand\":\"\",\"quantity\":1,\"dyn_r_ids\":{\"post_id\":\"14235\",\"sku\":\"GC1\",\"gpf\":\"woocommerce_gpf_14235\",\"gla\":\"gla_14235\"},\"is_variable\":false,\"type\":\"simple\",\"name\":\"Cantuccini Tuffati\",\"category\":[\"Biscuits glac\u00e9s au chocolat\",\"P\u00e2te bris\u00e9e\"],\"is_variation\":false};\n\t\t\t\t\twindow.pmw_product_position = window.pmw_product_position || 1;\n\t\twindow.pmwDataLayer.products[14235]['position'] = window.pmw_product_position++;\n\t\t\t\t<\/script>\n\t\t<\/li><\/ul>\n<\/div>[\/vc_column][\/vc_row]<\/p>\n<\/section>","protected":false},"excerpt":{"rendered":"<p>[vc_row][vc_column][vc_column_text css=\u00a0\u00bb.vc_custom_1518445158451{margin-top: 30px !important;}\u00a0\u00bb]Le chocolat, utilis\u00e9 si souvent dans nos recettes traditionnelles, poss\u00e8de en r\u00e9alit\u00e9 des origines exotiques et lointaines. Le cacao, originaire d\u2019Am\u00e9rique du Sud, \u00e9tait utilis\u00e9 par les Mayas pour l\u2019\u00e9laboration de boissons \u00e9pic\u00e9es r\u00e9serv\u00e9es aux nobles et [&hellip;]<\/p>\n","protected":false},"author":1,"featured_media":0,"parent":0,"menu_order":0,"comment_status":"closed","ping_status":"closed","template":"","meta":{"footnotes":""},"class_list":["post-13215","page","type-page","status-publish","hentry"],"yoast_head":"<!-- This site is optimized with the Yoast SEO plugin v27.3 - https:\/\/yoast.com\/product\/yoast-seo-wordpress\/ -->\n<title>Biscuits glac\u00e9s au chocolat | Pasticceria artigianale Bristot<\/title>\n<meta name=\"robots\" content=\"index, follow, max-snippet:-1, max-image-preview:large, max-video-preview:-1\" \/>\n<link rel=\"canonical\" href=\"https:\/\/www.nuovabristot.com\/glassati-al-cioccolato\/\" \/>\n<meta property=\"og:locale\" content=\"fr_FR\" \/>\n<meta property=\"og:type\" content=\"article\" \/>\n<meta property=\"og:title\" content=\"Biscuits glac\u00e9s au chocolat | Pasticceria artigianale Bristot\" \/>\n<meta property=\"og:description\" content=\"[vc_row][vc_column][vc_column_text css=\u00a0\u00bb.vc_custom_1518445158451{margin-top: 30px !important;}\u00a0\u00bb]Le chocolat, utilis\u00e9 si souvent dans nos recettes traditionnelles, poss\u00e8de en r\u00e9alit\u00e9 des origines exotiques et lointaines. Le cacao, originaire d\u2019Am\u00e9rique du Sud, \u00e9tait utilis\u00e9 par les Mayas pour l\u2019\u00e9laboration de boissons \u00e9pic\u00e9es r\u00e9serv\u00e9es aux nobles et [&hellip;]\" \/>\n<meta property=\"og:url\" content=\"https:\/\/www.nuovabristot.com\/glassati-al-cioccolato\/\" \/>\n<meta property=\"og:site_name\" content=\"Pasticceria artigianale Bristot\" \/>\n<meta property=\"article:publisher\" content=\"https:\/\/www.facebook.com\/Bristot-Pasticceria-1593771654184740\/\" \/>\n<meta name=\"twitter:card\" content=\"summary_large_image\" \/>\n<meta name=\"twitter:label1\" content=\"Dur\u00e9e de lecture estim\u00e9e\" \/>\n\t<meta name=\"twitter:data1\" content=\"1 minute\" \/>\n<script type=\"application\/ld+json\" class=\"yoast-schema-graph\">{\"@context\":\"https:\\\/\\\/schema.org\",\"@graph\":[{\"@type\":\"WebPage\",\"@id\":\"https:\\\/\\\/www.nuovabristot.com\\\/glassati-al-cioccolato\\\/\",\"url\":\"https:\\\/\\\/www.nuovabristot.com\\\/glassati-al-cioccolato\\\/\",\"name\":\"Biscuits glac\u00e9s au chocolat | Pasticceria artigianale Bristot\",\"isPartOf\":{\"@id\":\"https:\\\/\\\/www.nuovabristot.com\\\/#website\"},\"datePublished\":\"2018-04-27T10:29:24+00:00\",\"breadcrumb\":{\"@id\":\"https:\\\/\\\/www.nuovabristot.com\\\/glassati-al-cioccolato\\\/#breadcrumb\"},\"inLanguage\":\"fr-FR\",\"potentialAction\":[{\"@type\":\"ReadAction\",\"target\":[\"https:\\\/\\\/www.nuovabristot.com\\\/glassati-al-cioccolato\\\/\"]}]},{\"@type\":\"BreadcrumbList\",\"@id\":\"https:\\\/\\\/www.nuovabristot.com\\\/glassati-al-cioccolato\\\/#breadcrumb\",\"itemListElement\":[{\"@type\":\"ListItem\",\"position\":1,\"name\":\"Home\",\"item\":\"https:\\\/\\\/www.nuovabristot.com\\\/fr\\\/\"},{\"@type\":\"ListItem\",\"position\":2,\"name\":\"Biscuits glac\u00e9s au chocolat\"}]},{\"@type\":\"WebSite\",\"@id\":\"https:\\\/\\\/www.nuovabristot.com\\\/#website\",\"url\":\"https:\\\/\\\/www.nuovabristot.com\\\/\",\"name\":\"Pasticceria artigianale Bristot\",\"description\":\"Bont&agrave; dolci e salate della tradizione Toscana\",\"publisher\":{\"@id\":\"https:\\\/\\\/www.nuovabristot.com\\\/#organization\"},\"potentialAction\":[{\"@type\":\"SearchAction\",\"target\":{\"@type\":\"EntryPoint\",\"urlTemplate\":\"https:\\\/\\\/www.nuovabristot.com\\\/?s={search_term_string}\"},\"query-input\":{\"@type\":\"PropertyValueSpecification\",\"valueRequired\":true,\"valueName\":\"search_term_string\"}}],\"inLanguage\":\"fr-FR\"},{\"@type\":\"Organization\",\"@id\":\"https:\\\/\\\/www.nuovabristot.com\\\/#organization\",\"name\":\"Pasticceria artigianale Bristot - vendita biscotti online\",\"url\":\"https:\\\/\\\/www.nuovabristot.com\\\/\",\"logo\":{\"@type\":\"ImageObject\",\"inLanguage\":\"fr-FR\",\"@id\":\"https:\\\/\\\/www.nuovabristot.com\\\/#\\\/schema\\\/logo\\\/image\\\/\",\"url\":\"https:\\\/\\\/www.nuovabristot.com\\\/wp-content\\\/uploads\\\/2018\\\/02\\\/logo.png\",\"contentUrl\":\"https:\\\/\\\/www.nuovabristot.com\\\/wp-content\\\/uploads\\\/2018\\\/02\\\/logo.png\",\"width\":560,\"height\":310,\"caption\":\"Pasticceria artigianale Bristot - vendita biscotti online\"},\"image\":{\"@id\":\"https:\\\/\\\/www.nuovabristot.com\\\/#\\\/schema\\\/logo\\\/image\\\/\"},\"sameAs\":[\"https:\\\/\\\/www.facebook.com\\\/Bristot-Pasticceria-1593771654184740\\\/\"]}]}<\/script>\n<!-- \/ Yoast SEO plugin. -->","yoast_head_json":{"title":"Biscuits glac\u00e9s au chocolat | Pasticceria artigianale Bristot","robots":{"index":"index","follow":"follow","max-snippet":"max-snippet:-1","max-image-preview":"max-image-preview:large","max-video-preview":"max-video-preview:-1"},"canonical":"https:\/\/www.nuovabristot.com\/glassati-al-cioccolato\/","og_locale":"fr_FR","og_type":"article","og_title":"Biscuits glac\u00e9s au chocolat | Pasticceria artigianale Bristot","og_description":"[vc_row][vc_column][vc_column_text css=\u00a0\u00bb.vc_custom_1518445158451{margin-top: 30px !important;}\u00a0\u00bb]Le chocolat, utilis\u00e9 si souvent dans nos recettes traditionnelles, poss\u00e8de en r\u00e9alit\u00e9 des origines exotiques et lointaines. Le cacao, originaire d\u2019Am\u00e9rique du Sud, \u00e9tait utilis\u00e9 par les Mayas pour l\u2019\u00e9laboration de boissons \u00e9pic\u00e9es r\u00e9serv\u00e9es aux nobles et [&hellip;]","og_url":"https:\/\/www.nuovabristot.com\/glassati-al-cioccolato\/","og_site_name":"Pasticceria artigianale Bristot","article_publisher":"https:\/\/www.facebook.com\/Bristot-Pasticceria-1593771654184740\/","twitter_card":"summary_large_image","twitter_misc":{"Dur\u00e9e de lecture estim\u00e9e":"1 minute"},"schema":{"@context":"https:\/\/schema.org","@graph":[{"@type":"WebPage","@id":"https:\/\/www.nuovabristot.com\/glassati-al-cioccolato\/","url":"https:\/\/www.nuovabristot.com\/glassati-al-cioccolato\/","name":"Biscuits glac\u00e9s au chocolat | Pasticceria artigianale Bristot","isPartOf":{"@id":"https:\/\/www.nuovabristot.com\/#website"},"datePublished":"2018-04-27T10:29:24+00:00","breadcrumb":{"@id":"https:\/\/www.nuovabristot.com\/glassati-al-cioccolato\/#breadcrumb"},"inLanguage":"fr-FR","potentialAction":[{"@type":"ReadAction","target":["https:\/\/www.nuovabristot.com\/glassati-al-cioccolato\/"]}]},{"@type":"BreadcrumbList","@id":"https:\/\/www.nuovabristot.com\/glassati-al-cioccolato\/#breadcrumb","itemListElement":[{"@type":"ListItem","position":1,"name":"Home","item":"https:\/\/www.nuovabristot.com\/fr\/"},{"@type":"ListItem","position":2,"name":"Biscuits glac\u00e9s au chocolat"}]},{"@type":"WebSite","@id":"https:\/\/www.nuovabristot.com\/#website","url":"https:\/\/www.nuovabristot.com\/","name":"Pasticceria artigianale Bristot","description":"Bont&agrave; dolci e salate della tradizione Toscana","publisher":{"@id":"https:\/\/www.nuovabristot.com\/#organization"},"potentialAction":[{"@type":"SearchAction","target":{"@type":"EntryPoint","urlTemplate":"https:\/\/www.nuovabristot.com\/?s={search_term_string}"},"query-input":{"@type":"PropertyValueSpecification","valueRequired":true,"valueName":"search_term_string"}}],"inLanguage":"fr-FR"},{"@type":"Organization","@id":"https:\/\/www.nuovabristot.com\/#organization","name":"Pasticceria artigianale Bristot - vendita biscotti online","url":"https:\/\/www.nuovabristot.com\/","logo":{"@type":"ImageObject","inLanguage":"fr-FR","@id":"https:\/\/www.nuovabristot.com\/#\/schema\/logo\/image\/","url":"https:\/\/www.nuovabristot.com\/wp-content\/uploads\/2018\/02\/logo.png","contentUrl":"https:\/\/www.nuovabristot.com\/wp-content\/uploads\/2018\/02\/logo.png","width":560,"height":310,"caption":"Pasticceria artigianale Bristot - vendita biscotti online"},"image":{"@id":"https:\/\/www.nuovabristot.com\/#\/schema\/logo\/image\/"},"sameAs":["https:\/\/www.facebook.com\/Bristot-Pasticceria-1593771654184740\/"]}]}},"_links":{"self":[{"href":"https:\/\/www.nuovabristot.com\/fr\/wp-json\/wp\/v2\/pages\/13215","targetHints":{"allow":["GET"]}}],"collection":[{"href":"https:\/\/www.nuovabristot.com\/fr\/wp-json\/wp\/v2\/pages"}],"about":[{"href":"https:\/\/www.nuovabristot.com\/fr\/wp-json\/wp\/v2\/types\/page"}],"author":[{"embeddable":true,"href":"https:\/\/www.nuovabristot.com\/fr\/wp-json\/wp\/v2\/users\/1"}],"replies":[{"embeddable":true,"href":"https:\/\/www.nuovabristot.com\/fr\/wp-json\/wp\/v2\/comments?post=13215"}],"version-history":[{"count":1,"href":"https:\/\/www.nuovabristot.com\/fr\/wp-json\/wp\/v2\/pages\/13215\/revisions"}],"predecessor-version":[{"id":13216,"href":"https:\/\/www.nuovabristot.com\/fr\/wp-json\/wp\/v2\/pages\/13215\/revisions\/13216"}],"wp:attachment":[{"href":"https:\/\/www.nuovabristot.com\/fr\/wp-json\/wp\/v2\/media?parent=13215"}],"curies":[{"name":"wp","href":"https:\/\/api.w.org\/{rel}","templated":true}]}}