{"id":13204,"date":"2018-04-27T10:36:39","date_gmt":"2018-04-27T08:36:39","guid":{"rendered":"http:\/\/www.nuovabristot.com\/?page_id=13204"},"modified":"2024-07-29T13:18:26","modified_gmt":"2024-07-29T11:18:26","slug":"condizioni-di-vendita","status":"publish","type":"page","link":"https:\/\/www.nuovabristot.com\/fr\/condizioni-di-vendita\/","title":{"rendered":"TERMS AND CONDITIONS OF SALE"},"content":{"rendered":"<section class=\"wpb-content-wrapper\"><p>[vc_row css_animation=\u00a0\u00bbnone\u00a0\u00bb css=\u00a0\u00bb.vc_custom_1489420704510{padding-top: 94px !important;padding-bottom: 11px !important;}\u00a0\u00bb][vc_column][vc_row_inner row_content_width=\u00a0\u00bbgrid\u00a0\u00bb content_text_aligment=\u00a0\u00bbcenter\u00a0\u00bb][vc_column_inner][vc_column_text]<strong>Fournisseur :<\/strong><\/p>\n<p>Bristot Srl Boulangerie: Via di Fugnano, 20 53037 San Gimignano (Sienne) ITALIE TVA 01334600523 &#8211; REA: 139257 T\u00e9l +39.0577 940506 &#8211; fax +39.0577 906740 email <a rel=\"noreferrer\">info@nuovabristot.com<\/a><\/p>\n<p><strong>BRISTOT \u2013 CONDITIONS G\u00c9N\u00c9RALES DE VENTE<\/strong><\/p>\n<p>Comment passer une commande Toutes les commandes sont pass\u00e9es en ligne. Une commande est consid\u00e9r\u00e9e comme pass\u00e9e une fois que le client a re\u00e7u une copie de l&rsquo;acceptation de la commande par e-mail. \u00c0 cet effet, le client est tenu de v\u00e9rifier la copie de la commande et de nous informer rapidement de toute erreur. Pour d&rsquo;autres besoins, veuillez contacter le service client de Bristot, par t\u00e9l\u00e9phone au 0577\/940506 ou par email \u00e0 <a rel=\"noreferrer\">info@nuovabristot.com<\/a><\/p>\n<p>Prix et disponibilit\u00e9 Les images servent uniquement \u00e0 illustrer le produit. Tous les prix sont en euros et incluent la TVA et l&#8217;emballage. La disponibilit\u00e9 des produits affich\u00e9s en ligne est R\u00c9ELLE et les prix se r\u00e9f\u00e8rent \u00e0 des plateaux de produits individuels. Comme les produits sont faits maison et ont un volume et une consistance variables, le poids peut varier entre les valeurs minimales et maximales indiqu\u00e9es dans la description du produit et sera toujours proche du poids maximal indiqu\u00e9 sur l&rsquo;\u00e9tiquette. Si un ou plusieurs produits command\u00e9s ne sont pas disponibles en stock, ils seront remplac\u00e9s par d&rsquo;autres produits similaires (apr\u00e8s avoir inform\u00e9 le client). Sinon, tout paiement d\u00e9j\u00e0 effectu\u00e9 sera rembours\u00e9.<\/p>\n<p><strong>Paiements<\/strong><\/p>\n<p>Virement bancaire \u00e0 l&rsquo;avance. Nous acceptons les paiements par PayPal, cartes de cr\u00e9dit pr\u00e9pay\u00e9es et les principales cartes de cr\u00e9dit.<\/p>\n<p><strong>Virement bancaire<\/strong><\/p>\n<p>Bristot s.r.l. Via di Fugnano, 20 53037 San Gimignano (Sienne) ITALIE TVA 01334600523<\/p>\n<p>Coordonn\u00e9es bancaires : Banque : Banca Cambiano 1884 IBAN : IT50K0842572000000040396681 BIC\/SWIFT : CRACIT33 Indiquez le num\u00e9ro de commande dans l&rsquo;ordre de paiement<\/p>\n<p><strong>Facturation et re\u00e7us<\/strong><\/p>\n<p>Pour toutes les commandes pass\u00e9es par des clients priv\u00e9s, une copie de la commande sera ins\u00e9r\u00e9e dans la bo\u00eete, avec le re\u00e7u. Pour les commandes pass\u00e9es par des clients enregistr\u00e9s \u00e0 la TVA, une facture sera envoy\u00e9e par e-mail une fois la livraison effectu\u00e9e.<\/p>\n<p>Bon de r\u00e9duction Si vous avez un bon de r\u00e9duction, vous pouvez l&rsquo;utiliser lors de l&rsquo;achat de produits en entrant le code dans l&rsquo;espace pr\u00e9vu. Les bons de r\u00e9duction ne peuvent pas \u00eatre utilis\u00e9s pour l&rsquo;achat de produits en promotion. Pour les r\u00e9ductions r\u00e9serv\u00e9es aux d\u00e9taillants et aux clients de l&rsquo;industrie de la restauration, veuillez \u00e9crire directement \u00e0 <a rel=\"noreferrer\">info@nuovabristot.com<\/a><\/p>\n<p><strong>Les frais de port sont inclus dans le prix de vente.<\/strong><\/p>\n<p>Nous demandons \u00e0 tous nos clients de se rappeler que : le transporteur ne fournit pas de service porte-\u00e0-porte. Les livraisons porte-\u00e0-porte sont \u00e0 la discr\u00e9tion du transporteur, car il ne pourra pas laisser le v\u00e9hicule de livraison sans surveillance pour s&rsquo;occuper personnellement de votre livraison. De m\u00eame, le transporteur ne livre pas sur rendez-vous \u00e0 des heures sp\u00e9cifiques. Nous ferons tout notre possible pour r\u00e9pondre \u00e0 vos demandes sp\u00e9ciales.<\/p>\n<p><strong>D\u00e9lais de production et de livraison<\/strong><\/p>\n<p>Toutes les commandes sont trait\u00e9es le matin apr\u00e8s r\u00e9ception, le transporteur livre les produits command\u00e9s \u00e0 l&rsquo;adresse indiqu\u00e9e lors de la commande. Il incombe au client de v\u00e9rifier que les donn\u00e9es fournies et l&rsquo;adresse de livraison sont correctes : nous d\u00e9clinons toute responsabilit\u00e9 en cas de donn\u00e9es incorrectes. Les livraisons sont effectu\u00e9es du lundi au vendredi, \u00e0 l&rsquo;exception des jours f\u00e9ri\u00e9s. En particulier, les commandes re\u00e7ues apr\u00e8s 11h30 le jeudi seront trait\u00e9es \u00e0 partir du lundi suivant, sauf cas exceptionnel.<\/p>\n<p>Le d\u00e9lai de livraison est de 48 heures (hors samedis, dimanches et jours f\u00e9ri\u00e9s). Pour les envois en Calabre, dans les Pouilles, en Basilicate et vers les principales \u00eeles autour de l&rsquo;Italie, la livraison peut prendre jusqu&rsquo;\u00e0 72 heures.<\/p>\n<p>Attention&#8230;!!! Pendant les principales f\u00eates annuelles (No\u00ebl, Nouvel An, Carnaval et P\u00e2ques), les livraisons peuvent \u00eatre retard\u00e9es et les d\u00e9lais indiqu\u00e9s ci-dessus sont donn\u00e9s \u00e0 titre indicatif seulement. Pendant ces p\u00e9riodes, les clients seront inform\u00e9s de la derni\u00e8re date d&rsquo;exp\u00e9dition des produits traditionnels pour cette p\u00e9riode. Pour plus d&rsquo;informations, veuillez contacter notre service client par email : <a rel=\"noreferrer\">info@nuovabristot.com<\/a> ou par t\u00e9l\u00e9phone, au +39.0577 940506.<\/p>\n<p>Si des colis sont livr\u00e9s avec des signes visibles de manipulation, veuillez accepter les marchandises en \u00e9crivant sur le bordereau de livraison du transporteur \u00ab\u00a0accept\u00e9 sous r\u00e9serve de v\u00e9rification du contenu\u00a0\u00bb, car sans cela, nous ne pourrons pas assumer la responsabilit\u00e9 des dommages \u00e9ventuels. Ensuite, si vous trouvez quelque chose de cass\u00e9 lorsque vous ouvrez le colis, veuillez nous contacter par email \u00e0 l&rsquo;adresse : <a rel=\"noreferrer\">info@nuovabristot.com<\/a><\/p>\n<p><strong>Droit de r\u00e9tractation<\/strong><\/p>\n<p>En d\u00e9rogation expresse aux dispositions de l&rsquo;art. 47 du Code de la consommation (D\u00e9cret l\u00e9gislatif n\u00b0 206 du 06\/09\/2005) et en application l\u00e9gale de l&rsquo;art. 46(1b) dudit Code, en raison de la nature p\u00e9rissable des produits alimentaires et boissons faisant l&rsquo;objet du pr\u00e9sent contrat, le client n&rsquo;a aucun droit de r\u00e9tractation.<\/p>\n<p><strong>D\u00e9claration de confidentialit\u00e9<\/strong><\/p>\n<p>En demandant l&rsquo;inscription ou la r\u00e9ception de la marchandise aux adresses fournies, au sens du D\u00e9cret l\u00e9gislatif n\u00b0 196\/2003 tel que modifi\u00e9 par la suite, vous autorisez le traitement de vos donn\u00e9es personnelles pour le service demand\u00e9. Les donn\u00e9es personnelles sont trait\u00e9es dans le plein respect des libert\u00e9s fondamentales sans pr\u00e9judice de votre vie priv\u00e9e et de votre dignit\u00e9, en adoptant toujours des principes inspir\u00e9s de l&rsquo;\u00e9quit\u00e9, de la l\u00e9galit\u00e9 et de la transparence et \u00e0 des fins qui ne vont pas au-del\u00e0 de celles pour lesquelles ces donn\u00e9es sont collect\u00e9es. Vos donn\u00e9es peuvent \u00eatre trait\u00e9es \u00e0 l&rsquo;aide d&rsquo;instruments \u00e9lectroniques ou manuels, en adoptant toutes les mesures de s\u00e9curit\u00e9 appropri\u00e9es pour garantir leur confidentialit\u00e9 et leur int\u00e9grit\u00e9. Le responsable du traitement des donn\u00e9es est Bristot srl \u2013 Via di Fugnano, 20 \u2013 53037 San Gimignano (Sienne) ITALIE. Vous pouvez, \u00e0 tout moment, faire valoir tous les droits garantis par l&rsquo;art. 7 du D\u00e9cret l\u00e9gislatif n\u00b0 196\/2003 et demander l&rsquo;acc\u00e8s, la modification ou l&rsquo;opposition \u00e0 l&rsquo;utilisation des donn\u00e9es que vous avez fournies.<\/p>\n<p>Litiges Pour tout litige juridique, conform\u00e9ment aux lois en vigueur, le tribunal de Sienne sera comp\u00e9tent.[\/vc_column_text][\/vc_column_inner][\/vc_row_inner][\/vc_column][\/vc_row][vc_row][vc_column][vc_empty_space height=\u00a0\u00bb50px\u00a0\u00bb][\/vc_column][\/vc_row]<\/p>\n<\/section>","protected":false},"excerpt":{"rendered":"<p>[vc_row css_animation=\u00a0\u00bbnone\u00a0\u00bb css=\u00a0\u00bb.vc_custom_1489420704510{padding-top: 94px !important;padding-bottom: 11px !important;}\u00a0\u00bb][vc_column][vc_row_inner row_content_width=\u00a0\u00bbgrid\u00a0\u00bb content_text_aligment=\u00a0\u00bbcenter\u00a0\u00bb][vc_column_inner][vc_column_text]Fournisseur : Bristot Srl Boulangerie: Via di Fugnano, 20 53037 San Gimignano (Sienne) ITALIE TVA 01334600523 &#8211; REA: 139257 T\u00e9l +39.0577 940506 &#8211; fax +39.0577 906740 email info@nuovabristot.com BRISTOT \u2013 CONDITIONS G\u00c9N\u00c9RALES [&hellip;]<\/p>\n","protected":false},"author":1,"featured_media":0,"parent":0,"menu_order":0,"comment_status":"closed","ping_status":"closed","template":"full-width.php","meta":{"footnotes":""},"class_list":["post-13204","page","type-page","status-publish","hentry"],"yoast_head":"<!-- This site is optimized with the Yoast SEO plugin v27.3 - https:\/\/yoast.com\/product\/yoast-seo-wordpress\/ -->\n<title>Bristot le condizioni di vendita<\/title>\n<meta name=\"robots\" content=\"index, follow, max-snippet:-1, max-image-preview:large, max-video-preview:-1\" \/>\n<link rel=\"canonical\" href=\"https:\/\/www.nuovabristot.com\/condizioni-di-vendita\/\" \/>\n<meta property=\"og:locale\" content=\"fr_FR\" \/>\n<meta property=\"og:type\" content=\"article\" \/>\n<meta property=\"og:title\" content=\"Bristot le condizioni di vendita\" \/>\n<meta property=\"og:description\" content=\"[vc_row css_animation=\u00a0\u00bbnone\u00a0\u00bb css=\u00a0\u00bb.vc_custom_1489420704510{padding-top: 94px !important;padding-bottom: 11px !important;}\u00a0\u00bb][vc_column][vc_row_inner row_content_width=\u00a0\u00bbgrid\u00a0\u00bb content_text_aligment=\u00a0\u00bbcenter\u00a0\u00bb][vc_column_inner][vc_column_text]Fournisseur : Bristot Srl Boulangerie: Via di Fugnano, 20 53037 San Gimignano (Sienne) ITALIE TVA 01334600523 &#8211; REA: 139257 T\u00e9l +39.0577 940506 &#8211; fax +39.0577 906740 email info@nuovabristot.com BRISTOT \u2013 CONDITIONS G\u00c9N\u00c9RALES [&hellip;]\" \/>\n<meta property=\"og:url\" content=\"https:\/\/www.nuovabristot.com\/condizioni-di-vendita\/\" \/>\n<meta property=\"og:site_name\" content=\"Pasticceria artigianale Bristot\" \/>\n<meta property=\"article:publisher\" content=\"https:\/\/www.facebook.com\/Bristot-Pasticceria-1593771654184740\/\" \/>\n<meta property=\"article:modified_time\" content=\"2024-07-29T11:18:26+00:00\" \/>\n<meta name=\"twitter:card\" content=\"summary_large_image\" \/>\n<meta name=\"twitter:label1\" content=\"Dur\u00e9e de lecture estim\u00e9e\" \/>\n\t<meta name=\"twitter:data1\" content=\"5 minutes\" \/>\n<script type=\"application\/ld+json\" class=\"yoast-schema-graph\">{\"@context\":\"https:\\\/\\\/schema.org\",\"@graph\":[{\"@type\":\"WebPage\",\"@id\":\"https:\\\/\\\/www.nuovabristot.com\\\/condizioni-di-vendita\\\/\",\"url\":\"https:\\\/\\\/www.nuovabristot.com\\\/condizioni-di-vendita\\\/\",\"name\":\"Bristot le condizioni di vendita\",\"isPartOf\":{\"@id\":\"https:\\\/\\\/www.nuovabristot.com\\\/#website\"},\"datePublished\":\"2018-04-27T08:36:39+00:00\",\"dateModified\":\"2024-07-29T11:18:26+00:00\",\"breadcrumb\":{\"@id\":\"https:\\\/\\\/www.nuovabristot.com\\\/condizioni-di-vendita\\\/#breadcrumb\"},\"inLanguage\":\"fr-FR\",\"potentialAction\":[{\"@type\":\"ReadAction\",\"target\":[\"https:\\\/\\\/www.nuovabristot.com\\\/condizioni-di-vendita\\\/\"]}]},{\"@type\":\"BreadcrumbList\",\"@id\":\"https:\\\/\\\/www.nuovabristot.com\\\/condizioni-di-vendita\\\/#breadcrumb\",\"itemListElement\":[{\"@type\":\"ListItem\",\"position\":1,\"name\":\"Home\",\"item\":\"https:\\\/\\\/www.nuovabristot.com\\\/fr\\\/\"},{\"@type\":\"ListItem\",\"position\":2,\"name\":\"TERMS AND CONDITIONS OF SALE\"}]},{\"@type\":\"WebSite\",\"@id\":\"https:\\\/\\\/www.nuovabristot.com\\\/#website\",\"url\":\"https:\\\/\\\/www.nuovabristot.com\\\/\",\"name\":\"Pasticceria artigianale Bristot\",\"description\":\"Bont&agrave; dolci e salate della tradizione Toscana\",\"publisher\":{\"@id\":\"https:\\\/\\\/www.nuovabristot.com\\\/#organization\"},\"potentialAction\":[{\"@type\":\"SearchAction\",\"target\":{\"@type\":\"EntryPoint\",\"urlTemplate\":\"https:\\\/\\\/www.nuovabristot.com\\\/?s={search_term_string}\"},\"query-input\":{\"@type\":\"PropertyValueSpecification\",\"valueRequired\":true,\"valueName\":\"search_term_string\"}}],\"inLanguage\":\"fr-FR\"},{\"@type\":\"Organization\",\"@id\":\"https:\\\/\\\/www.nuovabristot.com\\\/#organization\",\"name\":\"Pasticceria artigianale Bristot - vendita biscotti online\",\"url\":\"https:\\\/\\\/www.nuovabristot.com\\\/\",\"logo\":{\"@type\":\"ImageObject\",\"inLanguage\":\"fr-FR\",\"@id\":\"https:\\\/\\\/www.nuovabristot.com\\\/#\\\/schema\\\/logo\\\/image\\\/\",\"url\":\"https:\\\/\\\/www.nuovabristot.com\\\/wp-content\\\/uploads\\\/2018\\\/02\\\/logo.png\",\"contentUrl\":\"https:\\\/\\\/www.nuovabristot.com\\\/wp-content\\\/uploads\\\/2018\\\/02\\\/logo.png\",\"width\":560,\"height\":310,\"caption\":\"Pasticceria artigianale Bristot - vendita biscotti online\"},\"image\":{\"@id\":\"https:\\\/\\\/www.nuovabristot.com\\\/#\\\/schema\\\/logo\\\/image\\\/\"},\"sameAs\":[\"https:\\\/\\\/www.facebook.com\\\/Bristot-Pasticceria-1593771654184740\\\/\"]}]}<\/script>\n<!-- \/ Yoast SEO plugin. -->","yoast_head_json":{"title":"Bristot le condizioni di vendita","robots":{"index":"index","follow":"follow","max-snippet":"max-snippet:-1","max-image-preview":"max-image-preview:large","max-video-preview":"max-video-preview:-1"},"canonical":"https:\/\/www.nuovabristot.com\/condizioni-di-vendita\/","og_locale":"fr_FR","og_type":"article","og_title":"Bristot le condizioni di vendita","og_description":"[vc_row css_animation=\u00a0\u00bbnone\u00a0\u00bb css=\u00a0\u00bb.vc_custom_1489420704510{padding-top: 94px !important;padding-bottom: 11px !important;}\u00a0\u00bb][vc_column][vc_row_inner row_content_width=\u00a0\u00bbgrid\u00a0\u00bb content_text_aligment=\u00a0\u00bbcenter\u00a0\u00bb][vc_column_inner][vc_column_text]Fournisseur : Bristot Srl Boulangerie: Via di Fugnano, 20 53037 San Gimignano (Sienne) ITALIE TVA 01334600523 &#8211; REA: 139257 T\u00e9l +39.0577 940506 &#8211; fax +39.0577 906740 email info@nuovabristot.com BRISTOT \u2013 CONDITIONS G\u00c9N\u00c9RALES [&hellip;]","og_url":"https:\/\/www.nuovabristot.com\/condizioni-di-vendita\/","og_site_name":"Pasticceria artigianale Bristot","article_publisher":"https:\/\/www.facebook.com\/Bristot-Pasticceria-1593771654184740\/","article_modified_time":"2024-07-29T11:18:26+00:00","twitter_card":"summary_large_image","twitter_misc":{"Dur\u00e9e de lecture estim\u00e9e":"5 minutes"},"schema":{"@context":"https:\/\/schema.org","@graph":[{"@type":"WebPage","@id":"https:\/\/www.nuovabristot.com\/condizioni-di-vendita\/","url":"https:\/\/www.nuovabristot.com\/condizioni-di-vendita\/","name":"Bristot le condizioni di vendita","isPartOf":{"@id":"https:\/\/www.nuovabristot.com\/#website"},"datePublished":"2018-04-27T08:36:39+00:00","dateModified":"2024-07-29T11:18:26+00:00","breadcrumb":{"@id":"https:\/\/www.nuovabristot.com\/condizioni-di-vendita\/#breadcrumb"},"inLanguage":"fr-FR","potentialAction":[{"@type":"ReadAction","target":["https:\/\/www.nuovabristot.com\/condizioni-di-vendita\/"]}]},{"@type":"BreadcrumbList","@id":"https:\/\/www.nuovabristot.com\/condizioni-di-vendita\/#breadcrumb","itemListElement":[{"@type":"ListItem","position":1,"name":"Home","item":"https:\/\/www.nuovabristot.com\/fr\/"},{"@type":"ListItem","position":2,"name":"TERMS AND CONDITIONS OF SALE"}]},{"@type":"WebSite","@id":"https:\/\/www.nuovabristot.com\/#website","url":"https:\/\/www.nuovabristot.com\/","name":"Pasticceria artigianale Bristot","description":"Bont&agrave; dolci e salate della tradizione Toscana","publisher":{"@id":"https:\/\/www.nuovabristot.com\/#organization"},"potentialAction":[{"@type":"SearchAction","target":{"@type":"EntryPoint","urlTemplate":"https:\/\/www.nuovabristot.com\/?s={search_term_string}"},"query-input":{"@type":"PropertyValueSpecification","valueRequired":true,"valueName":"search_term_string"}}],"inLanguage":"fr-FR"},{"@type":"Organization","@id":"https:\/\/www.nuovabristot.com\/#organization","name":"Pasticceria artigianale Bristot - vendita biscotti online","url":"https:\/\/www.nuovabristot.com\/","logo":{"@type":"ImageObject","inLanguage":"fr-FR","@id":"https:\/\/www.nuovabristot.com\/#\/schema\/logo\/image\/","url":"https:\/\/www.nuovabristot.com\/wp-content\/uploads\/2018\/02\/logo.png","contentUrl":"https:\/\/www.nuovabristot.com\/wp-content\/uploads\/2018\/02\/logo.png","width":560,"height":310,"caption":"Pasticceria artigianale Bristot - vendita biscotti online"},"image":{"@id":"https:\/\/www.nuovabristot.com\/#\/schema\/logo\/image\/"},"sameAs":["https:\/\/www.facebook.com\/Bristot-Pasticceria-1593771654184740\/"]}]}},"_links":{"self":[{"href":"https:\/\/www.nuovabristot.com\/fr\/wp-json\/wp\/v2\/pages\/13204","targetHints":{"allow":["GET"]}}],"collection":[{"href":"https:\/\/www.nuovabristot.com\/fr\/wp-json\/wp\/v2\/pages"}],"about":[{"href":"https:\/\/www.nuovabristot.com\/fr\/wp-json\/wp\/v2\/types\/page"}],"author":[{"embeddable":true,"href":"https:\/\/www.nuovabristot.com\/fr\/wp-json\/wp\/v2\/users\/1"}],"replies":[{"embeddable":true,"href":"https:\/\/www.nuovabristot.com\/fr\/wp-json\/wp\/v2\/comments?post=13204"}],"version-history":[{"count":3,"href":"https:\/\/www.nuovabristot.com\/fr\/wp-json\/wp\/v2\/pages\/13204\/revisions"}],"predecessor-version":[{"id":15285,"href":"https:\/\/www.nuovabristot.com\/fr\/wp-json\/wp\/v2\/pages\/13204\/revisions\/15285"}],"wp:attachment":[{"href":"https:\/\/www.nuovabristot.com\/fr\/wp-json\/wp\/v2\/media?parent=13204"}],"curies":[{"name":"wp","href":"https:\/\/api.w.org\/{rel}","templated":true}]}}