{"id":14201,"date":"2019-04-18T16:13:51","date_gmt":"2019-04-18T14:13:52","guid":{"rendered":"http:\/\/www.nuovabristot.com\/?post_type=product&#038;p=14201"},"modified":"2019-04-18T17:23:50","modified_gmt":"2019-04-18T15:23:50","slug":"alberelli-gocce-tuffati","status":"publish","type":"product","link":"https:\/\/www.nuovabristot.com\/de\/prodotto\/alberelli-gocce-tuffati\/","title":{"rendered":"Alberelli Gocce Tuffati"},"content":{"rendered":"<h4><strong>Schale 180 gr.<\/strong><\/h4>\n<p><strong>Zutaten:<\/strong> MANDELPASTE (Zucker, H\u00fclsenfr\u00fcchte &#8211; wei\u00dfe Bohnen, SOJA -, 10% gesch\u00e4lte MANDELN, modifizierte Kartoffelst\u00e4rke, pflanzliche Fette &#8211; Raps\u00f6l -, Aprikosenkerne, Salz, Konservierungsmittel: E202, Aromen, Farbstoffe: E150a), Aprikosenkerne, Zucker, Schokoladen\u00fcberzug (Zucker, vollst\u00e4ndig hydrierte pflanzliche Fette \u00a0(Palmisten), MAGERMILCHPULVER, 8% mageres Kakaopulver, LACTOSE, Emulgator: E322, nat\u00fcrliches Vanillinaroma),Orangenschale (Orangeat in W\u00fcrfel, Glucose-Fructosesirup, Zucker, S\u00e4uerungsmittel: Zitronens\u00e4ure), Kartoffelflocken, EIKLAR, Emulgator: SOJALECITHIN, Honig, Ammoniumbicarbonat, Backtriebmittel (Dinatriumphosphat, Natriumhydrogencarbonat, WEIZENST\u00c4RKE, Trennmittel: Kalziumkarbonat), Aromen, Konservierungsstoff: E200.<\/p>\n<p><em>Enth\u00e4lt Milch und Milchprodukte, glutenhaltige Getreide<\/em><\/p>\n<p>Ern\u00e4hrungs Merkmale ( g\/100g)<\/p>\n<p><strong>Energiewert<\/strong> 1.738 kJ \/ 414 kcal<br \/>\n<strong>Fett<\/strong> 15,1 g<br \/>\ndavon ges\u00e4ttigte Fetts\u00e4uren 5,1 g<br \/>\n<strong>Kohlenhydrate<\/strong> 59,6 g<br \/>\ndavon Zucker 52,4 g<br \/>\n<strong>Protein<\/strong> 8,0 g<br \/>\n<strong>Salz<\/strong> 0,24 g<\/p>\n","protected":false},"excerpt":{"rendered":"<p>Mandelteig mit Schokoglasur.<\/p>\n","protected":false},"featured_media":14211,"template":"","meta":[],"product_brand":[],"product_cat":[310],"product_tag":[],"class_list":{"0":"post-14201","1":"product","2":"type-product","3":"status-publish","4":"has-post-thumbnail","6":"product_cat-feiertage-weihnachten","8":"first","9":"instock","10":"shipping-taxable","11":"product-type-simple"},"yoast_head":"<!-- This site is optimized with the Yoast SEO plugin v27.3 - https:\/\/yoast.com\/product\/yoast-seo-wordpress\/ -->\n<title>Alberelli Gocce Tuffati | Pasticceria artigianale Bristot<\/title>\n<meta name=\"robots\" content=\"index, follow, max-snippet:-1, max-image-preview:large, max-video-preview:-1\" \/>\n<link rel=\"canonical\" href=\"https:\/\/www.nuovabristot.com\/prodotto\/alberelli-gocce-tuffati\/\" \/>\n<meta property=\"og:locale\" content=\"de_DE\" \/>\n<meta property=\"og:type\" content=\"article\" \/>\n<meta property=\"og:title\" content=\"Alberelli Gocce Tuffati | Pasticceria artigianale Bristot\" \/>\n<meta property=\"og:description\" content=\"Mandelteig mit Schokoglasur.\" \/>\n<meta property=\"og:url\" content=\"https:\/\/www.nuovabristot.com\/prodotto\/alberelli-gocce-tuffati\/\" \/>\n<meta property=\"og:site_name\" content=\"Pasticceria artigianale Bristot\" \/>\n<meta property=\"article:publisher\" content=\"https:\/\/www.facebook.com\/Bristot-Pasticceria-1593771654184740\/\" \/>\n<meta property=\"article:modified_time\" content=\"2019-04-18T15:23:50+00:00\" \/>\n<meta property=\"og:image\" content=\"https:\/\/www.nuovabristot.com\/wp-content\/uploads\/2019\/04\/alberelli-tuffati-01.jpg\" \/>\n\t<meta property=\"og:image:width\" content=\"800\" \/>\n\t<meta property=\"og:image:height\" content=\"800\" \/>\n\t<meta property=\"og:image:type\" content=\"image\/jpeg\" \/>\n<meta name=\"twitter:card\" content=\"summary_large_image\" \/>\n<meta name=\"twitter:label1\" content=\"Gesch\u00e4tzte Lesezeit\" \/>\n\t<meta name=\"twitter:data1\" content=\"1\u00a0Minute\" \/>\n<script type=\"application\/ld+json\" class=\"yoast-schema-graph\">{\"@context\":\"https:\\\/\\\/schema.org\",\"@graph\":[{\"@type\":\"WebPage\",\"@id\":\"https:\\\/\\\/www.nuovabristot.com\\\/prodotto\\\/alberelli-gocce-tuffati\\\/\",\"url\":\"https:\\\/\\\/www.nuovabristot.com\\\/prodotto\\\/alberelli-gocce-tuffati\\\/\",\"name\":\"Alberelli Gocce Tuffati | Pasticceria artigianale Bristot\",\"isPartOf\":{\"@id\":\"https:\\\/\\\/www.nuovabristot.com\\\/#website\"},\"primaryImageOfPage\":{\"@id\":\"https:\\\/\\\/www.nuovabristot.com\\\/prodotto\\\/alberelli-gocce-tuffati\\\/#primaryimage\"},\"image\":{\"@id\":\"https:\\\/\\\/www.nuovabristot.com\\\/prodotto\\\/alberelli-gocce-tuffati\\\/#primaryimage\"},\"thumbnailUrl\":\"https:\\\/\\\/www.nuovabristot.com\\\/wp-content\\\/uploads\\\/2019\\\/04\\\/alberelli-tuffati-01.jpg\",\"datePublished\":\"2019-04-18T14:13:52+00:00\",\"dateModified\":\"2019-04-18T15:23:50+00:00\",\"breadcrumb\":{\"@id\":\"https:\\\/\\\/www.nuovabristot.com\\\/prodotto\\\/alberelli-gocce-tuffati\\\/#breadcrumb\"},\"inLanguage\":\"de\",\"potentialAction\":[{\"@type\":\"ReadAction\",\"target\":[\"https:\\\/\\\/www.nuovabristot.com\\\/prodotto\\\/alberelli-gocce-tuffati\\\/\"]}]},{\"@type\":\"ImageObject\",\"inLanguage\":\"de\",\"@id\":\"https:\\\/\\\/www.nuovabristot.com\\\/prodotto\\\/alberelli-gocce-tuffati\\\/#primaryimage\",\"url\":\"https:\\\/\\\/www.nuovabristot.com\\\/wp-content\\\/uploads\\\/2019\\\/04\\\/alberelli-tuffati-01.jpg\",\"contentUrl\":\"https:\\\/\\\/www.nuovabristot.com\\\/wp-content\\\/uploads\\\/2019\\\/04\\\/alberelli-tuffati-01.jpg\",\"width\":800,\"height\":800},{\"@type\":\"BreadcrumbList\",\"@id\":\"https:\\\/\\\/www.nuovabristot.com\\\/prodotto\\\/alberelli-gocce-tuffati\\\/#breadcrumb\",\"itemListElement\":[{\"@type\":\"ListItem\",\"position\":1,\"name\":\"Home\",\"item\":\"https:\\\/\\\/www.nuovabristot.com\\\/de\\\/\"},{\"@type\":\"ListItem\",\"position\":2,\"name\":\"Negozio\",\"item\":\"https:\\\/\\\/www.nuovabristot.com\\\/de\\\/negozio\\\/\"},{\"@type\":\"ListItem\",\"position\":3,\"name\":\"Alberelli Gocce Tuffati\"}]},{\"@type\":\"WebSite\",\"@id\":\"https:\\\/\\\/www.nuovabristot.com\\\/#website\",\"url\":\"https:\\\/\\\/www.nuovabristot.com\\\/\",\"name\":\"Pasticceria artigianale Bristot\",\"description\":\"Bont&agrave; dolci e salate della tradizione Toscana\",\"publisher\":{\"@id\":\"https:\\\/\\\/www.nuovabristot.com\\\/#organization\"},\"potentialAction\":[{\"@type\":\"SearchAction\",\"target\":{\"@type\":\"EntryPoint\",\"urlTemplate\":\"https:\\\/\\\/www.nuovabristot.com\\\/?s={search_term_string}\"},\"query-input\":{\"@type\":\"PropertyValueSpecification\",\"valueRequired\":true,\"valueName\":\"search_term_string\"}}],\"inLanguage\":\"de\"},{\"@type\":\"Organization\",\"@id\":\"https:\\\/\\\/www.nuovabristot.com\\\/#organization\",\"name\":\"Pasticceria artigianale Bristot - vendita biscotti online\",\"url\":\"https:\\\/\\\/www.nuovabristot.com\\\/\",\"logo\":{\"@type\":\"ImageObject\",\"inLanguage\":\"de\",\"@id\":\"https:\\\/\\\/www.nuovabristot.com\\\/#\\\/schema\\\/logo\\\/image\\\/\",\"url\":\"https:\\\/\\\/www.nuovabristot.com\\\/wp-content\\\/uploads\\\/2018\\\/02\\\/logo.png\",\"contentUrl\":\"https:\\\/\\\/www.nuovabristot.com\\\/wp-content\\\/uploads\\\/2018\\\/02\\\/logo.png\",\"width\":560,\"height\":310,\"caption\":\"Pasticceria artigianale Bristot - vendita biscotti online\"},\"image\":{\"@id\":\"https:\\\/\\\/www.nuovabristot.com\\\/#\\\/schema\\\/logo\\\/image\\\/\"},\"sameAs\":[\"https:\\\/\\\/www.facebook.com\\\/Bristot-Pasticceria-1593771654184740\\\/\"]}]}<\/script>\n<!-- \/ Yoast SEO plugin. -->","yoast_head_json":{"title":"Alberelli Gocce Tuffati | Pasticceria artigianale Bristot","robots":{"index":"index","follow":"follow","max-snippet":"max-snippet:-1","max-image-preview":"max-image-preview:large","max-video-preview":"max-video-preview:-1"},"canonical":"https:\/\/www.nuovabristot.com\/prodotto\/alberelli-gocce-tuffati\/","og_locale":"de_DE","og_type":"article","og_title":"Alberelli Gocce Tuffati | Pasticceria artigianale Bristot","og_description":"Mandelteig mit Schokoglasur.","og_url":"https:\/\/www.nuovabristot.com\/prodotto\/alberelli-gocce-tuffati\/","og_site_name":"Pasticceria artigianale Bristot","article_publisher":"https:\/\/www.facebook.com\/Bristot-Pasticceria-1593771654184740\/","article_modified_time":"2019-04-18T15:23:50+00:00","og_image":[{"width":800,"height":800,"url":"https:\/\/www.nuovabristot.com\/wp-content\/uploads\/2019\/04\/alberelli-tuffati-01.jpg","type":"image\/jpeg"}],"twitter_card":"summary_large_image","twitter_misc":{"Gesch\u00e4tzte Lesezeit":"1\u00a0Minute"},"schema":{"@context":"https:\/\/schema.org","@graph":[{"@type":"WebPage","@id":"https:\/\/www.nuovabristot.com\/prodotto\/alberelli-gocce-tuffati\/","url":"https:\/\/www.nuovabristot.com\/prodotto\/alberelli-gocce-tuffati\/","name":"Alberelli Gocce Tuffati | Pasticceria artigianale Bristot","isPartOf":{"@id":"https:\/\/www.nuovabristot.com\/#website"},"primaryImageOfPage":{"@id":"https:\/\/www.nuovabristot.com\/prodotto\/alberelli-gocce-tuffati\/#primaryimage"},"image":{"@id":"https:\/\/www.nuovabristot.com\/prodotto\/alberelli-gocce-tuffati\/#primaryimage"},"thumbnailUrl":"https:\/\/www.nuovabristot.com\/wp-content\/uploads\/2019\/04\/alberelli-tuffati-01.jpg","datePublished":"2019-04-18T14:13:52+00:00","dateModified":"2019-04-18T15:23:50+00:00","breadcrumb":{"@id":"https:\/\/www.nuovabristot.com\/prodotto\/alberelli-gocce-tuffati\/#breadcrumb"},"inLanguage":"de","potentialAction":[{"@type":"ReadAction","target":["https:\/\/www.nuovabristot.com\/prodotto\/alberelli-gocce-tuffati\/"]}]},{"@type":"ImageObject","inLanguage":"de","@id":"https:\/\/www.nuovabristot.com\/prodotto\/alberelli-gocce-tuffati\/#primaryimage","url":"https:\/\/www.nuovabristot.com\/wp-content\/uploads\/2019\/04\/alberelli-tuffati-01.jpg","contentUrl":"https:\/\/www.nuovabristot.com\/wp-content\/uploads\/2019\/04\/alberelli-tuffati-01.jpg","width":800,"height":800},{"@type":"BreadcrumbList","@id":"https:\/\/www.nuovabristot.com\/prodotto\/alberelli-gocce-tuffati\/#breadcrumb","itemListElement":[{"@type":"ListItem","position":1,"name":"Home","item":"https:\/\/www.nuovabristot.com\/de\/"},{"@type":"ListItem","position":2,"name":"Negozio","item":"https:\/\/www.nuovabristot.com\/de\/negozio\/"},{"@type":"ListItem","position":3,"name":"Alberelli Gocce Tuffati"}]},{"@type":"WebSite","@id":"https:\/\/www.nuovabristot.com\/#website","url":"https:\/\/www.nuovabristot.com\/","name":"Pasticceria artigianale Bristot","description":"Bont&agrave; dolci e salate della tradizione Toscana","publisher":{"@id":"https:\/\/www.nuovabristot.com\/#organization"},"potentialAction":[{"@type":"SearchAction","target":{"@type":"EntryPoint","urlTemplate":"https:\/\/www.nuovabristot.com\/?s={search_term_string}"},"query-input":{"@type":"PropertyValueSpecification","valueRequired":true,"valueName":"search_term_string"}}],"inLanguage":"de"},{"@type":"Organization","@id":"https:\/\/www.nuovabristot.com\/#organization","name":"Pasticceria artigianale Bristot - vendita biscotti online","url":"https:\/\/www.nuovabristot.com\/","logo":{"@type":"ImageObject","inLanguage":"de","@id":"https:\/\/www.nuovabristot.com\/#\/schema\/logo\/image\/","url":"https:\/\/www.nuovabristot.com\/wp-content\/uploads\/2018\/02\/logo.png","contentUrl":"https:\/\/www.nuovabristot.com\/wp-content\/uploads\/2018\/02\/logo.png","width":560,"height":310,"caption":"Pasticceria artigianale Bristot - vendita biscotti online"},"image":{"@id":"https:\/\/www.nuovabristot.com\/#\/schema\/logo\/image\/"},"sameAs":["https:\/\/www.facebook.com\/Bristot-Pasticceria-1593771654184740\/"]}]}},"_links":{"self":[{"href":"https:\/\/www.nuovabristot.com\/de\/wp-json\/wp\/v2\/product\/14201","targetHints":{"allow":["GET"]}}],"collection":[{"href":"https:\/\/www.nuovabristot.com\/de\/wp-json\/wp\/v2\/product"}],"about":[{"href":"https:\/\/www.nuovabristot.com\/de\/wp-json\/wp\/v2\/types\/product"}],"wp:featuredmedia":[{"embeddable":true,"href":"https:\/\/www.nuovabristot.com\/de\/wp-json\/wp\/v2\/media\/14211"}],"wp:attachment":[{"href":"https:\/\/www.nuovabristot.com\/de\/wp-json\/wp\/v2\/media?parent=14201"}],"wp:term":[{"taxonomy":"product_brand","embeddable":true,"href":"https:\/\/www.nuovabristot.com\/de\/wp-json\/wp\/v2\/product_brand?post=14201"},{"taxonomy":"product_cat","embeddable":true,"href":"https:\/\/www.nuovabristot.com\/de\/wp-json\/wp\/v2\/product_cat?post=14201"},{"taxonomy":"product_tag","embeddable":true,"href":"https:\/\/www.nuovabristot.com\/de\/wp-json\/wp\/v2\/product_tag?post=14201"}],"curies":[{"name":"wp","href":"https:\/\/api.w.org\/{rel}","templated":true}]}}