{"id":13393,"date":"2018-02-09T15:30:54","date_gmt":"2018-02-09T14:30:54","guid":{"rendered":"http:\/\/www.nuovabristot.com\/prodotto\/occhi-di-bue\/"},"modified":"2024-11-21T15:02:26","modified_gmt":"2024-11-21T14:02:26","slug":"occhi-di-bue","status":"publish","type":"product","link":"https:\/\/www.nuovabristot.com\/de\/prodotto\/occhi-di-bue\/","title":{"rendered":"Occhi di Bue"},"content":{"rendered":"<h4>Tablett f\u00fcr gr. 200<\/h4>\n<p><strong><u>Zutaten<\/u><\/strong><strong>:<\/strong> fWEIZENMEHL, Pflanzenmargarine ( &#8211; Palm\u00f6l, Raps\u00f6l und Sonnenblumen\u00f6l -, Wasser, BUTTER 2,4%, MILCH Molkenpulver, Emulgatoren: E471, Sonnenblumelecithin, Salz, Honig, Aromen, Konservierungsmittel: Kaliumsorbat, S\u00e4uerungsmittel: Zitronens\u00e4ure, Antioxidationsmittel: E306 \u2013 E304, Farbstoffe: Carotine), Zucker, EIER, Reismehl, Backtriebmittel (Natriumdiphosphat,Natriumcarbonat, MOLKENST\u00c4RKE, Trennmittel: Calciumcarbonat), MILCHSERUM, Honig, Salz, Emulgator: SOJALECITHINE, Aromen.<\/p>\n<p><strong>F\u00fcllung<\/strong>:<\/p>\n<ul>\n<li><strong>Aprikosenkonfit\u00fcre 25%<\/strong>: Glucose-Fructosesirup, Aprikosenp\u00fcree 45%, Zucker, Geliermittel: Pektin, S\u00e4ureregulator: Citronens\u00e4ure, Konservierungsmittel: Kalium sorbate, Aromen. <\/li>\n<li><strong>Kirschen konfit\u00fcre 25%<\/strong>: Glucose-Fructosesirup, Kirschp\u00fcree 40%, Zucker, P\u00fcree von roten Fr\u00fcchten (4% Holunder), Geliermittel: Pektin, S\u00e4ureregulator: Citronens\u00e4ure, Konservierungsmittel: Kalium sorbate, Aromen.<\/li>\n<\/ul>\n<p><em>Kann Spuren von N\u00fcssen (Mandeln) enthalten.<\/em><\/p>\n<p>N\u00e4hrwerttabelle (g\/100 g)<\/p>\n<p><strong>Brennwert<\/strong> 1.791 kJ \/ 427 kcal<br \/>\n<strong>Fett<\/strong> 15,4 g<br \/>\ndavon ges\u00e4ttigte Fetts\u00e4uren 7,2 g<br \/>\n<strong>Kohlenhydrate<\/strong> 65,2 g<br \/>\ndavon Zucker 32,5 g<br \/>\n<strong>Protein<\/strong>\u00a05,9 g<br \/>\n<strong>Salz<\/strong> 1,1 g<\/p>\n","protected":false},"excerpt":{"rendered":"<p>M\u00fcrbeteig mit Kirsch- und Aprikosenmarmelade.<\/p>\n","protected":false},"featured_media":12839,"template":"","meta":[],"product_brand":[],"product_cat":[339,293],"product_tag":[],"class_list":{"0":"post-13393","1":"product","2":"type-product","3":"status-publish","4":"has-post-thumbnail","6":"product_cat-in-vendita-de","7":"product_cat-muerbeteig","9":"first","10":"instock","11":"shipping-taxable","12":"purchasable","13":"product-type-simple"},"yoast_head":"<!-- This site is optimized with the Yoast SEO plugin v27.3 - https:\/\/yoast.com\/product\/yoast-seo-wordpress\/ -->\n<title>Occhi di Bue | Pasticceria artigianale Bristot<\/title>\n<meta name=\"robots\" content=\"index, follow, max-snippet:-1, max-image-preview:large, max-video-preview:-1\" \/>\n<link rel=\"canonical\" href=\"https:\/\/www.nuovabristot.com\/de\/prodotto\/occhi-di-bue\/\" \/>\n<meta property=\"og:locale\" content=\"de_DE\" \/>\n<meta property=\"og:type\" content=\"article\" \/>\n<meta property=\"og:title\" content=\"Occhi di Bue | Pasticceria artigianale Bristot\" \/>\n<meta property=\"og:description\" content=\"M\u00fcrbeteig mit Kirsch- und Aprikosenmarmelade.\" \/>\n<meta property=\"og:url\" content=\"https:\/\/www.nuovabristot.com\/de\/prodotto\/occhi-di-bue\/\" \/>\n<meta property=\"og:site_name\" content=\"Pasticceria artigianale Bristot\" \/>\n<meta property=\"article:publisher\" content=\"https:\/\/www.facebook.com\/Bristot-Pasticceria-1593771654184740\/\" \/>\n<meta property=\"article:modified_time\" content=\"2024-11-21T14:02:26+00:00\" \/>\n<meta property=\"og:image\" content=\"https:\/\/www.nuovabristot.com\/wp-content\/uploads\/2018\/02\/occhi-di-bue-01.jpg\" \/>\n\t<meta property=\"og:image:width\" content=\"800\" \/>\n\t<meta property=\"og:image:height\" content=\"800\" \/>\n\t<meta property=\"og:image:type\" content=\"image\/jpeg\" \/>\n<meta name=\"twitter:card\" content=\"summary_large_image\" \/>\n<meta name=\"twitter:label1\" content=\"Gesch\u00e4tzte Lesezeit\" \/>\n\t<meta name=\"twitter:data1\" content=\"1\u00a0Minute\" \/>\n<script type=\"application\/ld+json\" class=\"yoast-schema-graph\">{\"@context\":\"https:\\\/\\\/schema.org\",\"@graph\":[{\"@type\":\"WebPage\",\"@id\":\"https:\\\/\\\/www.nuovabristot.com\\\/de\\\/prodotto\\\/occhi-di-bue\\\/\",\"url\":\"https:\\\/\\\/www.nuovabristot.com\\\/de\\\/prodotto\\\/occhi-di-bue\\\/\",\"name\":\"Occhi di Bue | Pasticceria artigianale Bristot\",\"isPartOf\":{\"@id\":\"https:\\\/\\\/www.nuovabristot.com\\\/#website\"},\"primaryImageOfPage\":{\"@id\":\"https:\\\/\\\/www.nuovabristot.com\\\/de\\\/prodotto\\\/occhi-di-bue\\\/#primaryimage\"},\"image\":{\"@id\":\"https:\\\/\\\/www.nuovabristot.com\\\/de\\\/prodotto\\\/occhi-di-bue\\\/#primaryimage\"},\"thumbnailUrl\":\"https:\\\/\\\/www.nuovabristot.com\\\/wp-content\\\/uploads\\\/2018\\\/02\\\/occhi-di-bue-01.jpg\",\"datePublished\":\"2018-02-09T14:30:54+00:00\",\"dateModified\":\"2024-11-21T14:02:26+00:00\",\"breadcrumb\":{\"@id\":\"https:\\\/\\\/www.nuovabristot.com\\\/de\\\/prodotto\\\/occhi-di-bue\\\/#breadcrumb\"},\"inLanguage\":\"de\",\"potentialAction\":[{\"@type\":\"ReadAction\",\"target\":[\"https:\\\/\\\/www.nuovabristot.com\\\/de\\\/prodotto\\\/occhi-di-bue\\\/\"]}]},{\"@type\":\"ImageObject\",\"inLanguage\":\"de\",\"@id\":\"https:\\\/\\\/www.nuovabristot.com\\\/de\\\/prodotto\\\/occhi-di-bue\\\/#primaryimage\",\"url\":\"https:\\\/\\\/www.nuovabristot.com\\\/wp-content\\\/uploads\\\/2018\\\/02\\\/occhi-di-bue-01.jpg\",\"contentUrl\":\"https:\\\/\\\/www.nuovabristot.com\\\/wp-content\\\/uploads\\\/2018\\\/02\\\/occhi-di-bue-01.jpg\",\"width\":800,\"height\":800},{\"@type\":\"BreadcrumbList\",\"@id\":\"https:\\\/\\\/www.nuovabristot.com\\\/de\\\/prodotto\\\/occhi-di-bue\\\/#breadcrumb\",\"itemListElement\":[{\"@type\":\"ListItem\",\"position\":1,\"name\":\"Home\",\"item\":\"https:\\\/\\\/www.nuovabristot.com\\\/de\\\/\"},{\"@type\":\"ListItem\",\"position\":2,\"name\":\"Negozio\",\"item\":\"https:\\\/\\\/www.nuovabristot.com\\\/de\\\/negozio\\\/\"},{\"@type\":\"ListItem\",\"position\":3,\"name\":\"Occhi di Bue\"}]},{\"@type\":\"WebSite\",\"@id\":\"https:\\\/\\\/www.nuovabristot.com\\\/#website\",\"url\":\"https:\\\/\\\/www.nuovabristot.com\\\/\",\"name\":\"Pasticceria artigianale Bristot\",\"description\":\"Bont&agrave; dolci e salate della tradizione Toscana\",\"publisher\":{\"@id\":\"https:\\\/\\\/www.nuovabristot.com\\\/#organization\"},\"potentialAction\":[{\"@type\":\"SearchAction\",\"target\":{\"@type\":\"EntryPoint\",\"urlTemplate\":\"https:\\\/\\\/www.nuovabristot.com\\\/?s={search_term_string}\"},\"query-input\":{\"@type\":\"PropertyValueSpecification\",\"valueRequired\":true,\"valueName\":\"search_term_string\"}}],\"inLanguage\":\"de\"},{\"@type\":\"Organization\",\"@id\":\"https:\\\/\\\/www.nuovabristot.com\\\/#organization\",\"name\":\"Pasticceria artigianale Bristot - vendita biscotti online\",\"url\":\"https:\\\/\\\/www.nuovabristot.com\\\/\",\"logo\":{\"@type\":\"ImageObject\",\"inLanguage\":\"de\",\"@id\":\"https:\\\/\\\/www.nuovabristot.com\\\/#\\\/schema\\\/logo\\\/image\\\/\",\"url\":\"https:\\\/\\\/www.nuovabristot.com\\\/wp-content\\\/uploads\\\/2018\\\/02\\\/logo.png\",\"contentUrl\":\"https:\\\/\\\/www.nuovabristot.com\\\/wp-content\\\/uploads\\\/2018\\\/02\\\/logo.png\",\"width\":560,\"height\":310,\"caption\":\"Pasticceria artigianale Bristot - vendita biscotti online\"},\"image\":{\"@id\":\"https:\\\/\\\/www.nuovabristot.com\\\/#\\\/schema\\\/logo\\\/image\\\/\"},\"sameAs\":[\"https:\\\/\\\/www.facebook.com\\\/Bristot-Pasticceria-1593771654184740\\\/\"]}]}<\/script>\n<!-- \/ Yoast SEO plugin. -->","yoast_head_json":{"title":"Occhi di Bue | Pasticceria artigianale Bristot","robots":{"index":"index","follow":"follow","max-snippet":"max-snippet:-1","max-image-preview":"max-image-preview:large","max-video-preview":"max-video-preview:-1"},"canonical":"https:\/\/www.nuovabristot.com\/de\/prodotto\/occhi-di-bue\/","og_locale":"de_DE","og_type":"article","og_title":"Occhi di Bue | Pasticceria artigianale Bristot","og_description":"M\u00fcrbeteig mit Kirsch- und Aprikosenmarmelade.","og_url":"https:\/\/www.nuovabristot.com\/de\/prodotto\/occhi-di-bue\/","og_site_name":"Pasticceria artigianale Bristot","article_publisher":"https:\/\/www.facebook.com\/Bristot-Pasticceria-1593771654184740\/","article_modified_time":"2024-11-21T14:02:26+00:00","og_image":[{"width":800,"height":800,"url":"https:\/\/www.nuovabristot.com\/wp-content\/uploads\/2018\/02\/occhi-di-bue-01.jpg","type":"image\/jpeg"}],"twitter_card":"summary_large_image","twitter_misc":{"Gesch\u00e4tzte Lesezeit":"1\u00a0Minute"},"schema":{"@context":"https:\/\/schema.org","@graph":[{"@type":"WebPage","@id":"https:\/\/www.nuovabristot.com\/de\/prodotto\/occhi-di-bue\/","url":"https:\/\/www.nuovabristot.com\/de\/prodotto\/occhi-di-bue\/","name":"Occhi di Bue | Pasticceria artigianale Bristot","isPartOf":{"@id":"https:\/\/www.nuovabristot.com\/#website"},"primaryImageOfPage":{"@id":"https:\/\/www.nuovabristot.com\/de\/prodotto\/occhi-di-bue\/#primaryimage"},"image":{"@id":"https:\/\/www.nuovabristot.com\/de\/prodotto\/occhi-di-bue\/#primaryimage"},"thumbnailUrl":"https:\/\/www.nuovabristot.com\/wp-content\/uploads\/2018\/02\/occhi-di-bue-01.jpg","datePublished":"2018-02-09T14:30:54+00:00","dateModified":"2024-11-21T14:02:26+00:00","breadcrumb":{"@id":"https:\/\/www.nuovabristot.com\/de\/prodotto\/occhi-di-bue\/#breadcrumb"},"inLanguage":"de","potentialAction":[{"@type":"ReadAction","target":["https:\/\/www.nuovabristot.com\/de\/prodotto\/occhi-di-bue\/"]}]},{"@type":"ImageObject","inLanguage":"de","@id":"https:\/\/www.nuovabristot.com\/de\/prodotto\/occhi-di-bue\/#primaryimage","url":"https:\/\/www.nuovabristot.com\/wp-content\/uploads\/2018\/02\/occhi-di-bue-01.jpg","contentUrl":"https:\/\/www.nuovabristot.com\/wp-content\/uploads\/2018\/02\/occhi-di-bue-01.jpg","width":800,"height":800},{"@type":"BreadcrumbList","@id":"https:\/\/www.nuovabristot.com\/de\/prodotto\/occhi-di-bue\/#breadcrumb","itemListElement":[{"@type":"ListItem","position":1,"name":"Home","item":"https:\/\/www.nuovabristot.com\/de\/"},{"@type":"ListItem","position":2,"name":"Negozio","item":"https:\/\/www.nuovabristot.com\/de\/negozio\/"},{"@type":"ListItem","position":3,"name":"Occhi di Bue"}]},{"@type":"WebSite","@id":"https:\/\/www.nuovabristot.com\/#website","url":"https:\/\/www.nuovabristot.com\/","name":"Pasticceria artigianale Bristot","description":"Bont&agrave; dolci e salate della tradizione Toscana","publisher":{"@id":"https:\/\/www.nuovabristot.com\/#organization"},"potentialAction":[{"@type":"SearchAction","target":{"@type":"EntryPoint","urlTemplate":"https:\/\/www.nuovabristot.com\/?s={search_term_string}"},"query-input":{"@type":"PropertyValueSpecification","valueRequired":true,"valueName":"search_term_string"}}],"inLanguage":"de"},{"@type":"Organization","@id":"https:\/\/www.nuovabristot.com\/#organization","name":"Pasticceria artigianale Bristot - vendita biscotti online","url":"https:\/\/www.nuovabristot.com\/","logo":{"@type":"ImageObject","inLanguage":"de","@id":"https:\/\/www.nuovabristot.com\/#\/schema\/logo\/image\/","url":"https:\/\/www.nuovabristot.com\/wp-content\/uploads\/2018\/02\/logo.png","contentUrl":"https:\/\/www.nuovabristot.com\/wp-content\/uploads\/2018\/02\/logo.png","width":560,"height":310,"caption":"Pasticceria artigianale Bristot - vendita biscotti online"},"image":{"@id":"https:\/\/www.nuovabristot.com\/#\/schema\/logo\/image\/"},"sameAs":["https:\/\/www.facebook.com\/Bristot-Pasticceria-1593771654184740\/"]}]}},"_links":{"self":[{"href":"https:\/\/www.nuovabristot.com\/de\/wp-json\/wp\/v2\/product\/13393","targetHints":{"allow":["GET"]}}],"collection":[{"href":"https:\/\/www.nuovabristot.com\/de\/wp-json\/wp\/v2\/product"}],"about":[{"href":"https:\/\/www.nuovabristot.com\/de\/wp-json\/wp\/v2\/types\/product"}],"wp:featuredmedia":[{"embeddable":true,"href":"https:\/\/www.nuovabristot.com\/de\/wp-json\/wp\/v2\/media\/12839"}],"wp:attachment":[{"href":"https:\/\/www.nuovabristot.com\/de\/wp-json\/wp\/v2\/media?parent=13393"}],"wp:term":[{"taxonomy":"product_brand","embeddable":true,"href":"https:\/\/www.nuovabristot.com\/de\/wp-json\/wp\/v2\/product_brand?post=13393"},{"taxonomy":"product_cat","embeddable":true,"href":"https:\/\/www.nuovabristot.com\/de\/wp-json\/wp\/v2\/product_cat?post=13393"},{"taxonomy":"product_tag","embeddable":true,"href":"https:\/\/www.nuovabristot.com\/de\/wp-json\/wp\/v2\/product_tag?post=13393"}],"curies":[{"name":"wp","href":"https:\/\/api.w.org\/{rel}","templated":true}]}}