{"id":13381,"date":"2017-11-15T15:32:57","date_gmt":"2017-11-15T14:32:57","guid":{"rendered":"http:\/\/www.nuovabristot.com\/prodotto\/maraschini-ciliegia\/"},"modified":"2024-11-21T15:02:25","modified_gmt":"2024-11-21T14:02:25","slug":"maraschini-ciliegia","status":"publish","type":"product","link":"https:\/\/www.nuovabristot.com\/de\/prodotto\/maraschini-ciliegia\/","title":{"rendered":"Maraschini Ciliegia"},"content":{"rendered":"<h4>Schale 200 gr.<\/h4>\n<p><strong><u>Zutaten<\/u><\/strong><strong>:<\/strong> MANDELPASTE (Zucker, H\u00fclsenfr\u00fcchte &#8211; SOJA -, 10% gesch\u00e4lte MANDELN, modifizierte Kartoffelst\u00e4rke, pflanzliche Fette &#8211; Raps\u00f6l -, Aprikosenkerne, Salz, Konservierungsmittel: E202, Aromen, Farbstoffe: E150a), Aprikosenkerne, Zucker, Orangenschale (Orangeat in W\u00fcrfel, Glucose-Fructosesirup, Zucker, S\u00e4uerungsmittel: Zitronens\u00e4ure, Konservierungsmittel: E220), Kartoffelflocken, EIKLAR, Emulgator: SOJALECITHIN, Honig, Ammoniumbicarbonat, Backtriebmittel (Dinatriumphosphat, Natriumhydrogencarbonat, WEIZENST\u00c4RKE, Trennmittel: Kalziumkarbonat), Aromen, Konservierungsstoff: E200.<\/p>\n<p><strong><u>F\u00fcllung Kirschen konfit\u00fcre 25%:<\/u><\/strong>: Glucose-Fructosesirup, Kirschp\u00fcree 40%, Zucker, P\u00fcree von roten Fr\u00fcchten (4% Holunder), Geliermittel: Pektin, S\u00e4ureregulator: Citronens\u00e4ure, Konservierungsmittel: Kalium sorbate, Aromen.<\/p>\n<p>Ern\u00e4hrungs Merkmale ( g\/100g)<\/p>\n<p><strong>Energiewert<\/strong> 1.527 kJ \/ 362 kcal<br \/>\n<strong>Fett<\/strong> 9,1 g<br \/>\ndavon ges\u00e4ttigte Fetts\u00e4uren 0,7 g<br \/>\n<strong>Kohlenhydrate<\/strong> 62,1 g<br \/>\ndavon Zucker 55,0 g<br \/>\n<strong>Protein<\/strong> 6,5 g<br \/>\n<strong>Salz<\/strong> 0,5 g<\/p>\n","protected":false},"excerpt":{"rendered":"<p>Dieses Pl\u00e4tzchen erinnert an den Maraschino, typisch f\u00fcr den Osten, wo er seit Jahrhunderten in der kroatischen Stadt Zara aus Schwarzkirschen hergestellt wird. Es besteht aus Mandelteig und verbirgt ein delikates Herz aus Kirschmarmelade.<\/p>\n","protected":false},"featured_media":12722,"template":"","meta":[],"product_brand":[],"product_cat":[339,290],"product_tag":[],"class_list":{"0":"post-13381","1":"product","2":"type-product","3":"status-publish","4":"has-post-thumbnail","6":"product_cat-in-vendita-de","7":"product_cat-mandeln","9":"first","10":"instock","11":"shipping-taxable","12":"purchasable","13":"product-type-simple"},"yoast_head":"<!-- This site is optimized with the Yoast SEO plugin v27.3 - https:\/\/yoast.com\/product\/yoast-seo-wordpress\/ -->\n<title>Maraschini Ciliegia | Pasticceria artigianale Bristot<\/title>\n<meta name=\"robots\" content=\"index, follow, max-snippet:-1, max-image-preview:large, max-video-preview:-1\" \/>\n<link rel=\"canonical\" href=\"https:\/\/www.nuovabristot.com\/de\/prodotto\/maraschini-ciliegia\/\" \/>\n<meta property=\"og:locale\" content=\"de_DE\" \/>\n<meta property=\"og:type\" content=\"article\" \/>\n<meta property=\"og:title\" content=\"Maraschini Ciliegia | Pasticceria artigianale Bristot\" \/>\n<meta property=\"og:description\" content=\"Dieses Pl\u00e4tzchen erinnert an den Maraschino, typisch f\u00fcr den Osten, wo er seit Jahrhunderten in der kroatischen Stadt Zara aus Schwarzkirschen hergestellt wird. Es besteht aus Mandelteig und verbirgt ein delikates Herz aus Kirschmarmelade.\" \/>\n<meta property=\"og:url\" content=\"https:\/\/www.nuovabristot.com\/de\/prodotto\/maraschini-ciliegia\/\" \/>\n<meta property=\"og:site_name\" content=\"Pasticceria artigianale Bristot\" \/>\n<meta property=\"article:publisher\" content=\"https:\/\/www.facebook.com\/Bristot-Pasticceria-1593771654184740\/\" \/>\n<meta property=\"article:modified_time\" content=\"2024-11-21T14:02:25+00:00\" \/>\n<meta property=\"og:image\" content=\"https:\/\/www.nuovabristot.com\/wp-content\/uploads\/2017\/11\/maraschino-alla-ciliegia-01.jpg\" \/>\n\t<meta property=\"og:image:width\" content=\"800\" \/>\n\t<meta property=\"og:image:height\" content=\"800\" \/>\n\t<meta property=\"og:image:type\" content=\"image\/jpeg\" \/>\n<meta name=\"twitter:card\" content=\"summary_large_image\" \/>\n<meta name=\"twitter:label1\" content=\"Gesch\u00e4tzte Lesezeit\" \/>\n\t<meta name=\"twitter:data1\" content=\"1\u00a0Minute\" \/>\n<script type=\"application\/ld+json\" class=\"yoast-schema-graph\">{\"@context\":\"https:\\\/\\\/schema.org\",\"@graph\":[{\"@type\":\"WebPage\",\"@id\":\"https:\\\/\\\/www.nuovabristot.com\\\/de\\\/prodotto\\\/maraschini-ciliegia\\\/\",\"url\":\"https:\\\/\\\/www.nuovabristot.com\\\/de\\\/prodotto\\\/maraschini-ciliegia\\\/\",\"name\":\"Maraschini Ciliegia | Pasticceria artigianale Bristot\",\"isPartOf\":{\"@id\":\"https:\\\/\\\/www.nuovabristot.com\\\/#website\"},\"primaryImageOfPage\":{\"@id\":\"https:\\\/\\\/www.nuovabristot.com\\\/de\\\/prodotto\\\/maraschini-ciliegia\\\/#primaryimage\"},\"image\":{\"@id\":\"https:\\\/\\\/www.nuovabristot.com\\\/de\\\/prodotto\\\/maraschini-ciliegia\\\/#primaryimage\"},\"thumbnailUrl\":\"https:\\\/\\\/www.nuovabristot.com\\\/wp-content\\\/uploads\\\/2017\\\/11\\\/maraschino-alla-ciliegia-01.jpg\",\"datePublished\":\"2017-11-15T14:32:57+00:00\",\"dateModified\":\"2024-11-21T14:02:25+00:00\",\"breadcrumb\":{\"@id\":\"https:\\\/\\\/www.nuovabristot.com\\\/de\\\/prodotto\\\/maraschini-ciliegia\\\/#breadcrumb\"},\"inLanguage\":\"de\",\"potentialAction\":[{\"@type\":\"ReadAction\",\"target\":[\"https:\\\/\\\/www.nuovabristot.com\\\/de\\\/prodotto\\\/maraschini-ciliegia\\\/\"]}]},{\"@type\":\"ImageObject\",\"inLanguage\":\"de\",\"@id\":\"https:\\\/\\\/www.nuovabristot.com\\\/de\\\/prodotto\\\/maraschini-ciliegia\\\/#primaryimage\",\"url\":\"https:\\\/\\\/www.nuovabristot.com\\\/wp-content\\\/uploads\\\/2017\\\/11\\\/maraschino-alla-ciliegia-01.jpg\",\"contentUrl\":\"https:\\\/\\\/www.nuovabristot.com\\\/wp-content\\\/uploads\\\/2017\\\/11\\\/maraschino-alla-ciliegia-01.jpg\",\"width\":800,\"height\":800},{\"@type\":\"BreadcrumbList\",\"@id\":\"https:\\\/\\\/www.nuovabristot.com\\\/de\\\/prodotto\\\/maraschini-ciliegia\\\/#breadcrumb\",\"itemListElement\":[{\"@type\":\"ListItem\",\"position\":1,\"name\":\"Home\",\"item\":\"https:\\\/\\\/www.nuovabristot.com\\\/de\\\/\"},{\"@type\":\"ListItem\",\"position\":2,\"name\":\"Negozio\",\"item\":\"https:\\\/\\\/www.nuovabristot.com\\\/de\\\/negozio\\\/\"},{\"@type\":\"ListItem\",\"position\":3,\"name\":\"Maraschini Ciliegia\"}]},{\"@type\":\"WebSite\",\"@id\":\"https:\\\/\\\/www.nuovabristot.com\\\/#website\",\"url\":\"https:\\\/\\\/www.nuovabristot.com\\\/\",\"name\":\"Pasticceria artigianale Bristot\",\"description\":\"Bont&agrave; dolci e salate della tradizione Toscana\",\"publisher\":{\"@id\":\"https:\\\/\\\/www.nuovabristot.com\\\/#organization\"},\"potentialAction\":[{\"@type\":\"SearchAction\",\"target\":{\"@type\":\"EntryPoint\",\"urlTemplate\":\"https:\\\/\\\/www.nuovabristot.com\\\/?s={search_term_string}\"},\"query-input\":{\"@type\":\"PropertyValueSpecification\",\"valueRequired\":true,\"valueName\":\"search_term_string\"}}],\"inLanguage\":\"de\"},{\"@type\":\"Organization\",\"@id\":\"https:\\\/\\\/www.nuovabristot.com\\\/#organization\",\"name\":\"Pasticceria artigianale Bristot - vendita biscotti online\",\"url\":\"https:\\\/\\\/www.nuovabristot.com\\\/\",\"logo\":{\"@type\":\"ImageObject\",\"inLanguage\":\"de\",\"@id\":\"https:\\\/\\\/www.nuovabristot.com\\\/#\\\/schema\\\/logo\\\/image\\\/\",\"url\":\"https:\\\/\\\/www.nuovabristot.com\\\/wp-content\\\/uploads\\\/2018\\\/02\\\/logo.png\",\"contentUrl\":\"https:\\\/\\\/www.nuovabristot.com\\\/wp-content\\\/uploads\\\/2018\\\/02\\\/logo.png\",\"width\":560,\"height\":310,\"caption\":\"Pasticceria artigianale Bristot - vendita biscotti online\"},\"image\":{\"@id\":\"https:\\\/\\\/www.nuovabristot.com\\\/#\\\/schema\\\/logo\\\/image\\\/\"},\"sameAs\":[\"https:\\\/\\\/www.facebook.com\\\/Bristot-Pasticceria-1593771654184740\\\/\"]}]}<\/script>\n<!-- \/ Yoast SEO plugin. -->","yoast_head_json":{"title":"Maraschini Ciliegia | Pasticceria artigianale Bristot","robots":{"index":"index","follow":"follow","max-snippet":"max-snippet:-1","max-image-preview":"max-image-preview:large","max-video-preview":"max-video-preview:-1"},"canonical":"https:\/\/www.nuovabristot.com\/de\/prodotto\/maraschini-ciliegia\/","og_locale":"de_DE","og_type":"article","og_title":"Maraschini Ciliegia | Pasticceria artigianale Bristot","og_description":"Dieses Pl\u00e4tzchen erinnert an den Maraschino, typisch f\u00fcr den Osten, wo er seit Jahrhunderten in der kroatischen Stadt Zara aus Schwarzkirschen hergestellt wird. Es besteht aus Mandelteig und verbirgt ein delikates Herz aus Kirschmarmelade.","og_url":"https:\/\/www.nuovabristot.com\/de\/prodotto\/maraschini-ciliegia\/","og_site_name":"Pasticceria artigianale Bristot","article_publisher":"https:\/\/www.facebook.com\/Bristot-Pasticceria-1593771654184740\/","article_modified_time":"2024-11-21T14:02:25+00:00","og_image":[{"width":800,"height":800,"url":"https:\/\/www.nuovabristot.com\/wp-content\/uploads\/2017\/11\/maraschino-alla-ciliegia-01.jpg","type":"image\/jpeg"}],"twitter_card":"summary_large_image","twitter_misc":{"Gesch\u00e4tzte Lesezeit":"1\u00a0Minute"},"schema":{"@context":"https:\/\/schema.org","@graph":[{"@type":"WebPage","@id":"https:\/\/www.nuovabristot.com\/de\/prodotto\/maraschini-ciliegia\/","url":"https:\/\/www.nuovabristot.com\/de\/prodotto\/maraschini-ciliegia\/","name":"Maraschini Ciliegia | Pasticceria artigianale Bristot","isPartOf":{"@id":"https:\/\/www.nuovabristot.com\/#website"},"primaryImageOfPage":{"@id":"https:\/\/www.nuovabristot.com\/de\/prodotto\/maraschini-ciliegia\/#primaryimage"},"image":{"@id":"https:\/\/www.nuovabristot.com\/de\/prodotto\/maraschini-ciliegia\/#primaryimage"},"thumbnailUrl":"https:\/\/www.nuovabristot.com\/wp-content\/uploads\/2017\/11\/maraschino-alla-ciliegia-01.jpg","datePublished":"2017-11-15T14:32:57+00:00","dateModified":"2024-11-21T14:02:25+00:00","breadcrumb":{"@id":"https:\/\/www.nuovabristot.com\/de\/prodotto\/maraschini-ciliegia\/#breadcrumb"},"inLanguage":"de","potentialAction":[{"@type":"ReadAction","target":["https:\/\/www.nuovabristot.com\/de\/prodotto\/maraschini-ciliegia\/"]}]},{"@type":"ImageObject","inLanguage":"de","@id":"https:\/\/www.nuovabristot.com\/de\/prodotto\/maraschini-ciliegia\/#primaryimage","url":"https:\/\/www.nuovabristot.com\/wp-content\/uploads\/2017\/11\/maraschino-alla-ciliegia-01.jpg","contentUrl":"https:\/\/www.nuovabristot.com\/wp-content\/uploads\/2017\/11\/maraschino-alla-ciliegia-01.jpg","width":800,"height":800},{"@type":"BreadcrumbList","@id":"https:\/\/www.nuovabristot.com\/de\/prodotto\/maraschini-ciliegia\/#breadcrumb","itemListElement":[{"@type":"ListItem","position":1,"name":"Home","item":"https:\/\/www.nuovabristot.com\/de\/"},{"@type":"ListItem","position":2,"name":"Negozio","item":"https:\/\/www.nuovabristot.com\/de\/negozio\/"},{"@type":"ListItem","position":3,"name":"Maraschini Ciliegia"}]},{"@type":"WebSite","@id":"https:\/\/www.nuovabristot.com\/#website","url":"https:\/\/www.nuovabristot.com\/","name":"Pasticceria artigianale Bristot","description":"Bont&agrave; dolci e salate della tradizione Toscana","publisher":{"@id":"https:\/\/www.nuovabristot.com\/#organization"},"potentialAction":[{"@type":"SearchAction","target":{"@type":"EntryPoint","urlTemplate":"https:\/\/www.nuovabristot.com\/?s={search_term_string}"},"query-input":{"@type":"PropertyValueSpecification","valueRequired":true,"valueName":"search_term_string"}}],"inLanguage":"de"},{"@type":"Organization","@id":"https:\/\/www.nuovabristot.com\/#organization","name":"Pasticceria artigianale Bristot - vendita biscotti online","url":"https:\/\/www.nuovabristot.com\/","logo":{"@type":"ImageObject","inLanguage":"de","@id":"https:\/\/www.nuovabristot.com\/#\/schema\/logo\/image\/","url":"https:\/\/www.nuovabristot.com\/wp-content\/uploads\/2018\/02\/logo.png","contentUrl":"https:\/\/www.nuovabristot.com\/wp-content\/uploads\/2018\/02\/logo.png","width":560,"height":310,"caption":"Pasticceria artigianale Bristot - vendita biscotti online"},"image":{"@id":"https:\/\/www.nuovabristot.com\/#\/schema\/logo\/image\/"},"sameAs":["https:\/\/www.facebook.com\/Bristot-Pasticceria-1593771654184740\/"]}]}},"_links":{"self":[{"href":"https:\/\/www.nuovabristot.com\/de\/wp-json\/wp\/v2\/product\/13381","targetHints":{"allow":["GET"]}}],"collection":[{"href":"https:\/\/www.nuovabristot.com\/de\/wp-json\/wp\/v2\/product"}],"about":[{"href":"https:\/\/www.nuovabristot.com\/de\/wp-json\/wp\/v2\/types\/product"}],"wp:featuredmedia":[{"embeddable":true,"href":"https:\/\/www.nuovabristot.com\/de\/wp-json\/wp\/v2\/media\/12722"}],"wp:attachment":[{"href":"https:\/\/www.nuovabristot.com\/de\/wp-json\/wp\/v2\/media?parent=13381"}],"wp:term":[{"taxonomy":"product_brand","embeddable":true,"href":"https:\/\/www.nuovabristot.com\/de\/wp-json\/wp\/v2\/product_brand?post=13381"},{"taxonomy":"product_cat","embeddable":true,"href":"https:\/\/www.nuovabristot.com\/de\/wp-json\/wp\/v2\/product_cat?post=13381"},{"taxonomy":"product_tag","embeddable":true,"href":"https:\/\/www.nuovabristot.com\/de\/wp-json\/wp\/v2\/product_tag?post=13381"}],"curies":[{"name":"wp","href":"https:\/\/api.w.org\/{rel}","templated":true}]}}