{"id":13377,"date":"2018-02-09T14:41:26","date_gmt":"2018-02-09T13:41:26","guid":{"rendered":"http:\/\/www.nuovabristot.com\/prodotto\/ricciarelli\/"},"modified":"2024-11-21T15:02:25","modified_gmt":"2024-11-21T14:02:25","slug":"ricciarelli","status":"publish","type":"product","link":"https:\/\/www.nuovabristot.com\/de\/prodotto\/ricciarelli\/","title":{"rendered":"Ricciarelli"},"content":{"rendered":"<h4><strong>Schale 200 gr.<\/strong><\/h4>\n<p><strong>Zutaten:<\/strong> MANDELPASTE (Zucker, H\u00fclsenfr\u00fcchte &#8211; SOJA -, 10% gesch\u00e4lte MANDELN, modifizierte Kartoffelst\u00e4rke, pflanzliche Fette &#8211; Raps\u00f6l -, Aprikosenkerne, Salz, Konservierungsmittel: E202, Aromen, Farbstoffe: E150a), Zucker, Aprikosenkerne, Wasser, Orangenschale (Orangeat in W\u00fcrfel, Glucose-Fructosesirup, Zucker, S\u00e4uerungsmittel: Zitronens\u00e4ure, Konservierungsmittel: E220), Kartoffelflocken, EIKLAR, Emulgator: SOJALECITHIN, Honig, Aromen, Vanillin, Konservierungsstoff: E200.<\/p>\n<p><em>Enth\u00e4lt Milch und Milchprodukte, glutenhaltige Getreide<\/em><\/p>\n<p>Ern\u00e4hrungs Merkmale ( g\/100g)<\/p>\n<p><strong>Energiewert<\/strong> 1.652 kJ \/ 393 kcal<br \/>\n<strong>Fett<\/strong> 12,1 g<br \/>\ndavon ges\u00e4ttigte Fetts\u00e4uren 0,9 g<br \/>\n<strong>Kohlenhydrate<\/strong> 60,4 g<br \/>\ndavon Zucker 52,3 g<br \/>\n<strong>Protein<\/strong>\u00a08,6 g<br \/>\n<strong>Salz<\/strong> 0,2 g<\/p>\n","protected":false},"excerpt":{"rendered":"<p>Die Ricciarelli-Pl\u00e4tzchen sind zweifellos die ber\u00fchmtesten Produkte der sienesischen Konditortradition. Seit dem Mittelalter werden sie gesch\u00e4tzt von Reisenden und H\u00e4ndlern, von Grafen und Herz\u00f6gen, ebenso wie von Bauern und Bankdirektoren. Heute gelten sie als Ikone der Stadt Siena in der Welt. Ein unverzichtbares \u201eMust\u201c auch in der Weihnachtszeit.<\/p>\n","protected":false},"featured_media":12761,"template":"","meta":[],"product_brand":[],"product_cat":[310,339,290],"product_tag":[],"class_list":{"0":"post-13377","1":"product","2":"type-product","3":"status-publish","4":"has-post-thumbnail","6":"product_cat-feiertage-weihnachten","7":"product_cat-in-vendita-de","8":"product_cat-mandeln","10":"first","11":"instock","12":"shipping-taxable","13":"purchasable","14":"product-type-simple"},"yoast_head":"<!-- This site is optimized with the Yoast SEO plugin v27.3 - https:\/\/yoast.com\/product\/yoast-seo-wordpress\/ -->\n<title>Ricciarelli | Pasticceria artigianale Bristot<\/title>\n<meta name=\"robots\" content=\"index, follow, max-snippet:-1, max-image-preview:large, max-video-preview:-1\" \/>\n<link rel=\"canonical\" href=\"https:\/\/www.nuovabristot.com\/de\/prodotto\/ricciarelli\/\" \/>\n<meta property=\"og:locale\" content=\"de_DE\" \/>\n<meta property=\"og:type\" content=\"article\" \/>\n<meta property=\"og:title\" content=\"Ricciarelli | Pasticceria artigianale Bristot\" \/>\n<meta property=\"og:description\" content=\"Die Ricciarelli-Pl\u00e4tzchen sind zweifellos die ber\u00fchmtesten Produkte der sienesischen Konditortradition. Seit dem Mittelalter werden sie gesch\u00e4tzt von Reisenden und H\u00e4ndlern, von Grafen und Herz\u00f6gen, ebenso wie von Bauern und Bankdirektoren. Heute gelten sie als Ikone der Stadt Siena in der Welt. Ein unverzichtbares \u201eMust\u201c auch in der Weihnachtszeit.\" \/>\n<meta property=\"og:url\" content=\"https:\/\/www.nuovabristot.com\/de\/prodotto\/ricciarelli\/\" \/>\n<meta property=\"og:site_name\" content=\"Pasticceria artigianale Bristot\" \/>\n<meta property=\"article:publisher\" content=\"https:\/\/www.facebook.com\/Bristot-Pasticceria-1593771654184740\/\" \/>\n<meta property=\"article:modified_time\" content=\"2024-11-21T14:02:25+00:00\" \/>\n<meta property=\"og:image\" content=\"https:\/\/www.nuovabristot.com\/wp-content\/uploads\/2018\/02\/ricciarelli-01.jpg\" \/>\n\t<meta property=\"og:image:width\" content=\"800\" \/>\n\t<meta property=\"og:image:height\" content=\"800\" \/>\n\t<meta property=\"og:image:type\" content=\"image\/jpeg\" \/>\n<meta name=\"twitter:card\" content=\"summary_large_image\" \/>\n<script type=\"application\/ld+json\" class=\"yoast-schema-graph\">{\"@context\":\"https:\\\/\\\/schema.org\",\"@graph\":[{\"@type\":\"WebPage\",\"@id\":\"https:\\\/\\\/www.nuovabristot.com\\\/de\\\/prodotto\\\/ricciarelli\\\/\",\"url\":\"https:\\\/\\\/www.nuovabristot.com\\\/de\\\/prodotto\\\/ricciarelli\\\/\",\"name\":\"Ricciarelli | Pasticceria artigianale Bristot\",\"isPartOf\":{\"@id\":\"https:\\\/\\\/www.nuovabristot.com\\\/#website\"},\"primaryImageOfPage\":{\"@id\":\"https:\\\/\\\/www.nuovabristot.com\\\/de\\\/prodotto\\\/ricciarelli\\\/#primaryimage\"},\"image\":{\"@id\":\"https:\\\/\\\/www.nuovabristot.com\\\/de\\\/prodotto\\\/ricciarelli\\\/#primaryimage\"},\"thumbnailUrl\":\"https:\\\/\\\/www.nuovabristot.com\\\/wp-content\\\/uploads\\\/2018\\\/02\\\/ricciarelli-01.jpg\",\"datePublished\":\"2018-02-09T13:41:26+00:00\",\"dateModified\":\"2024-11-21T14:02:25+00:00\",\"breadcrumb\":{\"@id\":\"https:\\\/\\\/www.nuovabristot.com\\\/de\\\/prodotto\\\/ricciarelli\\\/#breadcrumb\"},\"inLanguage\":\"de\",\"potentialAction\":[{\"@type\":\"ReadAction\",\"target\":[\"https:\\\/\\\/www.nuovabristot.com\\\/de\\\/prodotto\\\/ricciarelli\\\/\"]}]},{\"@type\":\"ImageObject\",\"inLanguage\":\"de\",\"@id\":\"https:\\\/\\\/www.nuovabristot.com\\\/de\\\/prodotto\\\/ricciarelli\\\/#primaryimage\",\"url\":\"https:\\\/\\\/www.nuovabristot.com\\\/wp-content\\\/uploads\\\/2018\\\/02\\\/ricciarelli-01.jpg\",\"contentUrl\":\"https:\\\/\\\/www.nuovabristot.com\\\/wp-content\\\/uploads\\\/2018\\\/02\\\/ricciarelli-01.jpg\",\"width\":800,\"height\":800},{\"@type\":\"BreadcrumbList\",\"@id\":\"https:\\\/\\\/www.nuovabristot.com\\\/de\\\/prodotto\\\/ricciarelli\\\/#breadcrumb\",\"itemListElement\":[{\"@type\":\"ListItem\",\"position\":1,\"name\":\"Home\",\"item\":\"https:\\\/\\\/www.nuovabristot.com\\\/de\\\/\"},{\"@type\":\"ListItem\",\"position\":2,\"name\":\"Negozio\",\"item\":\"https:\\\/\\\/www.nuovabristot.com\\\/de\\\/negozio\\\/\"},{\"@type\":\"ListItem\",\"position\":3,\"name\":\"Ricciarelli\"}]},{\"@type\":\"WebSite\",\"@id\":\"https:\\\/\\\/www.nuovabristot.com\\\/#website\",\"url\":\"https:\\\/\\\/www.nuovabristot.com\\\/\",\"name\":\"Pasticceria artigianale Bristot\",\"description\":\"Bont&agrave; dolci e salate della tradizione Toscana\",\"publisher\":{\"@id\":\"https:\\\/\\\/www.nuovabristot.com\\\/#organization\"},\"potentialAction\":[{\"@type\":\"SearchAction\",\"target\":{\"@type\":\"EntryPoint\",\"urlTemplate\":\"https:\\\/\\\/www.nuovabristot.com\\\/?s={search_term_string}\"},\"query-input\":{\"@type\":\"PropertyValueSpecification\",\"valueRequired\":true,\"valueName\":\"search_term_string\"}}],\"inLanguage\":\"de\"},{\"@type\":\"Organization\",\"@id\":\"https:\\\/\\\/www.nuovabristot.com\\\/#organization\",\"name\":\"Pasticceria artigianale Bristot - vendita biscotti online\",\"url\":\"https:\\\/\\\/www.nuovabristot.com\\\/\",\"logo\":{\"@type\":\"ImageObject\",\"inLanguage\":\"de\",\"@id\":\"https:\\\/\\\/www.nuovabristot.com\\\/#\\\/schema\\\/logo\\\/image\\\/\",\"url\":\"https:\\\/\\\/www.nuovabristot.com\\\/wp-content\\\/uploads\\\/2018\\\/02\\\/logo.png\",\"contentUrl\":\"https:\\\/\\\/www.nuovabristot.com\\\/wp-content\\\/uploads\\\/2018\\\/02\\\/logo.png\",\"width\":560,\"height\":310,\"caption\":\"Pasticceria artigianale Bristot - vendita biscotti online\"},\"image\":{\"@id\":\"https:\\\/\\\/www.nuovabristot.com\\\/#\\\/schema\\\/logo\\\/image\\\/\"},\"sameAs\":[\"https:\\\/\\\/www.facebook.com\\\/Bristot-Pasticceria-1593771654184740\\\/\"]}]}<\/script>\n<!-- \/ Yoast SEO plugin. -->","yoast_head_json":{"title":"Ricciarelli | Pasticceria artigianale Bristot","robots":{"index":"index","follow":"follow","max-snippet":"max-snippet:-1","max-image-preview":"max-image-preview:large","max-video-preview":"max-video-preview:-1"},"canonical":"https:\/\/www.nuovabristot.com\/de\/prodotto\/ricciarelli\/","og_locale":"de_DE","og_type":"article","og_title":"Ricciarelli | Pasticceria artigianale Bristot","og_description":"Die Ricciarelli-Pl\u00e4tzchen sind zweifellos die ber\u00fchmtesten Produkte der sienesischen Konditortradition. Seit dem Mittelalter werden sie gesch\u00e4tzt von Reisenden und H\u00e4ndlern, von Grafen und Herz\u00f6gen, ebenso wie von Bauern und Bankdirektoren. Heute gelten sie als Ikone der Stadt Siena in der Welt. Ein unverzichtbares \u201eMust\u201c auch in der Weihnachtszeit.","og_url":"https:\/\/www.nuovabristot.com\/de\/prodotto\/ricciarelli\/","og_site_name":"Pasticceria artigianale Bristot","article_publisher":"https:\/\/www.facebook.com\/Bristot-Pasticceria-1593771654184740\/","article_modified_time":"2024-11-21T14:02:25+00:00","og_image":[{"width":800,"height":800,"url":"https:\/\/www.nuovabristot.com\/wp-content\/uploads\/2018\/02\/ricciarelli-01.jpg","type":"image\/jpeg"}],"twitter_card":"summary_large_image","schema":{"@context":"https:\/\/schema.org","@graph":[{"@type":"WebPage","@id":"https:\/\/www.nuovabristot.com\/de\/prodotto\/ricciarelli\/","url":"https:\/\/www.nuovabristot.com\/de\/prodotto\/ricciarelli\/","name":"Ricciarelli | Pasticceria artigianale Bristot","isPartOf":{"@id":"https:\/\/www.nuovabristot.com\/#website"},"primaryImageOfPage":{"@id":"https:\/\/www.nuovabristot.com\/de\/prodotto\/ricciarelli\/#primaryimage"},"image":{"@id":"https:\/\/www.nuovabristot.com\/de\/prodotto\/ricciarelli\/#primaryimage"},"thumbnailUrl":"https:\/\/www.nuovabristot.com\/wp-content\/uploads\/2018\/02\/ricciarelli-01.jpg","datePublished":"2018-02-09T13:41:26+00:00","dateModified":"2024-11-21T14:02:25+00:00","breadcrumb":{"@id":"https:\/\/www.nuovabristot.com\/de\/prodotto\/ricciarelli\/#breadcrumb"},"inLanguage":"de","potentialAction":[{"@type":"ReadAction","target":["https:\/\/www.nuovabristot.com\/de\/prodotto\/ricciarelli\/"]}]},{"@type":"ImageObject","inLanguage":"de","@id":"https:\/\/www.nuovabristot.com\/de\/prodotto\/ricciarelli\/#primaryimage","url":"https:\/\/www.nuovabristot.com\/wp-content\/uploads\/2018\/02\/ricciarelli-01.jpg","contentUrl":"https:\/\/www.nuovabristot.com\/wp-content\/uploads\/2018\/02\/ricciarelli-01.jpg","width":800,"height":800},{"@type":"BreadcrumbList","@id":"https:\/\/www.nuovabristot.com\/de\/prodotto\/ricciarelli\/#breadcrumb","itemListElement":[{"@type":"ListItem","position":1,"name":"Home","item":"https:\/\/www.nuovabristot.com\/de\/"},{"@type":"ListItem","position":2,"name":"Negozio","item":"https:\/\/www.nuovabristot.com\/de\/negozio\/"},{"@type":"ListItem","position":3,"name":"Ricciarelli"}]},{"@type":"WebSite","@id":"https:\/\/www.nuovabristot.com\/#website","url":"https:\/\/www.nuovabristot.com\/","name":"Pasticceria artigianale Bristot","description":"Bont&agrave; dolci e salate della tradizione Toscana","publisher":{"@id":"https:\/\/www.nuovabristot.com\/#organization"},"potentialAction":[{"@type":"SearchAction","target":{"@type":"EntryPoint","urlTemplate":"https:\/\/www.nuovabristot.com\/?s={search_term_string}"},"query-input":{"@type":"PropertyValueSpecification","valueRequired":true,"valueName":"search_term_string"}}],"inLanguage":"de"},{"@type":"Organization","@id":"https:\/\/www.nuovabristot.com\/#organization","name":"Pasticceria artigianale Bristot - vendita biscotti online","url":"https:\/\/www.nuovabristot.com\/","logo":{"@type":"ImageObject","inLanguage":"de","@id":"https:\/\/www.nuovabristot.com\/#\/schema\/logo\/image\/","url":"https:\/\/www.nuovabristot.com\/wp-content\/uploads\/2018\/02\/logo.png","contentUrl":"https:\/\/www.nuovabristot.com\/wp-content\/uploads\/2018\/02\/logo.png","width":560,"height":310,"caption":"Pasticceria artigianale Bristot - vendita biscotti online"},"image":{"@id":"https:\/\/www.nuovabristot.com\/#\/schema\/logo\/image\/"},"sameAs":["https:\/\/www.facebook.com\/Bristot-Pasticceria-1593771654184740\/"]}]}},"_links":{"self":[{"href":"https:\/\/www.nuovabristot.com\/de\/wp-json\/wp\/v2\/product\/13377","targetHints":{"allow":["GET"]}}],"collection":[{"href":"https:\/\/www.nuovabristot.com\/de\/wp-json\/wp\/v2\/product"}],"about":[{"href":"https:\/\/www.nuovabristot.com\/de\/wp-json\/wp\/v2\/types\/product"}],"wp:featuredmedia":[{"embeddable":true,"href":"https:\/\/www.nuovabristot.com\/de\/wp-json\/wp\/v2\/media\/12761"}],"wp:attachment":[{"href":"https:\/\/www.nuovabristot.com\/de\/wp-json\/wp\/v2\/media?parent=13377"}],"wp:term":[{"taxonomy":"product_brand","embeddable":true,"href":"https:\/\/www.nuovabristot.com\/de\/wp-json\/wp\/v2\/product_brand?post=13377"},{"taxonomy":"product_cat","embeddable":true,"href":"https:\/\/www.nuovabristot.com\/de\/wp-json\/wp\/v2\/product_cat?post=13377"},{"taxonomy":"product_tag","embeddable":true,"href":"https:\/\/www.nuovabristot.com\/de\/wp-json\/wp\/v2\/product_tag?post=13377"}],"curies":[{"name":"wp","href":"https:\/\/api.w.org\/{rel}","templated":true}]}}