{"id":13548,"date":"2018-04-30T15:08:28","date_gmt":"2018-04-30T13:08:28","guid":{"rendered":"http:\/\/www.nuovabristot.com\/?page_id=13548"},"modified":"2018-04-30T18:16:07","modified_gmt":"2018-04-30T16:16:07","slug":"geschichte","status":"publish","type":"page","link":"https:\/\/www.nuovabristot.com\/de\/geschichte\/","title":{"rendered":"Geschichte"},"content":{"rendered":"<section class=\"wpb-content-wrapper\"><p>[vc_row row_content_width=&#8220;grid&#8220;][vc_column][vc_empty_space height=&#8220;100px&#8220;]<div class=\"edgtf-section-title-holder\" style=\"text-align: center\">\n\t\t\t\t\t\t<h2 class=\"edgtf-section-before-title\" style=\"font-size: 70px\">Geschichte<\/h2>\n\t\t\t\t<h3 class=\"edgtf-st-title\" style=\"font-size: 35px;font-weight: 400\">\n\t\t\t<span>EINE REISE IN DIE TOSKANA, TRADITIONEN ZUM KENNENLERNEN<\/span>\n\t\t<\/h3>\n\t\t<\/div>[vc_empty_space height=&#8220;44px&#8220;][vc_raw_html]JTNDZGl2JTIwY2xhc3MlM0QlMjJ3cGJfdmlkZW9fd2lkZ2V0JTIwd3BiX2NvbnRlbnRfZWxlbWVudCUyMHZjX2NsZWFyZml4JTIwJTIwJTIwdmNfdmlkZW8tYXNwZWN0LXJhdGlvLTE2OSUyMHZjX3ZpZGVvLWVsLXdpZHRoLTEwMCUyMHZjX3ZpZGVvLWFsaWduLWNlbnRlciUyMiUzRSUwQSUwOSUwOSUzQ2RpdiUyMGNsYXNzJTNEJTIyd3BiX3dyYXBwZXIlMjIlM0UlMEElMDklMDklMDklMEElMDklMDklMDklM0NkaXYlMjBjbGFzcyUzRCUyMndwYl92aWRlb193cmFwcGVyJTIyJTNFJTNDZGl2JTIwY2xhc3MlM0QlMjJ3cGJfdmlkZW9fd3JhcHBlciUyMiUzRSUzQ2RpdiUyMGNsYXNzJTNEJTIyZmx1aWR2aWRzJTIyJTIwc3R5bGUlM0QlMjJwYWRkaW5nLXRvcCUzQSUyMDU2LjIyNjQlMjUlM0IlMjIlM0UlM0NpZnJhbWUlMjBzcmMlM0QlMjJodHRwcyUzQSUyRiUyRnBsYXllci52aW1lby5jb20lMkZ2aWRlbyUyRjI1NTkwOTg4MiUyMiUyMHRpdGxlJTNEJTIyQnJpc3RvdCUyMiUyMHdlYmtpdGFsbG93ZnVsbHNjcmVlbiUzRCUyMiUyMiUyMG1vemFsbG93ZnVsbHNjcmVlbiUzRCUyMiUyMiUyMGFsbG93ZnVsbHNjcmVlbiUzRCUyMiUyMiUyMGNsYXNzJTNEJTIyZmx1aWR2aWRzLWl0ZW0lMjIlMjBkYXRhLWZsdWlkdmlkcyUzRCUyMmxvYWRlZCUyMiUyMGZyYW1lYm9yZGVyJTNEJTIyMCUyMiUyMHdpZHRoJTNEJTIyMTA2MCUyMiUyMGhlaWdodCUzRCUyMjU5NiUyMiUzRSUzQyUyRmlmcmFtZSUzRSUzQyUyRmRpdiUzRSUzQyUyRmRpdiUzRSUzQyUyRmRpdiUzRSUwQSUwOSUwOSUzQyUyRmRpdiUzRSUwQSUwOSUzQyUyRmRpdiUzRQ==[\/vc_raw_html][vc_empty_space height=&#8220;44px&#8220;][\/vc_column][\/vc_row][vc_row][vc_column css=&#8220;.vc_custom_1519223485265{margin-bottom: 100px !important;}&#8220;]<div class=\"edgtf-parallax-holder edgtf-vertical-middle-align edgtf-disabled-parallax-on-touch\" data-parallax-speed=\"1\" style=\"background-image: url(https:\/\/www.nuovabristot.com\/wp-content\/uploads\/2018\/02\/storia-3.jpg);min-height: 400px;height: 400px\">\n\t<div class=\"edgtf-parallax-inner\">\n\t\t<div class=\"edgtf-elements-holder edgtf-one-column edgtf-responsive-mode-768\" ><div class=\"edgtf-eh-item edgtf-horizontal-alignment-center\"  data-item-class=\"edgtf-eh-custom-912022\" data-1280-1600=\"110px 31% 0px 31%\" data-1024-1280=\"110px 28% 0px 28%\" data-768-1024=\"110px 24% 0px 24%\" data-600-768=\"110px 16% 0px 16%\" data-480-600=\"110px 1% 0px 1%\" data-480=\"110px 1% 0px 1%\">\n\t<div class=\"edgtf-eh-item-inner\">\n\t\t<div class=\"edgtf-eh-item-content edgtf-eh-custom-912022\" style=\"padding: 110px 35% 0px 35%\">\n\t\t\t[vc_empty_space height=&#8220;100px&#8220;][vc_empty_space height=&#8220;120px&#8220;]\t\t<\/div>\n\t<\/div>\n<\/div><\/div>\t<\/div>\n<\/div>\n[\/vc_column][\/vc_row][vc_row row_content_width=&#8220;grid&#8220; content_text_aligment=&#8220;left&#8220;][vc_column width=&#8220;1\/2&#8243;][vc_column_text]1957, im St\u00e4dtchen San Gimignano, gr\u00fcndet Giosu\u00e8 Settefonti gemeinsam mit zwei Telhabern eine kleine Produktion der typisch sienesischen Konditorwaren, die besonders f\u00fcr Feiertage geeignet sind.<\/p>\n<p>Der Betrieb nannte sich INDUSTRIA DOLCIARIA.<\/p>\n<p>Den Namen BRISTOT erhielt er wenige Jahre sp\u00e4ter, als 1963 ein wohlhabender Neffe von Giosu\u00e8 mit dem Nachnamen BRISTOT in das Gesch\u00e4ft einstieg. In all den Jahren danach hat BRISTOT erfolgreich gearbeitet und ist gewachsen, und seit Mai 2012 habe ich pers\u00f6nlich die Pflicht und die Ehre, diesen Traditionsbetrieb weiterzuf\u00fchren.<\/p>\n<p>Eine rein handwerkliche Backtradition, bei der s\u00fc\u00dfe und salzige Konditorwaren von Hand und mit \u00fcberliefertem Sachverstand hergestellt werden.<\/p>\n<p>Die von uns verwendetet Zutaten sind einfach und unverf\u00e4lscht: Fruchtmarmeladen, Mandeln, Zucker, Mehl, Kakao, gemischt mit den besten lokalen Produkten. Dank dieser Gewohnheit haben wir uns bewusst gegen GVO und hydrierte Fette entschieden.<\/p>\n<p>So entstehen unsere Produkte:\u00a0 das Feingeb\u00e4ck<em>und die Naturserien, die Weihnachts- und die Osterspezialit\u00e4ten, dank der Hingabe all jener Menschen, die mit ihrer handwerklichen Kompetenz die Firma BRISTOT aufgebaut und lebendig gehalten haben. Eine Hingabe mit Liebe zum Einfachen, zum Unverf\u00e4lschten und zur Echtheit der Toskana.<\/em><\/p>\n<p>Eine Liebe f\u00fcr hockwertige und gute Dinge, die niemals aus der Mode kommen<\/p>\n<p>Gianni Pieragnoli[\/vc_column_text][\/vc_column][vc_column width=&#8220;1\/2&#8243;]<div class=\"edgtf-image-with-text-holder edgtf-image-behavior- \">\n\t<div class=\"edgtf-iwt-image\">\n\t\t<div class=\"edgtf-iwt-image-wrapper\">\n\t\t\t\t\t\t\t\t\t\t\t\t\t\t<img loading=\"lazy\" decoding=\"async\" width=\"800\" height=\"519\" src=\"https:\/\/www.nuovabristot.com\/wp-content\/uploads\/2018\/02\/storia-1-1.jpg\" class=\"attachment-full size-full\" alt=\"\" srcset=\"https:\/\/www.nuovabristot.com\/wp-content\/uploads\/2018\/02\/storia-1-1.jpg 800w, https:\/\/www.nuovabristot.com\/wp-content\/uploads\/2018\/02\/storia-1-1-300x195.jpg 300w, https:\/\/www.nuovabristot.com\/wp-content\/uploads\/2018\/02\/storia-1-1-768x498.jpg 768w\" sizes=\"auto, (max-width: 800px) 100vw, 800px\" \/>\t\t\t\t\t\t\t\t\t\t\t\t<\/div>\n\t<\/div>\n\t<div class=\"edgtf-iwt-text-holder\">\n\t\t\t<\/div>\n<\/div><div class=\"edgtf-image-with-text-holder edgtf-image-behavior- \">\n\t<div class=\"edgtf-iwt-image\">\n\t\t<div class=\"edgtf-iwt-image-wrapper\">\n\t\t\t\t\t\t\t\t\t\t\t\t\t\t<img loading=\"lazy\" decoding=\"async\" width=\"800\" height=\"588\" src=\"https:\/\/www.nuovabristot.com\/wp-content\/uploads\/2018\/02\/storia-2-1.jpg\" class=\"attachment-full size-full\" alt=\"\" srcset=\"https:\/\/www.nuovabristot.com\/wp-content\/uploads\/2018\/02\/storia-2-1.jpg 800w, https:\/\/www.nuovabristot.com\/wp-content\/uploads\/2018\/02\/storia-2-1-300x221.jpg 300w, https:\/\/www.nuovabristot.com\/wp-content\/uploads\/2018\/02\/storia-2-1-768x564.jpg 768w\" sizes=\"auto, (max-width: 800px) 100vw, 800px\" \/>\t\t\t\t\t\t\t\t\t\t\t\t<\/div>\n\t<\/div>\n\t<div class=\"edgtf-iwt-text-holder\">\n\t\t\t<\/div>\n<\/div>[\/vc_column][\/vc_row][vc_row][vc_column][\/vc_column][\/vc_row]<\/p>\n<\/section>","protected":false},"excerpt":{"rendered":"<p>[vc_row row_content_width=&#8220;grid&#8220;][vc_column][vc_empty_space height=&#8220;100px&#8220;][vc_empty_space height=&#8220;44px&#8220;][vc_raw_html]JTNDZGl2JTIwY2xhc3MlM0QlMjJ3cGJfdmlkZW9fd2lkZ2V0JTIwd3BiX2NvbnRlbnRfZWxlbWVudCUyMHZjX2NsZWFyZml4JTIwJTIwJTIwdmNfdmlkZW8tYXNwZWN0LXJhdGlvLTE2OSUyMHZjX3ZpZGVvLWVsLXdpZHRoLTEwMCUyMHZjX3ZpZGVvLWFsaWduLWNlbnRlciUyMiUzRSUwQSUwOSUwOSUzQ2RpdiUyMGNsYXNzJTNEJTIyd3BiX3dyYXBwZXIlMjIlM0UlMEElMDklMDklMDklMEElMDklMDklMDklM0NkaXYlMjBjbGFzcyUzRCUyMndwYl92aWRlb193cmFwcGVyJTIyJTNFJTNDZGl2JTIwY2xhc3MlM0QlMjJ3cGJfdmlkZW9fd3JhcHBlciUyMiUzRSUzQ2RpdiUyMGNsYXNzJTNEJTIyZmx1aWR2aWRzJTIyJTIwc3R5bGUlM0QlMjJwYWRkaW5nLXRvcCUzQSUyMDU2LjIyNjQlMjUlM0IlMjIlM0UlM0NpZnJhbWUlMjBzcmMlM0QlMjJodHRwcyUzQSUyRiUyRnBsYXllci52aW1lby5jb20lMkZ2aWRlbyUyRjI1NTkwOTg4MiUyMiUyMHRpdGxlJTNEJTIyQnJpc3RvdCUyMiUyMHdlYmtpdGFsbG93ZnVsbHNjcmVlbiUzRCUyMiUyMiUyMG1vemFsbG93ZnVsbHNjcmVlbiUzRCUyMiUyMiUyMGFsbG93ZnVsbHNjcmVlbiUzRCUyMiUyMiUyMGNsYXNzJTNEJTIyZmx1aWR2aWRzLWl0ZW0lMjIlMjBkYXRhLWZsdWlkdmlkcyUzRCUyMmxvYWRlZCUyMiUyMGZyYW1lYm9yZGVyJTNEJTIyMCUyMiUyMHdpZHRoJTNEJTIyMTA2MCUyMiUyMGhlaWdodCUzRCUyMjU5NiUyMiUzRSUzQyUyRmlmcmFtZSUzRSUzQyUyRmRpdiUzRSUzQyUyRmRpdiUzRSUzQyUyRmRpdiUzRSUwQSUwOSUwOSUzQyUyRmRpdiUzRSUwQSUwOSUzQyUyRmRpdiUzRQ==[\/vc_raw_html][vc_empty_space height=&#8220;44px&#8220;][\/vc_column][\/vc_row][vc_row][vc_column css=&#8220;.vc_custom_1519223485265{margin-bottom: 100px !important;}&#8220;][\/vc_column][\/vc_row][vc_row row_content_width=&#8220;grid&#8220; content_text_aligment=&#8220;left&#8220;][vc_column width=&#8220;1\/2&#8243;][vc_column_text]1957, im St\u00e4dtchen San Gimignano, gr\u00fcndet Giosu\u00e8 Settefonti gemeinsam mit zwei Telhabern eine kleine Produktion der typisch sienesischen Konditorwaren, die besonders f\u00fcr Feiertage geeignet sind. Der Betrieb nannte sich INDUSTRIA [&hellip;]<\/p>\n","protected":false},"author":1,"featured_media":0,"parent":0,"menu_order":0,"comment_status":"closed","ping_status":"closed","template":"full-width.php","meta":{"footnotes":""},"class_list":["post-13548","page","type-page","status-publish","hentry"],"yoast_head":"<!-- This site is optimized with the Yoast SEO plugin v27.3 - https:\/\/yoast.com\/product\/yoast-seo-wordpress\/ -->\n<title>Geschichte | Pasticceria artigianale Bristot<\/title>\n<meta name=\"robots\" content=\"index, follow, max-snippet:-1, max-image-preview:large, max-video-preview:-1\" \/>\n<link rel=\"canonical\" href=\"https:\/\/www.nuovabristot.com\/storia\/\" \/>\n<meta property=\"og:locale\" content=\"de_DE\" \/>\n<meta property=\"og:type\" content=\"article\" \/>\n<meta property=\"og:title\" content=\"Geschichte | Pasticceria artigianale Bristot\" \/>\n<meta property=\"og:description\" content=\"[vc_row row_content_width=&#8220;grid&#8220;][vc_column][vc_empty_space height=&#8220;100px&#8220;][vc_empty_space height=&#8220;44px&#8220;][vc_raw_html]JTNDZGl2JTIwY2xhc3MlM0QlMjJ3cGJfdmlkZW9fd2lkZ2V0JTIwd3BiX2NvbnRlbnRfZWxlbWVudCUyMHZjX2NsZWFyZml4JTIwJTIwJTIwdmNfdmlkZW8tYXNwZWN0LXJhdGlvLTE2OSUyMHZjX3ZpZGVvLWVsLXdpZHRoLTEwMCUyMHZjX3ZpZGVvLWFsaWduLWNlbnRlciUyMiUzRSUwQSUwOSUwOSUzQ2RpdiUyMGNsYXNzJTNEJTIyd3BiX3dyYXBwZXIlMjIlM0UlMEElMDklMDklMDklMEElMDklMDklMDklM0NkaXYlMjBjbGFzcyUzRCUyMndwYl92aWRlb193cmFwcGVyJTIyJTNFJTNDZGl2JTIwY2xhc3MlM0QlMjJ3cGJfdmlkZW9fd3JhcHBlciUyMiUzRSUzQ2RpdiUyMGNsYXNzJTNEJTIyZmx1aWR2aWRzJTIyJTIwc3R5bGUlM0QlMjJwYWRkaW5nLXRvcCUzQSUyMDU2LjIyNjQlMjUlM0IlMjIlM0UlM0NpZnJhbWUlMjBzcmMlM0QlMjJodHRwcyUzQSUyRiUyRnBsYXllci52aW1lby5jb20lMkZ2aWRlbyUyRjI1NTkwOTg4MiUyMiUyMHRpdGxlJTNEJTIyQnJpc3RvdCUyMiUyMHdlYmtpdGFsbG93ZnVsbHNjcmVlbiUzRCUyMiUyMiUyMG1vemFsbG93ZnVsbHNjcmVlbiUzRCUyMiUyMiUyMGFsbG93ZnVsbHNjcmVlbiUzRCUyMiUyMiUyMGNsYXNzJTNEJTIyZmx1aWR2aWRzLWl0ZW0lMjIlMjBkYXRhLWZsdWlkdmlkcyUzRCUyMmxvYWRlZCUyMiUyMGZyYW1lYm9yZGVyJTNEJTIyMCUyMiUyMHdpZHRoJTNEJTIyMTA2MCUyMiUyMGhlaWdodCUzRCUyMjU5NiUyMiUzRSUzQyUyRmlmcmFtZSUzRSUzQyUyRmRpdiUzRSUzQyUyRmRpdiUzRSUzQyUyRmRpdiUzRSUwQSUwOSUwOSUzQyUyRmRpdiUzRSUwQSUwOSUzQyUyRmRpdiUzRQ==[\/vc_raw_html][vc_empty_space height=&#8220;44px&#8220;][\/vc_column][\/vc_row][vc_row][vc_column css=&#8220;.vc_custom_1519223485265{margin-bottom: 100px !important;}&#8220;][\/vc_column][\/vc_row][vc_row row_content_width=&#8220;grid&#8220; content_text_aligment=&#8220;left&#8220;][vc_column width=&#8220;1\/2&#8243;][vc_column_text]1957, im St\u00e4dtchen San Gimignano, gr\u00fcndet Giosu\u00e8 Settefonti gemeinsam mit zwei Telhabern eine kleine Produktion der typisch sienesischen Konditorwaren, die besonders f\u00fcr Feiertage geeignet sind. Der Betrieb nannte sich INDUSTRIA [&hellip;]\" \/>\n<meta property=\"og:url\" content=\"https:\/\/www.nuovabristot.com\/storia\/\" \/>\n<meta property=\"og:site_name\" content=\"Pasticceria artigianale Bristot\" \/>\n<meta property=\"article:publisher\" content=\"https:\/\/www.facebook.com\/Bristot-Pasticceria-1593771654184740\/\" \/>\n<meta property=\"article:modified_time\" content=\"2018-04-30T16:16:07+00:00\" \/>\n<meta name=\"twitter:card\" content=\"summary_large_image\" \/>\n<meta name=\"twitter:label1\" content=\"Gesch\u00e4tzte Lesezeit\" \/>\n\t<meta name=\"twitter:data1\" content=\"2\u00a0Minuten\" \/>\n<script type=\"application\/ld+json\" class=\"yoast-schema-graph\">{\"@context\":\"https:\\\/\\\/schema.org\",\"@graph\":[{\"@type\":\"WebPage\",\"@id\":\"https:\\\/\\\/www.nuovabristot.com\\\/storia\\\/\",\"url\":\"https:\\\/\\\/www.nuovabristot.com\\\/storia\\\/\",\"name\":\"Geschichte | Pasticceria artigianale Bristot\",\"isPartOf\":{\"@id\":\"https:\\\/\\\/www.nuovabristot.com\\\/#website\"},\"datePublished\":\"2018-04-30T13:08:28+00:00\",\"dateModified\":\"2018-04-30T16:16:07+00:00\",\"breadcrumb\":{\"@id\":\"https:\\\/\\\/www.nuovabristot.com\\\/storia\\\/#breadcrumb\"},\"inLanguage\":\"de\",\"potentialAction\":[{\"@type\":\"ReadAction\",\"target\":[\"https:\\\/\\\/www.nuovabristot.com\\\/storia\\\/\"]}]},{\"@type\":\"BreadcrumbList\",\"@id\":\"https:\\\/\\\/www.nuovabristot.com\\\/storia\\\/#breadcrumb\",\"itemListElement\":[{\"@type\":\"ListItem\",\"position\":1,\"name\":\"Home\",\"item\":\"https:\\\/\\\/www.nuovabristot.com\\\/de\\\/\"},{\"@type\":\"ListItem\",\"position\":2,\"name\":\"Geschichte\"}]},{\"@type\":\"WebSite\",\"@id\":\"https:\\\/\\\/www.nuovabristot.com\\\/#website\",\"url\":\"https:\\\/\\\/www.nuovabristot.com\\\/\",\"name\":\"Pasticceria artigianale Bristot\",\"description\":\"Bont&agrave; dolci e salate della tradizione Toscana\",\"publisher\":{\"@id\":\"https:\\\/\\\/www.nuovabristot.com\\\/#organization\"},\"potentialAction\":[{\"@type\":\"SearchAction\",\"target\":{\"@type\":\"EntryPoint\",\"urlTemplate\":\"https:\\\/\\\/www.nuovabristot.com\\\/?s={search_term_string}\"},\"query-input\":{\"@type\":\"PropertyValueSpecification\",\"valueRequired\":true,\"valueName\":\"search_term_string\"}}],\"inLanguage\":\"de\"},{\"@type\":\"Organization\",\"@id\":\"https:\\\/\\\/www.nuovabristot.com\\\/#organization\",\"name\":\"Pasticceria artigianale Bristot - vendita biscotti online\",\"url\":\"https:\\\/\\\/www.nuovabristot.com\\\/\",\"logo\":{\"@type\":\"ImageObject\",\"inLanguage\":\"de\",\"@id\":\"https:\\\/\\\/www.nuovabristot.com\\\/#\\\/schema\\\/logo\\\/image\\\/\",\"url\":\"https:\\\/\\\/www.nuovabristot.com\\\/wp-content\\\/uploads\\\/2018\\\/02\\\/logo.png\",\"contentUrl\":\"https:\\\/\\\/www.nuovabristot.com\\\/wp-content\\\/uploads\\\/2018\\\/02\\\/logo.png\",\"width\":560,\"height\":310,\"caption\":\"Pasticceria artigianale Bristot - vendita biscotti online\"},\"image\":{\"@id\":\"https:\\\/\\\/www.nuovabristot.com\\\/#\\\/schema\\\/logo\\\/image\\\/\"},\"sameAs\":[\"https:\\\/\\\/www.facebook.com\\\/Bristot-Pasticceria-1593771654184740\\\/\"]}]}<\/script>\n<!-- \/ Yoast SEO plugin. -->","yoast_head_json":{"title":"Geschichte | Pasticceria artigianale Bristot","robots":{"index":"index","follow":"follow","max-snippet":"max-snippet:-1","max-image-preview":"max-image-preview:large","max-video-preview":"max-video-preview:-1"},"canonical":"https:\/\/www.nuovabristot.com\/storia\/","og_locale":"de_DE","og_type":"article","og_title":"Geschichte | Pasticceria artigianale Bristot","og_description":"[vc_row row_content_width=&#8220;grid&#8220;][vc_column][vc_empty_space height=&#8220;100px&#8220;][vc_empty_space height=&#8220;44px&#8220;][vc_raw_html]JTNDZGl2JTIwY2xhc3MlM0QlMjJ3cGJfdmlkZW9fd2lkZ2V0JTIwd3BiX2NvbnRlbnRfZWxlbWVudCUyMHZjX2NsZWFyZml4JTIwJTIwJTIwdmNfdmlkZW8tYXNwZWN0LXJhdGlvLTE2OSUyMHZjX3ZpZGVvLWVsLXdpZHRoLTEwMCUyMHZjX3ZpZGVvLWFsaWduLWNlbnRlciUyMiUzRSUwQSUwOSUwOSUzQ2RpdiUyMGNsYXNzJTNEJTIyd3BiX3dyYXBwZXIlMjIlM0UlMEElMDklMDklMDklMEElMDklMDklMDklM0NkaXYlMjBjbGFzcyUzRCUyMndwYl92aWRlb193cmFwcGVyJTIyJTNFJTNDZGl2JTIwY2xhc3MlM0QlMjJ3cGJfdmlkZW9fd3JhcHBlciUyMiUzRSUzQ2RpdiUyMGNsYXNzJTNEJTIyZmx1aWR2aWRzJTIyJTIwc3R5bGUlM0QlMjJwYWRkaW5nLXRvcCUzQSUyMDU2LjIyNjQlMjUlM0IlMjIlM0UlM0NpZnJhbWUlMjBzcmMlM0QlMjJodHRwcyUzQSUyRiUyRnBsYXllci52aW1lby5jb20lMkZ2aWRlbyUyRjI1NTkwOTg4MiUyMiUyMHRpdGxlJTNEJTIyQnJpc3RvdCUyMiUyMHdlYmtpdGFsbG93ZnVsbHNjcmVlbiUzRCUyMiUyMiUyMG1vemFsbG93ZnVsbHNjcmVlbiUzRCUyMiUyMiUyMGFsbG93ZnVsbHNjcmVlbiUzRCUyMiUyMiUyMGNsYXNzJTNEJTIyZmx1aWR2aWRzLWl0ZW0lMjIlMjBkYXRhLWZsdWlkdmlkcyUzRCUyMmxvYWRlZCUyMiUyMGZyYW1lYm9yZGVyJTNEJTIyMCUyMiUyMHdpZHRoJTNEJTIyMTA2MCUyMiUyMGhlaWdodCUzRCUyMjU5NiUyMiUzRSUzQyUyRmlmcmFtZSUzRSUzQyUyRmRpdiUzRSUzQyUyRmRpdiUzRSUzQyUyRmRpdiUzRSUwQSUwOSUwOSUzQyUyRmRpdiUzRSUwQSUwOSUzQyUyRmRpdiUzRQ==[\/vc_raw_html][vc_empty_space height=&#8220;44px&#8220;][\/vc_column][\/vc_row][vc_row][vc_column css=&#8220;.vc_custom_1519223485265{margin-bottom: 100px !important;}&#8220;][\/vc_column][\/vc_row][vc_row row_content_width=&#8220;grid&#8220; content_text_aligment=&#8220;left&#8220;][vc_column width=&#8220;1\/2&#8243;][vc_column_text]1957, im St\u00e4dtchen San Gimignano, gr\u00fcndet Giosu\u00e8 Settefonti gemeinsam mit zwei Telhabern eine kleine Produktion der typisch sienesischen Konditorwaren, die besonders f\u00fcr Feiertage geeignet sind. Der Betrieb nannte sich INDUSTRIA [&hellip;]","og_url":"https:\/\/www.nuovabristot.com\/storia\/","og_site_name":"Pasticceria artigianale Bristot","article_publisher":"https:\/\/www.facebook.com\/Bristot-Pasticceria-1593771654184740\/","article_modified_time":"2018-04-30T16:16:07+00:00","twitter_card":"summary_large_image","twitter_misc":{"Gesch\u00e4tzte Lesezeit":"2\u00a0Minuten"},"schema":{"@context":"https:\/\/schema.org","@graph":[{"@type":"WebPage","@id":"https:\/\/www.nuovabristot.com\/storia\/","url":"https:\/\/www.nuovabristot.com\/storia\/","name":"Geschichte | Pasticceria artigianale Bristot","isPartOf":{"@id":"https:\/\/www.nuovabristot.com\/#website"},"datePublished":"2018-04-30T13:08:28+00:00","dateModified":"2018-04-30T16:16:07+00:00","breadcrumb":{"@id":"https:\/\/www.nuovabristot.com\/storia\/#breadcrumb"},"inLanguage":"de","potentialAction":[{"@type":"ReadAction","target":["https:\/\/www.nuovabristot.com\/storia\/"]}]},{"@type":"BreadcrumbList","@id":"https:\/\/www.nuovabristot.com\/storia\/#breadcrumb","itemListElement":[{"@type":"ListItem","position":1,"name":"Home","item":"https:\/\/www.nuovabristot.com\/de\/"},{"@type":"ListItem","position":2,"name":"Geschichte"}]},{"@type":"WebSite","@id":"https:\/\/www.nuovabristot.com\/#website","url":"https:\/\/www.nuovabristot.com\/","name":"Pasticceria artigianale Bristot","description":"Bont&agrave; dolci e salate della tradizione Toscana","publisher":{"@id":"https:\/\/www.nuovabristot.com\/#organization"},"potentialAction":[{"@type":"SearchAction","target":{"@type":"EntryPoint","urlTemplate":"https:\/\/www.nuovabristot.com\/?s={search_term_string}"},"query-input":{"@type":"PropertyValueSpecification","valueRequired":true,"valueName":"search_term_string"}}],"inLanguage":"de"},{"@type":"Organization","@id":"https:\/\/www.nuovabristot.com\/#organization","name":"Pasticceria artigianale Bristot - vendita biscotti online","url":"https:\/\/www.nuovabristot.com\/","logo":{"@type":"ImageObject","inLanguage":"de","@id":"https:\/\/www.nuovabristot.com\/#\/schema\/logo\/image\/","url":"https:\/\/www.nuovabristot.com\/wp-content\/uploads\/2018\/02\/logo.png","contentUrl":"https:\/\/www.nuovabristot.com\/wp-content\/uploads\/2018\/02\/logo.png","width":560,"height":310,"caption":"Pasticceria artigianale Bristot - vendita biscotti online"},"image":{"@id":"https:\/\/www.nuovabristot.com\/#\/schema\/logo\/image\/"},"sameAs":["https:\/\/www.facebook.com\/Bristot-Pasticceria-1593771654184740\/"]}]}},"_links":{"self":[{"href":"https:\/\/www.nuovabristot.com\/de\/wp-json\/wp\/v2\/pages\/13548","targetHints":{"allow":["GET"]}}],"collection":[{"href":"https:\/\/www.nuovabristot.com\/de\/wp-json\/wp\/v2\/pages"}],"about":[{"href":"https:\/\/www.nuovabristot.com\/de\/wp-json\/wp\/v2\/types\/page"}],"author":[{"embeddable":true,"href":"https:\/\/www.nuovabristot.com\/de\/wp-json\/wp\/v2\/users\/1"}],"replies":[{"embeddable":true,"href":"https:\/\/www.nuovabristot.com\/de\/wp-json\/wp\/v2\/comments?post=13548"}],"version-history":[{"count":2,"href":"https:\/\/www.nuovabristot.com\/de\/wp-json\/wp\/v2\/pages\/13548\/revisions"}],"predecessor-version":[{"id":13655,"href":"https:\/\/www.nuovabristot.com\/de\/wp-json\/wp\/v2\/pages\/13548\/revisions\/13655"}],"wp:attachment":[{"href":"https:\/\/www.nuovabristot.com\/de\/wp-json\/wp\/v2\/media?parent=13548"}],"curies":[{"name":"wp","href":"https:\/\/api.w.org\/{rel}","templated":true}]}}