{"id":13539,"date":"2018-04-30T14:55:40","date_gmt":"2018-04-30T12:55:40","guid":{"rendered":"http:\/\/www.nuovabristot.com\/?page_id=13539"},"modified":"2025-09-12T16:13:52","modified_gmt":"2025-09-12T14:13:52","slug":"blaetterteig","status":"publish","type":"page","link":"https:\/\/www.nuovabristot.com\/de\/blaetterteig\/","title":{"rendered":"Bl\u00e4tterteig"},"content":{"rendered":"<section class=\"wpb-content-wrapper\"><p>[vc_row][vc_column]<div class=\"edgtf-section-title-holder\" >\n\t\t\t\t\t\t<h2 class=\"edgtf-section-before-title\" style=\"font-size: 70px\">Bl\u00e4tterteig<\/h2>\n\t\t\t\t<h2 class=\"edgtf-st-title\" >\n\t\t\t<span><\/span>\n\t\t<\/h2>\n\t\t<\/div>[vc_column_text css=&#8220;.vc_custom_1525092930591{margin-top: 30px !important;}&#8220;]<span lang=\"DE\">Die Mandelteigprodukte Bristot sind ideal zu jedem Zeitpunkt und passen hervorragend sowohl zur S\u00fc\u00dfe unserer Marmeladen als auch zum s\u00fc\u00df-bitteren Aroma des Amaretto. Die leckeren und nahrhaften Mandeln tragen auf k\u00f6stliche Weise zum Gleichgewicht unseres Organismus bei. Reich an Magnesium, Eiwei\u00df und Kohlehydraten, spenden sie Energie und kurbeln den Stoffwechsel an. Mandeln schmecken gut, aber sie schmecken noch besser, wenn sie zu unseren Pl\u00e4tzchen verarbeitet werden<\/span>[\/vc_column_text]<div class=\"woocommerce columns-3 \"><ul class=\"products columns-3\">\n<li class=\"product type-product post-13442 status-publish first instock product_cat-blaetterteig product_cat-in-vendita-de has-post-thumbnail shipping-taxable purchasable product-type-simple\">\n\t<div class=\"edgtf-pl-inner\"><div class=\"edgtf-pl-image\"><img loading=\"lazy\" decoding=\"async\" width=\"400\" height=\"400\" src=\"https:\/\/www.nuovabristot.com\/wp-content\/uploads\/2018\/02\/fiorentine-albicocca-01-400x400.jpg\" class=\"attachment-woocommerce_thumbnail size-woocommerce_thumbnail\" alt=\"Fiorentine Albicocca\" srcset=\"https:\/\/www.nuovabristot.com\/wp-content\/uploads\/2018\/02\/fiorentine-albicocca-01-400x400.jpg 400w, https:\/\/www.nuovabristot.com\/wp-content\/uploads\/2018\/02\/fiorentine-albicocca-01-200x200.jpg 200w, https:\/\/www.nuovabristot.com\/wp-content\/uploads\/2018\/02\/fiorentine-albicocca-01.jpg 800w, https:\/\/www.nuovabristot.com\/wp-content\/uploads\/2018\/02\/fiorentine-albicocca-01-150x150.jpg 150w, https:\/\/www.nuovabristot.com\/wp-content\/uploads\/2018\/02\/fiorentine-albicocca-01-300x300.jpg 300w, https:\/\/www.nuovabristot.com\/wp-content\/uploads\/2018\/02\/fiorentine-albicocca-01-768x768.jpg 768w, https:\/\/www.nuovabristot.com\/wp-content\/uploads\/2018\/02\/fiorentine-albicocca-01-550x550.jpg 550w\" sizes=\"auto, (max-width: 400px) 100vw, 400px\" \/><div class=\"edgtf-pl-text\"><div class=\"edgtf-pl-text-outer\"><div class=\"edgtf-pl-text-inner\"><a href=\"\/de\/wp-json\/wp\/v2\/pages\/13539?add-to-cart=13442\" aria-describedby=\"woocommerce_loop_add_to_cart_link_describedby_13442\" data-quantity=\"1\" class=\"button product_type_simple add_to_cart_button ajax_add_to_cart\" data-product_id=\"13442\" data-product_sku=\"PS4\" aria-label=\"In den Warenkorb legen: \u201eFiorentine Albicocca\u201c\" rel=\"nofollow\" data-success_message=\"\u201eFiorentine Albicocca\u201c wurde deinem Warenkorb hinzugef\u00fcgt\" role=\"button\">In den Warenkorb<\/a>\t<span id=\"woocommerce_loop_add_to_cart_link_describedby_13442\" class=\"screen-reader-text\">\n\t\t\t<\/span>\n<\/div><\/div><\/div><\/div><a href=\"https:\/\/www.nuovabristot.com\/de\/prodotto\/fiorentine-albicocca\/\" class=\"woocommerce-LoopProduct-link woocommerce-loop-product__link\"><\/a><\/div><div class=\"edgtf-pl-text-wrapper\">\t\t\t<p class=\"edgtf-pl-category\"><a href=\"https:\/\/www.nuovabristot.com\/de\/categoria-prodotto\/blaetterteig\/\" rel=\"tag\">Bl\u00e4tterteig<\/a>, <a href=\"https:\/\/www.nuovabristot.com\/de\/categoria-prodotto\/in-vendita-de\/\" rel=\"tag\">im Angebot<\/a><\/p>\n\t\t<h6 class=\"edgtf-product-list-title\"><a href=\"https:\/\/www.nuovabristot.com\/de\/prodotto\/fiorentine-albicocca\/\">Fiorentine Albicocca<\/a><\/h6>\n\t<span class=\"price\"><span class=\"woocommerce-Price-amount amount\"><bdi>4,90<span class=\"woocommerce-Price-currencySymbol\">&euro;<\/span><\/bdi><\/span><\/span>\n<\/div>\t\t\t<input type=\"hidden\" class=\"pmwProductId\" data-id=\"13442\">\n\t\t\t\t\t<script>\n\t\t\t(window.pmwDataLayer = window.pmwDataLayer || {}).products                = window.pmwDataLayer.products || {};\n\t\t\twindow.pmwDataLayer.products[13442] = {\"id\":\"13442\",\"sku\":\"PS4\",\"price\":4.9000000000000003552713678800500929355621337890625,\"brand\":\"\",\"quantity\":1,\"dyn_r_ids\":{\"post_id\":\"13442\",\"sku\":\"PS4\",\"gpf\":\"woocommerce_gpf_13442\",\"gla\":\"gla_13442\"},\"is_variable\":false,\"type\":\"simple\",\"name\":\"Fiorentine Albicocca\",\"category\":[\"Bl\u00e4tterteig\",\"im Angebot\"],\"is_variation\":false};\n\t\t\t\t\twindow.pmw_product_position = window.pmw_product_position || 1;\n\t\twindow.pmwDataLayer.products[13442]['position'] = window.pmw_product_position++;\n\t\t\t\t<\/script>\n\t\t<\/li><li class=\"product type-product post-13441 status-publish instock product_cat-blaetterteig product_cat-in-vendita-de has-post-thumbnail shipping-taxable purchasable product-type-simple\">\n\t<div class=\"edgtf-pl-inner\"><div class=\"edgtf-pl-image\"><img loading=\"lazy\" decoding=\"async\" width=\"400\" height=\"400\" src=\"https:\/\/www.nuovabristot.com\/wp-content\/uploads\/2018\/02\/cannoli-gianduia-01-400x400.jpg\" class=\"attachment-woocommerce_thumbnail size-woocommerce_thumbnail\" alt=\"Cannoli Gianduia\" srcset=\"https:\/\/www.nuovabristot.com\/wp-content\/uploads\/2018\/02\/cannoli-gianduia-01-400x400.jpg 400w, https:\/\/www.nuovabristot.com\/wp-content\/uploads\/2018\/02\/cannoli-gianduia-01-200x200.jpg 200w, https:\/\/www.nuovabristot.com\/wp-content\/uploads\/2018\/02\/cannoli-gianduia-01.jpg 800w, https:\/\/www.nuovabristot.com\/wp-content\/uploads\/2018\/02\/cannoli-gianduia-01-150x150.jpg 150w, https:\/\/www.nuovabristot.com\/wp-content\/uploads\/2018\/02\/cannoli-gianduia-01-300x300.jpg 300w, https:\/\/www.nuovabristot.com\/wp-content\/uploads\/2018\/02\/cannoli-gianduia-01-768x768.jpg 768w, https:\/\/www.nuovabristot.com\/wp-content\/uploads\/2018\/02\/cannoli-gianduia-01-550x550.jpg 550w\" sizes=\"auto, (max-width: 400px) 100vw, 400px\" \/><div class=\"edgtf-pl-text\"><div class=\"edgtf-pl-text-outer\"><div class=\"edgtf-pl-text-inner\"><a href=\"\/de\/wp-json\/wp\/v2\/pages\/13539?add-to-cart=13441\" aria-describedby=\"woocommerce_loop_add_to_cart_link_describedby_13441\" data-quantity=\"1\" class=\"button product_type_simple add_to_cart_button ajax_add_to_cart\" data-product_id=\"13441\" data-product_sku=\"PS3\" aria-label=\"In den Warenkorb legen: \u201eCannoli Gianduia\u201c\" rel=\"nofollow\" data-success_message=\"\u201eCannoli Gianduia\u201c wurde deinem Warenkorb hinzugef\u00fcgt\" role=\"button\">In den Warenkorb<\/a>\t<span id=\"woocommerce_loop_add_to_cart_link_describedby_13441\" class=\"screen-reader-text\">\n\t\t\t<\/span>\n<\/div><\/div><\/div><\/div><a href=\"https:\/\/www.nuovabristot.com\/de\/prodotto\/cannoli-gianduia\/\" class=\"woocommerce-LoopProduct-link woocommerce-loop-product__link\"><\/a><\/div><div class=\"edgtf-pl-text-wrapper\">\t\t\t<p class=\"edgtf-pl-category\"><a href=\"https:\/\/www.nuovabristot.com\/de\/categoria-prodotto\/blaetterteig\/\" rel=\"tag\">Bl\u00e4tterteig<\/a>, <a href=\"https:\/\/www.nuovabristot.com\/de\/categoria-prodotto\/in-vendita-de\/\" rel=\"tag\">im Angebot<\/a><\/p>\n\t\t<h6 class=\"edgtf-product-list-title\"><a href=\"https:\/\/www.nuovabristot.com\/de\/prodotto\/cannoli-gianduia\/\">Cannoli Gianduia<\/a><\/h6>\n\t<span class=\"price\"><span class=\"woocommerce-Price-amount amount\"><bdi>4,90<span class=\"woocommerce-Price-currencySymbol\">&euro;<\/span><\/bdi><\/span><\/span>\n<\/div>\t\t\t<input type=\"hidden\" class=\"pmwProductId\" data-id=\"13441\">\n\t\t\t\t\t<script>\n\t\t\t(window.pmwDataLayer = window.pmwDataLayer || {}).products                = window.pmwDataLayer.products || {};\n\t\t\twindow.pmwDataLayer.products[13441] = {\"id\":\"13441\",\"sku\":\"PS3\",\"price\":4.9000000000000003552713678800500929355621337890625,\"brand\":\"\",\"quantity\":1,\"dyn_r_ids\":{\"post_id\":\"13441\",\"sku\":\"PS3\",\"gpf\":\"woocommerce_gpf_13441\",\"gla\":\"gla_13441\"},\"is_variable\":false,\"type\":\"simple\",\"name\":\"Cannoli Gianduia\",\"category\":[\"Bl\u00e4tterteig\",\"im Angebot\"],\"is_variation\":false};\n\t\t\t\t\twindow.pmw_product_position = window.pmw_product_position || 1;\n\t\twindow.pmwDataLayer.products[13441]['position'] = window.pmw_product_position++;\n\t\t\t\t<\/script>\n\t\t<\/li><li class=\"product type-product post-13440 status-publish last instock product_cat-blaetterteig product_cat-in-vendita-de has-post-thumbnail shipping-taxable purchasable product-type-simple\">\n\t<div class=\"edgtf-pl-inner\"><div class=\"edgtf-pl-image\"><img loading=\"lazy\" decoding=\"async\" width=\"400\" height=\"400\" src=\"https:\/\/www.nuovabristot.com\/wp-content\/uploads\/2018\/02\/cannoli-alla-crema-01-400x400.jpg\" class=\"attachment-woocommerce_thumbnail size-woocommerce_thumbnail\" alt=\"Cannoli Crema Pasticcera\" srcset=\"https:\/\/www.nuovabristot.com\/wp-content\/uploads\/2018\/02\/cannoli-alla-crema-01-400x400.jpg 400w, https:\/\/www.nuovabristot.com\/wp-content\/uploads\/2018\/02\/cannoli-alla-crema-01-200x200.jpg 200w, https:\/\/www.nuovabristot.com\/wp-content\/uploads\/2018\/02\/cannoli-alla-crema-01.jpg 800w, https:\/\/www.nuovabristot.com\/wp-content\/uploads\/2018\/02\/cannoli-alla-crema-01-150x150.jpg 150w, https:\/\/www.nuovabristot.com\/wp-content\/uploads\/2018\/02\/cannoli-alla-crema-01-300x300.jpg 300w, https:\/\/www.nuovabristot.com\/wp-content\/uploads\/2018\/02\/cannoli-alla-crema-01-768x768.jpg 768w, https:\/\/www.nuovabristot.com\/wp-content\/uploads\/2018\/02\/cannoli-alla-crema-01-550x550.jpg 550w\" sizes=\"auto, (max-width: 400px) 100vw, 400px\" \/><div class=\"edgtf-pl-text\"><div class=\"edgtf-pl-text-outer\"><div class=\"edgtf-pl-text-inner\"><a href=\"\/de\/wp-json\/wp\/v2\/pages\/13539?add-to-cart=13440\" aria-describedby=\"woocommerce_loop_add_to_cart_link_describedby_13440\" data-quantity=\"1\" class=\"button product_type_simple add_to_cart_button ajax_add_to_cart\" data-product_id=\"13440\" data-product_sku=\"PS2\" aria-label=\"In den Warenkorb legen: \u201eCannoli Crema Pasticcera\u201c\" rel=\"nofollow\" data-success_message=\"\u201eCannoli Crema Pasticcera\u201c wurde deinem Warenkorb hinzugef\u00fcgt\" role=\"button\">In den Warenkorb<\/a>\t<span id=\"woocommerce_loop_add_to_cart_link_describedby_13440\" class=\"screen-reader-text\">\n\t\t\t<\/span>\n<\/div><\/div><\/div><\/div><a href=\"https:\/\/www.nuovabristot.com\/de\/prodotto\/cannoli-crema-pasticcera\/\" class=\"woocommerce-LoopProduct-link woocommerce-loop-product__link\"><\/a><\/div><div class=\"edgtf-pl-text-wrapper\">\t\t\t<p class=\"edgtf-pl-category\"><a href=\"https:\/\/www.nuovabristot.com\/de\/categoria-prodotto\/blaetterteig\/\" rel=\"tag\">Bl\u00e4tterteig<\/a>, <a href=\"https:\/\/www.nuovabristot.com\/de\/categoria-prodotto\/in-vendita-de\/\" rel=\"tag\">im Angebot<\/a><\/p>\n\t\t<h6 class=\"edgtf-product-list-title\"><a href=\"https:\/\/www.nuovabristot.com\/de\/prodotto\/cannoli-crema-pasticcera\/\">Cannoli Crema Pasticcera<\/a><\/h6>\n\t<span class=\"price\"><span class=\"woocommerce-Price-amount amount\"><bdi>4,90<span class=\"woocommerce-Price-currencySymbol\">&euro;<\/span><\/bdi><\/span><\/span>\n<\/div>\t\t\t<input type=\"hidden\" class=\"pmwProductId\" data-id=\"13440\">\n\t\t\t\t\t<script>\n\t\t\t(window.pmwDataLayer = window.pmwDataLayer || {}).products                = window.pmwDataLayer.products || {};\n\t\t\twindow.pmwDataLayer.products[13440] = {\"id\":\"13440\",\"sku\":\"PS2\",\"price\":4.9000000000000003552713678800500929355621337890625,\"brand\":\"\",\"quantity\":1,\"dyn_r_ids\":{\"post_id\":\"13440\",\"sku\":\"PS2\",\"gpf\":\"woocommerce_gpf_13440\",\"gla\":\"gla_13440\"},\"is_variable\":false,\"type\":\"simple\",\"name\":\"Cannoli Crema Pasticcera\",\"category\":[\"Bl\u00e4tterteig\",\"im Angebot\"],\"is_variation\":false};\n\t\t\t\t\twindow.pmw_product_position = window.pmw_product_position || 1;\n\t\twindow.pmwDataLayer.products[13440]['position'] = window.pmw_product_position++;\n\t\t\t\t<\/script>\n\t\t<\/li><li class=\"product type-product post-13439 status-publish first instock product_cat-blaetterteig product_cat-in-vendita-de has-post-thumbnail shipping-taxable purchasable product-type-simple\">\n\t<div class=\"edgtf-pl-inner\"><div class=\"edgtf-pl-image\"><img loading=\"lazy\" decoding=\"async\" width=\"400\" height=\"400\" src=\"https:\/\/www.nuovabristot.com\/wp-content\/uploads\/2018\/02\/farfalle-con-uvetta-01-1-400x400.jpg\" class=\"attachment-woocommerce_thumbnail size-woocommerce_thumbnail\" alt=\"Farfalle con Uvetta\" srcset=\"https:\/\/www.nuovabristot.com\/wp-content\/uploads\/2018\/02\/farfalle-con-uvetta-01-1-400x400.jpg 400w, https:\/\/www.nuovabristot.com\/wp-content\/uploads\/2018\/02\/farfalle-con-uvetta-01-1-200x200.jpg 200w, https:\/\/www.nuovabristot.com\/wp-content\/uploads\/2018\/02\/farfalle-con-uvetta-01-1.jpg 800w, https:\/\/www.nuovabristot.com\/wp-content\/uploads\/2018\/02\/farfalle-con-uvetta-01-1-150x150.jpg 150w, https:\/\/www.nuovabristot.com\/wp-content\/uploads\/2018\/02\/farfalle-con-uvetta-01-1-300x300.jpg 300w, https:\/\/www.nuovabristot.com\/wp-content\/uploads\/2018\/02\/farfalle-con-uvetta-01-1-768x768.jpg 768w, https:\/\/www.nuovabristot.com\/wp-content\/uploads\/2018\/02\/farfalle-con-uvetta-01-1-550x550.jpg 550w\" sizes=\"auto, (max-width: 400px) 100vw, 400px\" \/><div class=\"edgtf-pl-text\"><div class=\"edgtf-pl-text-outer\"><div class=\"edgtf-pl-text-inner\"><a href=\"\/de\/wp-json\/wp\/v2\/pages\/13539?add-to-cart=13439\" aria-describedby=\"woocommerce_loop_add_to_cart_link_describedby_13439\" data-quantity=\"1\" class=\"button product_type_simple add_to_cart_button ajax_add_to_cart\" data-product_id=\"13439\" data-product_sku=\"PS1\" aria-label=\"In den Warenkorb legen: \u201eFarfalle con Uvetta\u201c\" rel=\"nofollow\" data-success_message=\"\u201eFarfalle con Uvetta\u201c wurde deinem Warenkorb hinzugef\u00fcgt\" role=\"button\">In den Warenkorb<\/a>\t<span id=\"woocommerce_loop_add_to_cart_link_describedby_13439\" class=\"screen-reader-text\">\n\t\t\t<\/span>\n<\/div><\/div><\/div><\/div><a href=\"https:\/\/www.nuovabristot.com\/de\/prodotto\/farfalle-con-uvetta\/\" class=\"woocommerce-LoopProduct-link woocommerce-loop-product__link\"><\/a><\/div><div class=\"edgtf-pl-text-wrapper\">\t\t\t<p class=\"edgtf-pl-category\"><a href=\"https:\/\/www.nuovabristot.com\/de\/categoria-prodotto\/blaetterteig\/\" rel=\"tag\">Bl\u00e4tterteig<\/a>, <a href=\"https:\/\/www.nuovabristot.com\/de\/categoria-prodotto\/in-vendita-de\/\" rel=\"tag\">im Angebot<\/a><\/p>\n\t\t<h6 class=\"edgtf-product-list-title\"><a href=\"https:\/\/www.nuovabristot.com\/de\/prodotto\/farfalle-con-uvetta\/\">Farfalle con Uvetta<\/a><\/h6>\n\t<span class=\"price\"><span class=\"woocommerce-Price-amount amount\"><bdi>4,90<span class=\"woocommerce-Price-currencySymbol\">&euro;<\/span><\/bdi><\/span><\/span>\n<\/div>\t\t\t<input type=\"hidden\" class=\"pmwProductId\" data-id=\"13439\">\n\t\t\t\t\t<script>\n\t\t\t(window.pmwDataLayer = window.pmwDataLayer || {}).products                = window.pmwDataLayer.products || {};\n\t\t\twindow.pmwDataLayer.products[13439] = {\"id\":\"13439\",\"sku\":\"PS1\",\"price\":4.9000000000000003552713678800500929355621337890625,\"brand\":\"\",\"quantity\":1,\"dyn_r_ids\":{\"post_id\":\"13439\",\"sku\":\"PS1\",\"gpf\":\"woocommerce_gpf_13439\",\"gla\":\"gla_13439\"},\"is_variable\":false,\"type\":\"simple\",\"name\":\"Farfalle con Uvetta\",\"category\":[\"Bl\u00e4tterteig\",\"im Angebot\"],\"is_variation\":false};\n\t\t\t\t\twindow.pmw_product_position = window.pmw_product_position || 1;\n\t\twindow.pmwDataLayer.products[13439]['position'] = window.pmw_product_position++;\n\t\t\t\t<\/script>\n\t\t<\/li><\/ul>\n<\/div>[\/vc_column][\/vc_row]<\/p>\n<\/section>","protected":false},"excerpt":{"rendered":"<p>[vc_row][vc_column][vc_column_text css=&#8220;.vc_custom_1525092930591{margin-top: 30px !important;}&#8220;]Die Mandelteigprodukte Bristot sind ideal zu jedem Zeitpunkt und passen hervorragend sowohl zur S\u00fc\u00dfe unserer Marmeladen als auch zum s\u00fc\u00df-bitteren Aroma des Amaretto. Die leckeren und nahrhaften Mandeln tragen auf k\u00f6stliche Weise zum Gleichgewicht unseres Organismus bei. [&hellip;]<\/p>\n","protected":false},"author":1,"featured_media":0,"parent":0,"menu_order":0,"comment_status":"closed","ping_status":"closed","template":"","meta":{"footnotes":""},"class_list":["post-13539","page","type-page","status-publish","hentry"],"yoast_head":"<!-- This site is optimized with the Yoast SEO plugin v27.3 - https:\/\/yoast.com\/product\/yoast-seo-wordpress\/ -->\n<title>Vendita dolci di pasta sfoglia | Pasticceria artigianale Bristot<\/title>\n<meta name=\"description\" content=\"Provate i dolci della pasticceria Bristot. Vendita dolci di pasta sfoglia. Prodotti tipici artigianali. Specialit\u00e0 regionali Toscane.\" \/>\n<meta name=\"robots\" content=\"index, follow, max-snippet:-1, max-image-preview:large, max-video-preview:-1\" \/>\n<link rel=\"canonical\" href=\"https:\/\/www.nuovabristot.com\/de\/blaetterteig\/\" \/>\n<meta property=\"og:locale\" content=\"de_DE\" \/>\n<meta property=\"og:type\" content=\"article\" \/>\n<meta property=\"og:title\" content=\"Vendita dolci di pasta sfoglia | Pasticceria artigianale Bristot\" \/>\n<meta property=\"og:description\" content=\"Provate i dolci della pasticceria Bristot. Vendita dolci di pasta sfoglia. Prodotti tipici artigianali. Specialit\u00e0 regionali Toscane.\" \/>\n<meta property=\"og:url\" content=\"https:\/\/www.nuovabristot.com\/de\/blaetterteig\/\" \/>\n<meta property=\"og:site_name\" content=\"Pasticceria artigianale Bristot\" \/>\n<meta property=\"article:publisher\" content=\"https:\/\/www.facebook.com\/Bristot-Pasticceria-1593771654184740\/\" \/>\n<meta property=\"article:modified_time\" content=\"2025-09-12T14:13:52+00:00\" \/>\n<meta name=\"twitter:card\" content=\"summary_large_image\" \/>\n<meta name=\"twitter:label1\" content=\"Gesch\u00e4tzte Lesezeit\" \/>\n\t<meta name=\"twitter:data1\" content=\"1\u00a0Minute\" \/>\n<script type=\"application\/ld+json\" class=\"yoast-schema-graph\">{\"@context\":\"https:\\\/\\\/schema.org\",\"@graph\":[{\"@type\":\"WebPage\",\"@id\":\"https:\\\/\\\/www.nuovabristot.com\\\/de\\\/blaetterteig\\\/\",\"url\":\"https:\\\/\\\/www.nuovabristot.com\\\/de\\\/blaetterteig\\\/\",\"name\":\"Vendita dolci di pasta sfoglia | Pasticceria artigianale Bristot\",\"isPartOf\":{\"@id\":\"https:\\\/\\\/www.nuovabristot.com\\\/#website\"},\"datePublished\":\"2018-04-30T12:55:40+00:00\",\"dateModified\":\"2025-09-12T14:13:52+00:00\",\"description\":\"Provate i dolci della pasticceria Bristot. Vendita dolci di pasta sfoglia. Prodotti tipici artigianali. Specialit\u00e0 regionali Toscane.\",\"breadcrumb\":{\"@id\":\"https:\\\/\\\/www.nuovabristot.com\\\/de\\\/blaetterteig\\\/#breadcrumb\"},\"inLanguage\":\"de\",\"potentialAction\":[{\"@type\":\"ReadAction\",\"target\":[\"https:\\\/\\\/www.nuovabristot.com\\\/de\\\/blaetterteig\\\/\"]}]},{\"@type\":\"BreadcrumbList\",\"@id\":\"https:\\\/\\\/www.nuovabristot.com\\\/de\\\/blaetterteig\\\/#breadcrumb\",\"itemListElement\":[{\"@type\":\"ListItem\",\"position\":1,\"name\":\"Home\",\"item\":\"https:\\\/\\\/www.nuovabristot.com\\\/de\\\/\"},{\"@type\":\"ListItem\",\"position\":2,\"name\":\"Bl\u00e4tterteig\"}]},{\"@type\":\"WebSite\",\"@id\":\"https:\\\/\\\/www.nuovabristot.com\\\/#website\",\"url\":\"https:\\\/\\\/www.nuovabristot.com\\\/\",\"name\":\"Pasticceria artigianale Bristot\",\"description\":\"Bont&agrave; dolci e salate della tradizione Toscana\",\"publisher\":{\"@id\":\"https:\\\/\\\/www.nuovabristot.com\\\/#organization\"},\"potentialAction\":[{\"@type\":\"SearchAction\",\"target\":{\"@type\":\"EntryPoint\",\"urlTemplate\":\"https:\\\/\\\/www.nuovabristot.com\\\/?s={search_term_string}\"},\"query-input\":{\"@type\":\"PropertyValueSpecification\",\"valueRequired\":true,\"valueName\":\"search_term_string\"}}],\"inLanguage\":\"de\"},{\"@type\":\"Organization\",\"@id\":\"https:\\\/\\\/www.nuovabristot.com\\\/#organization\",\"name\":\"Pasticceria artigianale Bristot - vendita biscotti online\",\"url\":\"https:\\\/\\\/www.nuovabristot.com\\\/\",\"logo\":{\"@type\":\"ImageObject\",\"inLanguage\":\"de\",\"@id\":\"https:\\\/\\\/www.nuovabristot.com\\\/#\\\/schema\\\/logo\\\/image\\\/\",\"url\":\"https:\\\/\\\/www.nuovabristot.com\\\/wp-content\\\/uploads\\\/2018\\\/02\\\/logo.png\",\"contentUrl\":\"https:\\\/\\\/www.nuovabristot.com\\\/wp-content\\\/uploads\\\/2018\\\/02\\\/logo.png\",\"width\":560,\"height\":310,\"caption\":\"Pasticceria artigianale Bristot - vendita biscotti online\"},\"image\":{\"@id\":\"https:\\\/\\\/www.nuovabristot.com\\\/#\\\/schema\\\/logo\\\/image\\\/\"},\"sameAs\":[\"https:\\\/\\\/www.facebook.com\\\/Bristot-Pasticceria-1593771654184740\\\/\"]}]}<\/script>\n<!-- \/ Yoast SEO plugin. -->","yoast_head_json":{"title":"Vendita dolci di pasta sfoglia | Pasticceria artigianale Bristot","description":"Provate i dolci della pasticceria Bristot. Vendita dolci di pasta sfoglia. Prodotti tipici artigianali. Specialit\u00e0 regionali Toscane.","robots":{"index":"index","follow":"follow","max-snippet":"max-snippet:-1","max-image-preview":"max-image-preview:large","max-video-preview":"max-video-preview:-1"},"canonical":"https:\/\/www.nuovabristot.com\/de\/blaetterteig\/","og_locale":"de_DE","og_type":"article","og_title":"Vendita dolci di pasta sfoglia | Pasticceria artigianale Bristot","og_description":"Provate i dolci della pasticceria Bristot. Vendita dolci di pasta sfoglia. Prodotti tipici artigianali. Specialit\u00e0 regionali Toscane.","og_url":"https:\/\/www.nuovabristot.com\/de\/blaetterteig\/","og_site_name":"Pasticceria artigianale Bristot","article_publisher":"https:\/\/www.facebook.com\/Bristot-Pasticceria-1593771654184740\/","article_modified_time":"2025-09-12T14:13:52+00:00","twitter_card":"summary_large_image","twitter_misc":{"Gesch\u00e4tzte Lesezeit":"1\u00a0Minute"},"schema":{"@context":"https:\/\/schema.org","@graph":[{"@type":"WebPage","@id":"https:\/\/www.nuovabristot.com\/de\/blaetterteig\/","url":"https:\/\/www.nuovabristot.com\/de\/blaetterteig\/","name":"Vendita dolci di pasta sfoglia | Pasticceria artigianale Bristot","isPartOf":{"@id":"https:\/\/www.nuovabristot.com\/#website"},"datePublished":"2018-04-30T12:55:40+00:00","dateModified":"2025-09-12T14:13:52+00:00","description":"Provate i dolci della pasticceria Bristot. Vendita dolci di pasta sfoglia. Prodotti tipici artigianali. Specialit\u00e0 regionali Toscane.","breadcrumb":{"@id":"https:\/\/www.nuovabristot.com\/de\/blaetterteig\/#breadcrumb"},"inLanguage":"de","potentialAction":[{"@type":"ReadAction","target":["https:\/\/www.nuovabristot.com\/de\/blaetterteig\/"]}]},{"@type":"BreadcrumbList","@id":"https:\/\/www.nuovabristot.com\/de\/blaetterteig\/#breadcrumb","itemListElement":[{"@type":"ListItem","position":1,"name":"Home","item":"https:\/\/www.nuovabristot.com\/de\/"},{"@type":"ListItem","position":2,"name":"Bl\u00e4tterteig"}]},{"@type":"WebSite","@id":"https:\/\/www.nuovabristot.com\/#website","url":"https:\/\/www.nuovabristot.com\/","name":"Pasticceria artigianale Bristot","description":"Bont&agrave; dolci e salate della tradizione Toscana","publisher":{"@id":"https:\/\/www.nuovabristot.com\/#organization"},"potentialAction":[{"@type":"SearchAction","target":{"@type":"EntryPoint","urlTemplate":"https:\/\/www.nuovabristot.com\/?s={search_term_string}"},"query-input":{"@type":"PropertyValueSpecification","valueRequired":true,"valueName":"search_term_string"}}],"inLanguage":"de"},{"@type":"Organization","@id":"https:\/\/www.nuovabristot.com\/#organization","name":"Pasticceria artigianale Bristot - vendita biscotti online","url":"https:\/\/www.nuovabristot.com\/","logo":{"@type":"ImageObject","inLanguage":"de","@id":"https:\/\/www.nuovabristot.com\/#\/schema\/logo\/image\/","url":"https:\/\/www.nuovabristot.com\/wp-content\/uploads\/2018\/02\/logo.png","contentUrl":"https:\/\/www.nuovabristot.com\/wp-content\/uploads\/2018\/02\/logo.png","width":560,"height":310,"caption":"Pasticceria artigianale Bristot - vendita biscotti online"},"image":{"@id":"https:\/\/www.nuovabristot.com\/#\/schema\/logo\/image\/"},"sameAs":["https:\/\/www.facebook.com\/Bristot-Pasticceria-1593771654184740\/"]}]}},"_links":{"self":[{"href":"https:\/\/www.nuovabristot.com\/de\/wp-json\/wp\/v2\/pages\/13539","targetHints":{"allow":["GET"]}}],"collection":[{"href":"https:\/\/www.nuovabristot.com\/de\/wp-json\/wp\/v2\/pages"}],"about":[{"href":"https:\/\/www.nuovabristot.com\/de\/wp-json\/wp\/v2\/types\/page"}],"author":[{"embeddable":true,"href":"https:\/\/www.nuovabristot.com\/de\/wp-json\/wp\/v2\/users\/1"}],"replies":[{"embeddable":true,"href":"https:\/\/www.nuovabristot.com\/de\/wp-json\/wp\/v2\/comments?post=13539"}],"version-history":[{"count":3,"href":"https:\/\/www.nuovabristot.com\/de\/wp-json\/wp\/v2\/pages\/13539\/revisions"}],"predecessor-version":[{"id":15731,"href":"https:\/\/www.nuovabristot.com\/de\/wp-json\/wp\/v2\/pages\/13539\/revisions\/15731"}],"wp:attachment":[{"href":"https:\/\/www.nuovabristot.com\/de\/wp-json\/wp\/v2\/media?parent=13539"}],"curies":[{"name":"wp","href":"https:\/\/api.w.org\/{rel}","templated":true}]}}