{"id":13526,"date":"2018-04-30T14:39:22","date_gmt":"2018-04-30T12:39:22","guid":{"rendered":"http:\/\/www.nuovabristot.com\/?page_id=13526"},"modified":"2025-09-12T16:12:56","modified_gmt":"2025-09-12T14:12:56","slug":"schokoglasur","status":"publish","type":"page","link":"https:\/\/www.nuovabristot.com\/de\/schokoglasur\/","title":{"rendered":"Schokoglasur"},"content":{"rendered":"<section class=\"wpb-content-wrapper\"><p>[vc_row][vc_column]<div class=\"edgtf-section-title-holder\" >\n\t\t\t\t\t\t<h2 class=\"edgtf-section-before-title\" style=\"font-size: 70px\">Schokoglasur<\/h2>\n\t\t\t\t<h2 class=\"edgtf-st-title\" >\n\t\t\t<span><\/span>\n\t\t<\/h2>\n\t\t<\/div>[vc_column_text css=&#8220;.vc_custom_1525091950374{margin-top: 30px !important;}&#8220;]Die Schokolade, die wir so h\u00e4ufig in unseren traditionellen Rezepten verwenden, hat eigentlich exotische und ferne Urspr\u00fcnge. Die aus S\u00fcdamerika stammende Kakaopflanze wurde von den Maya f\u00fcr scharfe Getr\u00e4nke verwendet, die Adeligen und Soldaten vorbehalten waren. In Europa angekommen, wurde die Schokolade von den Konditoren sofort f\u00fcr unz\u00e4hlige Rezepte verwendet. Bei Bristot verwenden wir sie in allen m\u00f6glichen Formen: als zarte Creme zur F\u00fcllung unserer Pl\u00e4tzchen oder als Glasur, um ihnen eine s\u00fc\u00dfe H\u00fclle zu verleihen.[\/vc_column_text]<div class=\"woocommerce columns-3 \"><ul class=\"products columns-3\">\n<li class=\"product type-product post-13444 status-publish first instock product_cat-in-vendita-de product_cat-schokoglasur has-post-thumbnail shipping-taxable purchasable product-type-simple\">\n\t<div class=\"edgtf-pl-inner\"><div class=\"edgtf-pl-image\"><img loading=\"lazy\" decoding=\"async\" width=\"400\" height=\"400\" src=\"https:\/\/www.nuovabristot.com\/wp-content\/uploads\/2018\/02\/dolciotti-ciok-01-400x400.jpg\" class=\"attachment-woocommerce_thumbnail size-woocommerce_thumbnail\" alt=\"Dolciotti Ciok\" srcset=\"https:\/\/www.nuovabristot.com\/wp-content\/uploads\/2018\/02\/dolciotti-ciok-01-400x400.jpg 400w, https:\/\/www.nuovabristot.com\/wp-content\/uploads\/2018\/02\/dolciotti-ciok-01-200x200.jpg 200w, https:\/\/www.nuovabristot.com\/wp-content\/uploads\/2018\/02\/dolciotti-ciok-01.jpg 800w, https:\/\/www.nuovabristot.com\/wp-content\/uploads\/2018\/02\/dolciotti-ciok-01-150x150.jpg 150w, https:\/\/www.nuovabristot.com\/wp-content\/uploads\/2018\/02\/dolciotti-ciok-01-300x300.jpg 300w, https:\/\/www.nuovabristot.com\/wp-content\/uploads\/2018\/02\/dolciotti-ciok-01-768x768.jpg 768w, https:\/\/www.nuovabristot.com\/wp-content\/uploads\/2018\/02\/dolciotti-ciok-01-550x550.jpg 550w\" sizes=\"auto, (max-width: 400px) 100vw, 400px\" \/><div class=\"edgtf-pl-text\"><div class=\"edgtf-pl-text-outer\"><div class=\"edgtf-pl-text-inner\"><a href=\"\/de\/wp-json\/wp\/v2\/pages\/13526?add-to-cart=13444\" aria-describedby=\"woocommerce_loop_add_to_cart_link_describedby_13444\" data-quantity=\"1\" class=\"button product_type_simple add_to_cart_button ajax_add_to_cart\" data-product_id=\"13444\" data-product_sku=\"GC2\" aria-label=\"In den Warenkorb legen: \u201eDolciotti Ciok\u201c\" rel=\"nofollow\" data-success_message=\"\u201eDolciotti Ciok\u201c wurde deinem Warenkorb hinzugef\u00fcgt\" role=\"button\">In den Warenkorb<\/a>\t<span id=\"woocommerce_loop_add_to_cart_link_describedby_13444\" class=\"screen-reader-text\">\n\t\t\t<\/span>\n<\/div><\/div><\/div><\/div><a href=\"https:\/\/www.nuovabristot.com\/de\/prodotto\/dolciotti-ciock\/\" class=\"woocommerce-LoopProduct-link woocommerce-loop-product__link\"><\/a><\/div><div class=\"edgtf-pl-text-wrapper\">\t\t\t<p class=\"edgtf-pl-category\"><a href=\"https:\/\/www.nuovabristot.com\/de\/categoria-prodotto\/in-vendita-de\/\" rel=\"tag\">im Angebot<\/a>, <a href=\"https:\/\/www.nuovabristot.com\/de\/categoria-prodotto\/schokoglasur\/\" rel=\"tag\">Schokoglasur<\/a><\/p>\n\t\t<h6 class=\"edgtf-product-list-title\"><a href=\"https:\/\/www.nuovabristot.com\/de\/prodotto\/dolciotti-ciock\/\">Dolciotti Ciok<\/a><\/h6>\n\t<span class=\"price\"><span class=\"woocommerce-Price-amount amount\"><bdi>4,90<span class=\"woocommerce-Price-currencySymbol\">&euro;<\/span><\/bdi><\/span><\/span>\n<\/div>\t\t\t<input type=\"hidden\" class=\"pmwProductId\" data-id=\"13444\">\n\t\t\t\t\t<script>\n\t\t\t(window.pmwDataLayer = window.pmwDataLayer || {}).products                = window.pmwDataLayer.products || {};\n\t\t\twindow.pmwDataLayer.products[13444] = {\"id\":\"13444\",\"sku\":\"GC2\",\"price\":4.9000000000000003552713678800500929355621337890625,\"brand\":\"\",\"quantity\":1,\"dyn_r_ids\":{\"post_id\":\"13444\",\"sku\":\"GC2\",\"gpf\":\"woocommerce_gpf_13444\",\"gla\":\"gla_13444\"},\"is_variable\":false,\"type\":\"simple\",\"name\":\"Dolciotti Ciok\",\"category\":[\"im Angebot\",\"Schokoglasur\"],\"is_variation\":false};\n\t\t\t\t\twindow.pmw_product_position = window.pmw_product_position || 1;\n\t\twindow.pmwDataLayer.products[13444]['position'] = window.pmw_product_position++;\n\t\t\t\t<\/script>\n\t\t<\/li><li class=\"product type-product post-13445 status-publish instock product_cat-in-vendita-de product_cat-schokoglasur has-post-thumbnail shipping-taxable purchasable product-type-simple\">\n\t<div class=\"edgtf-pl-inner\"><div class=\"edgtf-pl-image\"><img loading=\"lazy\" decoding=\"async\" width=\"400\" height=\"400\" src=\"https:\/\/www.nuovabristot.com\/wp-content\/uploads\/2018\/02\/ruba-cuori-01-400x400.jpg\" class=\"attachment-woocommerce_thumbnail size-woocommerce_thumbnail\" alt=\"Ruba Cuori\" srcset=\"https:\/\/www.nuovabristot.com\/wp-content\/uploads\/2018\/02\/ruba-cuori-01-400x400.jpg 400w, https:\/\/www.nuovabristot.com\/wp-content\/uploads\/2018\/02\/ruba-cuori-01-200x200.jpg 200w, https:\/\/www.nuovabristot.com\/wp-content\/uploads\/2018\/02\/ruba-cuori-01-150x150.jpg 150w, https:\/\/www.nuovabristot.com\/wp-content\/uploads\/2018\/02\/ruba-cuori-01-300x300.jpg 300w, https:\/\/www.nuovabristot.com\/wp-content\/uploads\/2018\/02\/ruba-cuori-01-768x768.jpg 768w, https:\/\/www.nuovabristot.com\/wp-content\/uploads\/2018\/02\/ruba-cuori-01-550x550.jpg 550w, https:\/\/www.nuovabristot.com\/wp-content\/uploads\/2018\/02\/ruba-cuori-01.jpg 800w\" sizes=\"auto, (max-width: 400px) 100vw, 400px\" \/><div class=\"edgtf-pl-text\"><div class=\"edgtf-pl-text-outer\"><div class=\"edgtf-pl-text-inner\"><a href=\"\/de\/wp-json\/wp\/v2\/pages\/13526?add-to-cart=13445\" aria-describedby=\"woocommerce_loop_add_to_cart_link_describedby_13445\" data-quantity=\"1\" class=\"button product_type_simple add_to_cart_button ajax_add_to_cart\" data-product_id=\"13445\" data-product_sku=\"GC6\" aria-label=\"In den Warenkorb legen: \u201eRuba Cuori\u201c\" rel=\"nofollow\" data-success_message=\"\u201eRuba Cuori\u201c wurde deinem Warenkorb hinzugef\u00fcgt\" role=\"button\">In den Warenkorb<\/a>\t<span id=\"woocommerce_loop_add_to_cart_link_describedby_13445\" class=\"screen-reader-text\">\n\t\t\t<\/span>\n<\/div><\/div><\/div><\/div><a href=\"https:\/\/www.nuovabristot.com\/de\/prodotto\/rubacuori\/\" class=\"woocommerce-LoopProduct-link woocommerce-loop-product__link\"><\/a><\/div><div class=\"edgtf-pl-text-wrapper\">\t\t\t<p class=\"edgtf-pl-category\"><a href=\"https:\/\/www.nuovabristot.com\/de\/categoria-prodotto\/in-vendita-de\/\" rel=\"tag\">im Angebot<\/a>, <a href=\"https:\/\/www.nuovabristot.com\/de\/categoria-prodotto\/schokoglasur\/\" rel=\"tag\">Schokoglasur<\/a><\/p>\n\t\t<h6 class=\"edgtf-product-list-title\"><a href=\"https:\/\/www.nuovabristot.com\/de\/prodotto\/rubacuori\/\">Ruba Cuori<\/a><\/h6>\n\t<span class=\"price\"><span class=\"woocommerce-Price-amount amount\"><bdi>4,90<span class=\"woocommerce-Price-currencySymbol\">&euro;<\/span><\/bdi><\/span><\/span>\n<\/div>\t\t\t<input type=\"hidden\" class=\"pmwProductId\" data-id=\"13445\">\n\t\t\t\t\t<script>\n\t\t\t(window.pmwDataLayer = window.pmwDataLayer || {}).products                = window.pmwDataLayer.products || {};\n\t\t\twindow.pmwDataLayer.products[13445] = {\"id\":\"13445\",\"sku\":\"GC6\",\"price\":4.9000000000000003552713678800500929355621337890625,\"brand\":\"\",\"quantity\":1,\"dyn_r_ids\":{\"post_id\":\"13445\",\"sku\":\"GC6\",\"gpf\":\"woocommerce_gpf_13445\",\"gla\":\"gla_13445\"},\"is_variable\":false,\"type\":\"simple\",\"name\":\"Ruba Cuori\",\"category\":[\"im Angebot\",\"Schokoglasur\"],\"is_variation\":false};\n\t\t\t\t\twindow.pmw_product_position = window.pmw_product_position || 1;\n\t\twindow.pmwDataLayer.products[13445]['position'] = window.pmw_product_position++;\n\t\t\t\t<\/script>\n\t\t<\/li><li class=\"product type-product post-13446 status-publish last instock product_cat-in-vendita-de product_cat-schokoglasur has-post-thumbnail shipping-taxable purchasable product-type-simple\">\n\t<div class=\"edgtf-pl-inner\"><div class=\"edgtf-pl-image\"><img loading=\"lazy\" decoding=\"async\" width=\"400\" height=\"400\" src=\"https:\/\/www.nuovabristot.com\/wp-content\/uploads\/2018\/02\/ferri-di-cavallo-01-400x400.jpg\" class=\"attachment-woocommerce_thumbnail size-woocommerce_thumbnail\" alt=\"Ferri Ciok\" srcset=\"https:\/\/www.nuovabristot.com\/wp-content\/uploads\/2018\/02\/ferri-di-cavallo-01-400x400.jpg 400w, https:\/\/www.nuovabristot.com\/wp-content\/uploads\/2018\/02\/ferri-di-cavallo-01-200x200.jpg 200w, https:\/\/www.nuovabristot.com\/wp-content\/uploads\/2018\/02\/ferri-di-cavallo-01.jpg 800w, https:\/\/www.nuovabristot.com\/wp-content\/uploads\/2018\/02\/ferri-di-cavallo-01-150x150.jpg 150w, https:\/\/www.nuovabristot.com\/wp-content\/uploads\/2018\/02\/ferri-di-cavallo-01-300x300.jpg 300w, https:\/\/www.nuovabristot.com\/wp-content\/uploads\/2018\/02\/ferri-di-cavallo-01-768x768.jpg 768w, https:\/\/www.nuovabristot.com\/wp-content\/uploads\/2018\/02\/ferri-di-cavallo-01-550x550.jpg 550w\" sizes=\"auto, (max-width: 400px) 100vw, 400px\" \/><div class=\"edgtf-pl-text\"><div class=\"edgtf-pl-text-outer\"><div class=\"edgtf-pl-text-inner\"><a href=\"\/de\/wp-json\/wp\/v2\/pages\/13526?add-to-cart=13446\" aria-describedby=\"woocommerce_loop_add_to_cart_link_describedby_13446\" data-quantity=\"1\" class=\"button product_type_simple add_to_cart_button ajax_add_to_cart\" data-product_id=\"13446\" data-product_sku=\"GC4\" aria-label=\"In den Warenkorb legen: \u201eFerri Ciok\u201c\" rel=\"nofollow\" data-success_message=\"\u201eFerri Ciok\u201c wurde deinem Warenkorb hinzugef\u00fcgt\" role=\"button\">In den Warenkorb<\/a>\t<span id=\"woocommerce_loop_add_to_cart_link_describedby_13446\" class=\"screen-reader-text\">\n\t\t\t<\/span>\n<\/div><\/div><\/div><\/div><a href=\"https:\/\/www.nuovabristot.com\/de\/prodotto\/ferri-ciock\/\" class=\"woocommerce-LoopProduct-link woocommerce-loop-product__link\"><\/a><\/div><div class=\"edgtf-pl-text-wrapper\">\t\t\t<p class=\"edgtf-pl-category\"><a href=\"https:\/\/www.nuovabristot.com\/de\/categoria-prodotto\/in-vendita-de\/\" rel=\"tag\">im Angebot<\/a>, <a href=\"https:\/\/www.nuovabristot.com\/de\/categoria-prodotto\/schokoglasur\/\" rel=\"tag\">Schokoglasur<\/a><\/p>\n\t\t<h6 class=\"edgtf-product-list-title\"><a href=\"https:\/\/www.nuovabristot.com\/de\/prodotto\/ferri-ciock\/\">Ferri Ciok<\/a><\/h6>\n\t<span class=\"price\"><span class=\"woocommerce-Price-amount amount\"><bdi>4,90<span class=\"woocommerce-Price-currencySymbol\">&euro;<\/span><\/bdi><\/span><\/span>\n<\/div>\t\t\t<input type=\"hidden\" class=\"pmwProductId\" data-id=\"13446\">\n\t\t\t\t\t<script>\n\t\t\t(window.pmwDataLayer = window.pmwDataLayer || {}).products                = window.pmwDataLayer.products || {};\n\t\t\twindow.pmwDataLayer.products[13446] = {\"id\":\"13446\",\"sku\":\"GC4\",\"price\":4.9000000000000003552713678800500929355621337890625,\"brand\":\"\",\"quantity\":1,\"dyn_r_ids\":{\"post_id\":\"13446\",\"sku\":\"GC4\",\"gpf\":\"woocommerce_gpf_13446\",\"gla\":\"gla_13446\"},\"is_variable\":false,\"type\":\"simple\",\"name\":\"Ferri Ciok\",\"category\":[\"im Angebot\",\"Schokoglasur\"],\"is_variation\":false};\n\t\t\t\t\twindow.pmw_product_position = window.pmw_product_position || 1;\n\t\twindow.pmwDataLayer.products[13446]['position'] = window.pmw_product_position++;\n\t\t\t\t<\/script>\n\t\t<\/li><li class=\"product type-product post-14233 status-publish first instock product_cat-in-vendita-de product_cat-muerbeteig product_cat-schokoglasur has-post-thumbnail shipping-taxable purchasable product-type-simple\">\n\t<div class=\"edgtf-pl-inner\"><div class=\"edgtf-pl-image\"><img loading=\"lazy\" decoding=\"async\" width=\"400\" height=\"400\" src=\"https:\/\/www.nuovabristot.com\/wp-content\/uploads\/2019\/04\/cantuccini-mandorla-400x400.jpg\" class=\"attachment-woocommerce_thumbnail size-woocommerce_thumbnail\" alt=\"Cantuccini Tuffati\" srcset=\"https:\/\/www.nuovabristot.com\/wp-content\/uploads\/2019\/04\/cantuccini-mandorla-400x400.jpg 400w, https:\/\/www.nuovabristot.com\/wp-content\/uploads\/2019\/04\/cantuccini-mandorla-200x200.jpg 200w, https:\/\/www.nuovabristot.com\/wp-content\/uploads\/2019\/04\/cantuccini-mandorla-150x150.jpg 150w, https:\/\/www.nuovabristot.com\/wp-content\/uploads\/2019\/04\/cantuccini-mandorla-300x300.jpg 300w, https:\/\/www.nuovabristot.com\/wp-content\/uploads\/2019\/04\/cantuccini-mandorla-768x768.jpg 768w, https:\/\/www.nuovabristot.com\/wp-content\/uploads\/2019\/04\/cantuccini-mandorla-550x550.jpg 550w, https:\/\/www.nuovabristot.com\/wp-content\/uploads\/2019\/04\/cantuccini-mandorla.jpg 800w\" sizes=\"auto, (max-width: 400px) 100vw, 400px\" \/><div class=\"edgtf-pl-text\"><div class=\"edgtf-pl-text-outer\"><div class=\"edgtf-pl-text-inner\"><a href=\"\/de\/wp-json\/wp\/v2\/pages\/13526?add-to-cart=14233\" aria-describedby=\"woocommerce_loop_add_to_cart_link_describedby_14233\" data-quantity=\"1\" class=\"button product_type_simple add_to_cart_button ajax_add_to_cart\" data-product_id=\"14233\" data-product_sku=\"GC1\" aria-label=\"In den Warenkorb legen: \u201eCantuccini Tuffati\u201c\" rel=\"nofollow\" data-success_message=\"\u201eCantuccini Tuffati\u201c wurde deinem Warenkorb hinzugef\u00fcgt\" role=\"button\">In den Warenkorb<\/a>\t<span id=\"woocommerce_loop_add_to_cart_link_describedby_14233\" class=\"screen-reader-text\">\n\t\t\t<\/span>\n<\/div><\/div><\/div><\/div><a href=\"https:\/\/www.nuovabristot.com\/de\/prodotto\/cantuccini-mandorla-tuffati\/\" class=\"woocommerce-LoopProduct-link woocommerce-loop-product__link\"><\/a><\/div><div class=\"edgtf-pl-text-wrapper\">\t\t\t<p class=\"edgtf-pl-category\"><a href=\"https:\/\/www.nuovabristot.com\/de\/categoria-prodotto\/in-vendita-de\/\" rel=\"tag\">im Angebot<\/a>, <a href=\"https:\/\/www.nuovabristot.com\/de\/categoria-prodotto\/muerbeteig\/\" rel=\"tag\">M\u00fcrbeteig<\/a>, <a href=\"https:\/\/www.nuovabristot.com\/de\/categoria-prodotto\/schokoglasur\/\" rel=\"tag\">Schokoglasur<\/a><\/p>\n\t\t<h6 class=\"edgtf-product-list-title\"><a href=\"https:\/\/www.nuovabristot.com\/de\/prodotto\/cantuccini-mandorla-tuffati\/\">Cantuccini Tuffati<\/a><\/h6>\n\t<span class=\"price\"><span class=\"woocommerce-Price-amount amount\"><bdi>4,90<span class=\"woocommerce-Price-currencySymbol\">&euro;<\/span><\/bdi><\/span><\/span>\n<\/div>\t\t\t<input type=\"hidden\" class=\"pmwProductId\" data-id=\"14233\">\n\t\t\t\t\t<script>\n\t\t\t(window.pmwDataLayer = window.pmwDataLayer || {}).products                = window.pmwDataLayer.products || {};\n\t\t\twindow.pmwDataLayer.products[14233] = {\"id\":\"14233\",\"sku\":\"GC1\",\"price\":4.9000000000000003552713678800500929355621337890625,\"brand\":\"\",\"quantity\":1,\"dyn_r_ids\":{\"post_id\":\"14233\",\"sku\":\"GC1\",\"gpf\":\"woocommerce_gpf_14233\",\"gla\":\"gla_14233\"},\"is_variable\":false,\"type\":\"simple\",\"name\":\"Cantuccini Tuffati\",\"category\":[\"im Angebot\",\"M\u00fcrbeteig\",\"Schokoglasur\"],\"is_variation\":false};\n\t\t\t\t\twindow.pmw_product_position = window.pmw_product_position || 1;\n\t\twindow.pmwDataLayer.products[14233]['position'] = window.pmw_product_position++;\n\t\t\t\t<\/script>\n\t\t<\/li><\/ul>\n<\/div>[\/vc_column][\/vc_row]<\/p>\n<\/section>","protected":false},"excerpt":{"rendered":"<p>[vc_row][vc_column][vc_column_text css=&#8220;.vc_custom_1525091950374{margin-top: 30px !important;}&#8220;]Die Schokolade, die wir so h\u00e4ufig in unseren traditionellen Rezepten verwenden, hat eigentlich exotische und ferne Urspr\u00fcnge. Die aus S\u00fcdamerika stammende Kakaopflanze wurde von den Maya f\u00fcr scharfe Getr\u00e4nke verwendet, die Adeligen und Soldaten vorbehalten waren. In [&hellip;]<\/p>\n","protected":false},"author":1,"featured_media":0,"parent":0,"menu_order":0,"comment_status":"closed","ping_status":"closed","template":"","meta":{"footnotes":""},"class_list":["post-13526","page","type-page","status-publish","hentry"],"yoast_head":"<!-- This site is optimized with the Yoast SEO plugin v27.3 - https:\/\/yoast.com\/product\/yoast-seo-wordpress\/ -->\n<title>Schokoglasur | Pasticceria artigianale Bristot<\/title>\n<meta name=\"robots\" content=\"index, follow, max-snippet:-1, max-image-preview:large, max-video-preview:-1\" \/>\n<link rel=\"canonical\" href=\"https:\/\/www.nuovabristot.com\/de\/schokoglasur\/\" \/>\n<meta property=\"og:locale\" content=\"de_DE\" \/>\n<meta property=\"og:type\" content=\"article\" \/>\n<meta property=\"og:title\" content=\"Schokoglasur | Pasticceria artigianale Bristot\" \/>\n<meta property=\"og:description\" content=\"[vc_row][vc_column][vc_column_text css=&#8220;.vc_custom_1525091950374{margin-top: 30px !important;}&#8220;]Die Schokolade, die wir so h\u00e4ufig in unseren traditionellen Rezepten verwenden, hat eigentlich exotische und ferne Urspr\u00fcnge. Die aus S\u00fcdamerika stammende Kakaopflanze wurde von den Maya f\u00fcr scharfe Getr\u00e4nke verwendet, die Adeligen und Soldaten vorbehalten waren. In [&hellip;]\" \/>\n<meta property=\"og:url\" content=\"https:\/\/www.nuovabristot.com\/de\/schokoglasur\/\" \/>\n<meta property=\"og:site_name\" content=\"Pasticceria artigianale Bristot\" \/>\n<meta property=\"article:publisher\" content=\"https:\/\/www.facebook.com\/Bristot-Pasticceria-1593771654184740\/\" \/>\n<meta property=\"article:modified_time\" content=\"2025-09-12T14:12:56+00:00\" \/>\n<meta name=\"twitter:card\" content=\"summary_large_image\" \/>\n<meta name=\"twitter:label1\" content=\"Gesch\u00e4tzte Lesezeit\" \/>\n\t<meta name=\"twitter:data1\" content=\"1\u00a0Minute\" \/>\n<script type=\"application\/ld+json\" class=\"yoast-schema-graph\">{\"@context\":\"https:\\\/\\\/schema.org\",\"@graph\":[{\"@type\":\"WebPage\",\"@id\":\"https:\\\/\\\/www.nuovabristot.com\\\/de\\\/schokoglasur\\\/\",\"url\":\"https:\\\/\\\/www.nuovabristot.com\\\/de\\\/schokoglasur\\\/\",\"name\":\"Schokoglasur | Pasticceria artigianale Bristot\",\"isPartOf\":{\"@id\":\"https:\\\/\\\/www.nuovabristot.com\\\/#website\"},\"datePublished\":\"2018-04-30T12:39:22+00:00\",\"dateModified\":\"2025-09-12T14:12:56+00:00\",\"breadcrumb\":{\"@id\":\"https:\\\/\\\/www.nuovabristot.com\\\/de\\\/schokoglasur\\\/#breadcrumb\"},\"inLanguage\":\"de\",\"potentialAction\":[{\"@type\":\"ReadAction\",\"target\":[\"https:\\\/\\\/www.nuovabristot.com\\\/de\\\/schokoglasur\\\/\"]}]},{\"@type\":\"BreadcrumbList\",\"@id\":\"https:\\\/\\\/www.nuovabristot.com\\\/de\\\/schokoglasur\\\/#breadcrumb\",\"itemListElement\":[{\"@type\":\"ListItem\",\"position\":1,\"name\":\"Home\",\"item\":\"https:\\\/\\\/www.nuovabristot.com\\\/de\\\/\"},{\"@type\":\"ListItem\",\"position\":2,\"name\":\"Schokoglasur\"}]},{\"@type\":\"WebSite\",\"@id\":\"https:\\\/\\\/www.nuovabristot.com\\\/#website\",\"url\":\"https:\\\/\\\/www.nuovabristot.com\\\/\",\"name\":\"Pasticceria artigianale Bristot\",\"description\":\"Bont&agrave; dolci e salate della tradizione Toscana\",\"publisher\":{\"@id\":\"https:\\\/\\\/www.nuovabristot.com\\\/#organization\"},\"potentialAction\":[{\"@type\":\"SearchAction\",\"target\":{\"@type\":\"EntryPoint\",\"urlTemplate\":\"https:\\\/\\\/www.nuovabristot.com\\\/?s={search_term_string}\"},\"query-input\":{\"@type\":\"PropertyValueSpecification\",\"valueRequired\":true,\"valueName\":\"search_term_string\"}}],\"inLanguage\":\"de\"},{\"@type\":\"Organization\",\"@id\":\"https:\\\/\\\/www.nuovabristot.com\\\/#organization\",\"name\":\"Pasticceria artigianale Bristot - vendita biscotti online\",\"url\":\"https:\\\/\\\/www.nuovabristot.com\\\/\",\"logo\":{\"@type\":\"ImageObject\",\"inLanguage\":\"de\",\"@id\":\"https:\\\/\\\/www.nuovabristot.com\\\/#\\\/schema\\\/logo\\\/image\\\/\",\"url\":\"https:\\\/\\\/www.nuovabristot.com\\\/wp-content\\\/uploads\\\/2018\\\/02\\\/logo.png\",\"contentUrl\":\"https:\\\/\\\/www.nuovabristot.com\\\/wp-content\\\/uploads\\\/2018\\\/02\\\/logo.png\",\"width\":560,\"height\":310,\"caption\":\"Pasticceria artigianale Bristot - vendita biscotti online\"},\"image\":{\"@id\":\"https:\\\/\\\/www.nuovabristot.com\\\/#\\\/schema\\\/logo\\\/image\\\/\"},\"sameAs\":[\"https:\\\/\\\/www.facebook.com\\\/Bristot-Pasticceria-1593771654184740\\\/\"]}]}<\/script>\n<!-- \/ Yoast SEO plugin. -->","yoast_head_json":{"title":"Schokoglasur | Pasticceria artigianale Bristot","robots":{"index":"index","follow":"follow","max-snippet":"max-snippet:-1","max-image-preview":"max-image-preview:large","max-video-preview":"max-video-preview:-1"},"canonical":"https:\/\/www.nuovabristot.com\/de\/schokoglasur\/","og_locale":"de_DE","og_type":"article","og_title":"Schokoglasur | Pasticceria artigianale Bristot","og_description":"[vc_row][vc_column][vc_column_text css=&#8220;.vc_custom_1525091950374{margin-top: 30px !important;}&#8220;]Die Schokolade, die wir so h\u00e4ufig in unseren traditionellen Rezepten verwenden, hat eigentlich exotische und ferne Urspr\u00fcnge. Die aus S\u00fcdamerika stammende Kakaopflanze wurde von den Maya f\u00fcr scharfe Getr\u00e4nke verwendet, die Adeligen und Soldaten vorbehalten waren. In [&hellip;]","og_url":"https:\/\/www.nuovabristot.com\/de\/schokoglasur\/","og_site_name":"Pasticceria artigianale Bristot","article_publisher":"https:\/\/www.facebook.com\/Bristot-Pasticceria-1593771654184740\/","article_modified_time":"2025-09-12T14:12:56+00:00","twitter_card":"summary_large_image","twitter_misc":{"Gesch\u00e4tzte Lesezeit":"1\u00a0Minute"},"schema":{"@context":"https:\/\/schema.org","@graph":[{"@type":"WebPage","@id":"https:\/\/www.nuovabristot.com\/de\/schokoglasur\/","url":"https:\/\/www.nuovabristot.com\/de\/schokoglasur\/","name":"Schokoglasur | Pasticceria artigianale Bristot","isPartOf":{"@id":"https:\/\/www.nuovabristot.com\/#website"},"datePublished":"2018-04-30T12:39:22+00:00","dateModified":"2025-09-12T14:12:56+00:00","breadcrumb":{"@id":"https:\/\/www.nuovabristot.com\/de\/schokoglasur\/#breadcrumb"},"inLanguage":"de","potentialAction":[{"@type":"ReadAction","target":["https:\/\/www.nuovabristot.com\/de\/schokoglasur\/"]}]},{"@type":"BreadcrumbList","@id":"https:\/\/www.nuovabristot.com\/de\/schokoglasur\/#breadcrumb","itemListElement":[{"@type":"ListItem","position":1,"name":"Home","item":"https:\/\/www.nuovabristot.com\/de\/"},{"@type":"ListItem","position":2,"name":"Schokoglasur"}]},{"@type":"WebSite","@id":"https:\/\/www.nuovabristot.com\/#website","url":"https:\/\/www.nuovabristot.com\/","name":"Pasticceria artigianale Bristot","description":"Bont&agrave; dolci e salate della tradizione Toscana","publisher":{"@id":"https:\/\/www.nuovabristot.com\/#organization"},"potentialAction":[{"@type":"SearchAction","target":{"@type":"EntryPoint","urlTemplate":"https:\/\/www.nuovabristot.com\/?s={search_term_string}"},"query-input":{"@type":"PropertyValueSpecification","valueRequired":true,"valueName":"search_term_string"}}],"inLanguage":"de"},{"@type":"Organization","@id":"https:\/\/www.nuovabristot.com\/#organization","name":"Pasticceria artigianale Bristot - vendita biscotti online","url":"https:\/\/www.nuovabristot.com\/","logo":{"@type":"ImageObject","inLanguage":"de","@id":"https:\/\/www.nuovabristot.com\/#\/schema\/logo\/image\/","url":"https:\/\/www.nuovabristot.com\/wp-content\/uploads\/2018\/02\/logo.png","contentUrl":"https:\/\/www.nuovabristot.com\/wp-content\/uploads\/2018\/02\/logo.png","width":560,"height":310,"caption":"Pasticceria artigianale Bristot - vendita biscotti online"},"image":{"@id":"https:\/\/www.nuovabristot.com\/#\/schema\/logo\/image\/"},"sameAs":["https:\/\/www.facebook.com\/Bristot-Pasticceria-1593771654184740\/"]}]}},"_links":{"self":[{"href":"https:\/\/www.nuovabristot.com\/de\/wp-json\/wp\/v2\/pages\/13526","targetHints":{"allow":["GET"]}}],"collection":[{"href":"https:\/\/www.nuovabristot.com\/de\/wp-json\/wp\/v2\/pages"}],"about":[{"href":"https:\/\/www.nuovabristot.com\/de\/wp-json\/wp\/v2\/types\/page"}],"author":[{"embeddable":true,"href":"https:\/\/www.nuovabristot.com\/de\/wp-json\/wp\/v2\/users\/1"}],"replies":[{"embeddable":true,"href":"https:\/\/www.nuovabristot.com\/de\/wp-json\/wp\/v2\/comments?post=13526"}],"version-history":[{"count":3,"href":"https:\/\/www.nuovabristot.com\/de\/wp-json\/wp\/v2\/pages\/13526\/revisions"}],"predecessor-version":[{"id":15729,"href":"https:\/\/www.nuovabristot.com\/de\/wp-json\/wp\/v2\/pages\/13526\/revisions\/15729"}],"wp:attachment":[{"href":"https:\/\/www.nuovabristot.com\/de\/wp-json\/wp\/v2\/media?parent=13526"}],"curies":[{"name":"wp","href":"https:\/\/api.w.org\/{rel}","templated":true}]}}